{"id":3825,"date":"2024-10-01T17:14:10","date_gmt":"2024-10-01T15:14:10","guid":{"rendered":"https:\/\/amsbiopharma.com\/drug-impurities\/"},"modified":"2024-10-17T11:17:52","modified_gmt":"2024-10-17T09:17:52","slug":"impurezas-de-medicamentos","status":"publish","type":"page","link":"https:\/\/amsbiopharma.com\/es\/impurezas-de-medicamentos\/","title":{"rendered":"Impurezas de medicamentos"},"content":{"rendered":"\t\t<div data-elementor-type=\"wp-page\" data-elementor-id=\"3825\" class=\"elementor elementor-3825 elementor-512\" data-elementor-post-type=\"page\">\n\t\t\t\t<div class=\"elementor-element elementor-element-529808f1 e-flex e-con-boxed e-con e-parent\" data-id=\"529808f1\" data-element_type=\"container\" data-e-type=\"container\">\n\t\t\t\t\t<div class=\"e-con-inner\">\n\t\t<div class=\"elementor-element elementor-element-14eb4db2 e-con-full e-flex e-con e-child\" data-id=\"14eb4db2\" data-element_type=\"container\" data-e-type=\"container\" data-settings=\"{&quot;background_background&quot;:&quot;classic&quot;}\">\n\t\t<div class=\"elementor-element elementor-element-319d4074 e-con-full e-flex e-con e-child\" data-id=\"319d4074\" data-element_type=\"container\" data-e-type=\"container\">\n\t\t\t\t<div class=\"elementor-element elementor-element-16b20f57 elementor-widget elementor-widget-heading\" data-id=\"16b20f57\" data-element_type=\"widget\" data-e-type=\"widget\" data-widget_type=\"heading.default\">\n\t\t\t\t<div class=\"elementor-widget-container\">\n\t\t\t\t\t<h2 class=\"elementor-heading-title elementor-size-default\">Control de calidad<\/h2>\t\t\t\t<\/div>\n\t\t\t\t<\/div>\n\t\t\t\t<\/div>\n\t\t<div class=\"elementor-element elementor-element-60b2c649 e-con-full e-flex e-con e-child\" data-id=\"60b2c649\" data-element_type=\"container\" data-e-type=\"container\">\n\t\t\t\t<div class=\"elementor-element elementor-element-2cbb9077 elementor-widget elementor-widget-text-editor\" data-id=\"2cbb9077\" data-element_type=\"widget\" data-e-type=\"widget\" data-widget_type=\"text-editor.default\">\n\t\t\t\t<div class=\"elementor-widget-container\">\n\t\t\t\t\t\t\t\t\t<p>En AMSbiopharma, ofrecemos servicios especializados de control de calidad para garantizar la seguridad y eficacia de productos farmac\u00e9uticos. Desde el an\u00e1lisis de impurezas de f\u00e1rmacos hasta pruebas biofarmac\u00e9uticas basadas en prote\u00ednas y \u00e1cidos nucleicos, utilizamos t\u00e9cnicas avanzadas como UPLC-MS\/MS e ICP-MS para cumplir con los m\u00e1s altos est\u00e1ndares de la industria y los requisitos regulatorios.<\/p>\t\t\t\t\t\t\t\t<\/div>\n\t\t\t\t<\/div>\n\t\t\t\t<\/div>\n\t\t\t\t<\/div>\n\t\t<div class=\"elementor-element elementor-element-680db4f1 e-con-full e-flex e-con e-child\" data-id=\"680db4f1\" data-element_type=\"container\" data-e-type=\"container\" data-settings=\"{&quot;background_background&quot;:&quot;video&quot;}\">\n\t\t<div class=\"elementor-element elementor-element-7c5d6103 e-con-full e-flex e-con e-child\" data-id=\"7c5d6103\" data-element_type=\"container\" data-e-type=\"container\" data-settings=\"{&quot;background_background&quot;:&quot;video&quot;,&quot;background_video_link&quot;:&quot;https:\\\/\\\/amsbiopharma.com\\\/wp-content\\\/uploads\\\/Clip10_Bioanalysis_Biomarkers.mp4&quot;,&quot;background_play_on_mobile&quot;:&quot;yes&quot;,&quot;background_video_start&quot;:0,&quot;background_video_end&quot;:40,&quot;background_play_once&quot;:&quot;yes&quot;}\">\n\t\t<div class=\"elementor-background-video-container\">\n\t\t\t\t\t\t\t<video class=\"elementor-background-video-hosted\" role=\"presentation\" autoplay muted playsinline><\/video>\n\t\t\t\t\t<\/div>\t\t<\/div>\n\t\t\t\t<\/div>\n\t\t\t\t\t<\/div>\n\t\t\t\t<\/div>\n\t\t<div class=\"elementor-element elementor-element-dbaef48 e-flex e-con-boxed e-con e-parent\" data-id=\"dbaef48\" data-element_type=\"container\" data-e-type=\"container\" data-settings=\"{&quot;background_background&quot;:&quot;classic&quot;}\">\n\t\t\t\t\t<div class=\"e-con-inner\">\n\t\t<div class=\"elementor-element elementor-element-f21da2b e-con-full e-flex e-con e-child\" data-id=\"f21da2b\" data-element_type=\"container\" data-e-type=\"container\">\n\t\t\t\t<div class=\"elementor-element elementor-element-b8a6d92 elementor-widget elementor-widget-heading\" data-id=\"b8a6d92\" data-element_type=\"widget\" data-e-type=\"widget\" data-widget_type=\"heading.default\">\n\t\t\t\t<div class=\"elementor-widget-container\">\n\t\t\t\t\t<h2 class=\"elementor-heading-title elementor-size-default\">Impurezas de medicamentos<\/h2>\t\t\t\t<\/div>\n\t\t\t\t<\/div>\n\t\t\t\t<div class=\"elementor-element elementor-element-de319d2 elementor-widget elementor-widget-text-editor\" data-id=\"de319d2\" data-element_type=\"widget\" data-e-type=\"widget\" data-widget_type=\"text-editor.default\">\n\t\t\t\t<div class=\"elementor-widget-container\">\n\t\t\t\t\t\t\t\t\t<p>Las impurezas en sustancias farmac\u00e9uticas o productos farmac\u00e9uticos son cualquier sustancia qu\u00edmica que no es el Ingrediente Farmac\u00e9utico Activo (API) ni un excipiente, y pueden afectar la seguridad y eficacia del medicamento. Su identificaci\u00f3n, cuantificaci\u00f3n y control son cr\u00edticos a lo largo del proceso de desarrollo del medicamento, ya que pueden surgir de materiales, subproductos, degradaci\u00f3n o envases.<\/p><p>AMSbiopharma se especializa en el an\u00e1lisis de impurezas de nitrosamina, ayudando a los clientes a garantizar el cumplimiento de los umbrales regulatorios de ingesta diaria para estos posibles carcin\u00f3genos. Tambi\u00e9n ofrecemos m\u00e9todos avanzados para detectar NDSRIs (Nitrosaminas Derivadas de Sustancias Relacionadas con Ingredientes), una preocupaci\u00f3n creciente en la seguridad farmac\u00e9utica, asegurando que sus productos cumplan con los m\u00e1s altos est\u00e1ndares.<\/p>\t\t\t\t\t\t\t\t<\/div>\n\t\t\t\t<\/div>\n\t\t\t\t<\/div>\n\t\t<div class=\"elementor-element elementor-element-f1f6812 e-con-full e-flex e-con e-child\" data-id=\"f1f6812\" data-element_type=\"container\" data-e-type=\"container\">\n\t\t\t\t<div class=\"elementor-element elementor-element-1f08986 elementor-widget elementor-widget-image\" data-id=\"1f08986\" data-element_type=\"widget\" data-e-type=\"widget\" data-widget_type=\"image.default\">\n\t\t\t\t<div class=\"elementor-widget-container\">\n\t\t\t\t\t\t\t\t\t\t\t\t\t\t\t<img fetchpriority=\"high\" decoding=\"async\" width=\"901\" height=\"772\" src=\"https:\/\/amsbiopharma.com\/wp-content\/uploads\/di.png\" class=\"attachment-large size-large wp-image-3644\" alt=\"\" srcset=\"https:\/\/amsbiopharma.com\/wp-content\/uploads\/di.png 901w, https:\/\/amsbiopharma.com\/wp-content\/uploads\/di-300x257.png 300w, https:\/\/amsbiopharma.com\/wp-content\/uploads\/di-768x658.png 768w\" sizes=\"(max-width: 901px) 100vw, 901px\" \/>\t\t\t\t\t\t\t\t\t\t\t\t\t\t\t<\/div>\n\t\t\t\t<\/div>\n\t\t\t\t<\/div>\n\t\t\t\t\t<\/div>\n\t\t\t\t<\/div>\n\t\t<div class=\"elementor-element elementor-element-c765443 e-flex e-con-boxed e-con e-parent\" data-id=\"c765443\" data-element_type=\"container\" data-e-type=\"container\" data-settings=\"{&quot;background_background&quot;:&quot;classic&quot;}\">\n\t\t\t\t\t<div class=\"e-con-inner\">\n\t\t<div class=\"elementor-element elementor-element-febe223 e-con-full e-flex e-con e-child\" data-id=\"febe223\" data-element_type=\"container\" data-e-type=\"container\" data-settings=\"{&quot;background_background&quot;:&quot;classic&quot;}\">\n\t\t\t\t<div class=\"elementor-element elementor-element-b27821e elementor-widget elementor-widget-heading\" data-id=\"b27821e\" data-element_type=\"widget\" data-e-type=\"widget\" data-widget_type=\"heading.default\">\n\t\t\t\t<div class=\"elementor-widget-container\">\n\t\t\t\t\t<h2 class=\"elementor-heading-title elementor-size-default\">Servicios Relacionados<\/h2>\t\t\t\t<\/div>\n\t\t\t\t<\/div>\n\t\t<div class=\"elementor-element elementor-element-2912e61 e-con-full e-flex e-con e-child\" data-id=\"2912e61\" data-element_type=\"container\" data-e-type=\"container\">\n\t\t<div class=\"elementor-element elementor-element-fda3a8c e-grid e-con-full e-con e-child\" data-id=\"fda3a8c\" data-element_type=\"container\" data-e-type=\"container\">\n\t\t\t\t<div class=\"elementor-element elementor-element-58fa1f1 elementor-widget elementor-widget-text-editor\" data-id=\"58fa1f1\" data-element_type=\"widget\" data-e-type=\"widget\" data-widget_type=\"text-editor.default\">\n\t\t\t\t<div class=\"elementor-widget-container\">\n\t\t\t\t\t\t\t\t\t<p>Identificaci\u00f3n de impurezas de f\u00e1rmacos desconocidos<\/p>\t\t\t\t\t\t\t\t<\/div>\n\t\t\t\t<\/div>\n\t\t\t\t<div class=\"elementor-element elementor-element-88a7245 elementor-widget elementor-widget-text-editor\" data-id=\"88a7245\" data-element_type=\"widget\" data-e-type=\"widget\" data-widget_type=\"text-editor.default\">\n\t\t\t\t<div class=\"elementor-widget-container\">\n\t\t\t\t\t\t\t\t\t<p>UPLC-DAD-HRMS<\/p>\t\t\t\t\t\t\t\t<\/div>\n\t\t\t\t<\/div>\n\t\t\t\t<div class=\"elementor-element elementor-element-875a1ea elementor-widget elementor-widget-text-editor\" data-id=\"875a1ea\" data-element_type=\"widget\" data-e-type=\"widget\" data-widget_type=\"text-editor.default\">\n\t\t\t\t<div class=\"elementor-widget-container\">\n\t\t\t\t\t\t\t\t\t<p>Aislamiento de impurezas de medicamentos<\/p>\t\t\t\t\t\t\t\t<\/div>\n\t\t\t\t<\/div>\n\t\t\t\t<div class=\"elementor-element elementor-element-4dc9788 elementor-widget elementor-widget-text-editor\" data-id=\"4dc9788\" data-element_type=\"widget\" data-e-type=\"widget\" data-widget_type=\"text-editor.default\">\n\t\t\t\t<div class=\"elementor-widget-container\">\n\t\t\t\t\t\t\t\t\t<p>Prep-LC<\/p>\t\t\t\t\t\t\t\t<\/div>\n\t\t\t\t<\/div>\n\t\t\t\t<div class=\"elementor-element elementor-element-cfbaf80 elementor-widget elementor-widget-text-editor\" data-id=\"cfbaf80\" data-element_type=\"widget\" data-e-type=\"widget\" data-widget_type=\"text-editor.default\">\n\t\t\t\t<div class=\"elementor-widget-container\">\n\t\t\t\t\t\t\t\t\t<p>Cuantificaci\u00f3n de impurezas de medicamentos<\/p>\t\t\t\t\t\t\t\t<\/div>\n\t\t\t\t<\/div>\n\t\t\t\t<div class=\"elementor-element elementor-element-2c66815 elementor-widget elementor-widget-text-editor\" data-id=\"2c66815\" data-element_type=\"widget\" data-e-type=\"widget\" data-widget_type=\"text-editor.default\">\n\t\t\t\t<div class=\"elementor-widget-container\">\n\t\t\t\t\t\t\t\t\t<p>UPLC-MS\/MS and GC-MS\/MS<\/p>\t\t\t\t\t\t\t\t<\/div>\n\t\t\t\t<\/div>\n\t\t\t\t<div class=\"elementor-element elementor-element-1251cfe elementor-widget elementor-widget-text-editor\" data-id=\"1251cfe\" data-element_type=\"widget\" data-e-type=\"widget\" data-widget_type=\"text-editor.default\">\n\t\t\t\t<div class=\"elementor-widget-container\">\n\t\t\t\t\t\t\t\t\t<p>An\u00e1lisis de nitrosaminas<\/p>\t\t\t\t\t\t\t\t<\/div>\n\t\t\t\t<\/div>\n\t\t\t\t<div class=\"elementor-element elementor-element-d585c7d elementor-widget elementor-widget-text-editor\" data-id=\"d585c7d\" data-element_type=\"widget\" data-e-type=\"widget\" data-widget_type=\"text-editor.default\">\n\t\t\t\t<div class=\"elementor-widget-container\">\n\t\t\t\t\t\t\t\t\t<p>UPLC-MS\/MS and GC-MS\/MS<\/p>\t\t\t\t\t\t\t\t<\/div>\n\t\t\t\t<\/div>\n\t\t\t\t<div class=\"elementor-element elementor-element-b9f838f elementor-widget elementor-widget-text-editor\" data-id=\"b9f838f\" data-element_type=\"widget\" data-e-type=\"widget\" data-widget_type=\"text-editor.default\">\n\t\t\t\t<div class=\"elementor-widget-container\">\n\t\t\t\t\t\t\t\t\t<p>Extra\u00edbles<\/p>\t\t\t\t\t\t\t\t<\/div>\n\t\t\t\t<\/div>\n\t\t\t\t<div class=\"elementor-element elementor-element-ba85c5a elementor-widget elementor-widget-text-editor\" data-id=\"ba85c5a\" data-element_type=\"widget\" data-e-type=\"widget\" data-widget_type=\"text-editor.default\">\n\t\t\t\t<div class=\"elementor-widget-container\">\n\t\t\t\t\t\t\t\t\t<p>UPLC-HRMS, GC-MS\/MS and ICP-MS<\/p>\t\t\t\t\t\t\t\t<\/div>\n\t\t\t\t<\/div>\n\t\t\t\t<div class=\"elementor-element elementor-element-c73e2b8 elementor-widget elementor-widget-text-editor\" data-id=\"c73e2b8\" data-element_type=\"widget\" data-e-type=\"widget\" data-widget_type=\"text-editor.default\">\n\t\t\t\t<div class=\"elementor-widget-container\">\n\t\t\t\t\t\t\t\t\t<p>Lixiviables<\/p>\t\t\t\t\t\t\t\t<\/div>\n\t\t\t\t<\/div>\n\t\t\t\t<div class=\"elementor-element elementor-element-64033c3 elementor-widget elementor-widget-text-editor\" data-id=\"64033c3\" data-element_type=\"widget\" data-e-type=\"widget\" data-widget_type=\"text-editor.default\">\n\t\t\t\t<div class=\"elementor-widget-container\">\n\t\t\t\t\t\t\t\t\t<p>UPLC-HRMS, GC-MS\/MS and ICP-MS<\/p>\t\t\t\t\t\t\t\t<\/div>\n\t\t\t\t<\/div>\n\t\t\t\t<\/div>\n\t\t\t\t<\/div>\n\t\t\t\t<\/div>\n\t\t\t\t\t<\/div>\n\t\t\t\t<\/div>\n\t\t<div class=\"elementor-element elementor-element-7645832e e-con-full e-flex e-con e-parent\" data-id=\"7645832e\" data-element_type=\"container\" data-e-type=\"container\" id=\"discover-menu-container\">\n\t\t<div class=\"elementor-element elementor-element-1446ee73 e-con-full title-container e-flex e-con e-child\" data-id=\"1446ee73\" data-element_type=\"container\" data-e-type=\"container\">\n\t\t\t\t<div class=\"elementor-element elementor-element-1a2cbe6 elementor-widget elementor-widget-heading\" data-id=\"1a2cbe6\" data-element_type=\"widget\" data-e-type=\"widget\" data-widget_type=\"heading.default\">\n\t\t\t\t<div class=\"elementor-widget-container\">\n\t\t\t\t\t<h2 class=\"elementor-heading-title elementor-size-default\">Descubre<\/h2>\t\t\t\t<\/div>\n\t\t\t\t<\/div>\n\t\t\t\t<div class=\"elementor-element elementor-element-79645f08 elementor-widget elementor-widget-html\" data-id=\"79645f08\" data-element_type=\"widget\" data-e-type=\"widget\" data-widget_type=\"html.default\">\n\t\t\t\t<div class=\"elementor-widget-container\">\n\t\t\t\t\t<svg aria-hidden=\"true\" class=\"e-font-icon-svg e-fas-plus-circle\" viewBox=\"0 0 512 512\" xmlns=\"http:\/\/www.w3.org\/2000\/svg\"><path d=\"M256 8C119 8 8 119 8 256s111 248 248 248 248-111 248-248S393 8 256 8zm144 276c0 6.6-5.4 12-12 12h-92v92c0 6.6-5.4 12-12 12h-56c-6.6 0-12-5.4-12-12v-92h-92c-6.6 0-12-5.4-12-12v-56c0-6.6 5.4-12 12-12h92v-92c0-6.6 5.4-12 12-12h56c6.6 0 12 5.4 12 12v92h92c6.6 0 12 5.4 12 12v56z\"><\/path><\/svg>\t\t\t\t<\/div>\n\t\t\t\t<\/div>\n\t\t\t\t<\/div>\n\t\t\t\t<div class=\"elementor-element elementor-element-7c366ba6 elementor-nav-menu--dropdown-none discover-menu elementor-nav-menu__align-start elementor-widget__width-initial elementor-widget elementor-widget-nav-menu\" data-id=\"7c366ba6\" data-element_type=\"widget\" data-e-type=\"widget\" data-settings=\"{&quot;layout&quot;:&quot;vertical&quot;,&quot;submenu_icon&quot;:{&quot;value&quot;:&quot;&lt;svg aria-hidden=\\&quot;true\\&quot; class=\\&quot;e-font-icon-svg e-fas-caret-down\\&quot; viewBox=\\&quot;0 0 320 512\\&quot; xmlns=\\&quot;http:\\\/\\\/www.w3.org\\\/2000\\\/svg\\&quot;&gt;&lt;path d=\\&quot;M31.3 192h257.3c17.8 0 26.7 21.5 14.1 34.1L174.1 354.8c-7.8 7.8-20.5 7.8-28.3 0L17.2 226.1C4.6 213.5 13.5 192 31.3 192z\\&quot;&gt;&lt;\\\/path&gt;&lt;\\\/svg&gt;&quot;,&quot;library&quot;:&quot;fa-solid&quot;}}\" data-widget_type=\"nav-menu.default\">\n\t\t\t\t<div class=\"elementor-widget-container\">\n\t\t\t\t\t\t\t\t<nav aria-label=\"Men\u00fa\" class=\"elementor-nav-menu--main elementor-nav-menu__container elementor-nav-menu--layout-vertical e--pointer-underline e--animation-fade\">\n\t\t\t\t<ul id=\"menu-1-7c366ba6\" class=\"elementor-nav-menu sm-vertical\"><li class=\"menu-item menu-item-type-post_type menu-item-object-page menu-item-4099\"><a href=\"https:\/\/amsbiopharma.com\/es\/impurezas-de-medicamentos\/\" class=\"elementor-item\">Impurezas de medicamentos<\/a><\/li>\n<li class=\"menu-item menu-item-type-post_type menu-item-object-page menu-item-4100\"><a href=\"https:\/\/amsbiopharma.com\/es\/soporte-analitico\/\" class=\"elementor-item\">Soporte anal\u00edtico<\/a><\/li>\n<li class=\"menu-item menu-item-type-post_type menu-item-object-page menu-item-4101\"><a href=\"https:\/\/amsbiopharma.com\/es\/analisis-de-biofarmaceuticos-basados-en-proteinas\/\" class=\"elementor-item\">An\u00e1lisis de biofarma\u0301ceuticos basados en prote\u00ednas<\/a><\/li>\n<li class=\"menu-item menu-item-type-post_type menu-item-object-page menu-item-4102\"><a href=\"https:\/\/amsbiopharma.com\/es\/analisis-de-biofarmaceuticos-basados-en-acidos-nucleicos\/\" class=\"elementor-item\">An\u00e1lisis de biofarma\u0301ceuticos basados en \u00e1cidos nucleicos<\/a><\/li>\n<li class=\"menu-item menu-item-type-post_type menu-item-object-page menu-item-4103\"><a href=\"https:\/\/amsbiopharma.com\/es\/analisis-icp-ms\/\" class=\"elementor-item\">An\u00e1lisis ICP-MS<\/a><\/li>\n<li class=\"menu-item menu-item-type-post_type menu-item-object-page menu-item-4104\"><a href=\"https:\/\/amsbiopharma.com\/es\/control-de-calidad-y-estabilidades\/\" class=\"elementor-item\">Control de calidad y estabilidades<\/a><\/li>\n<li class=\"menu-item menu-item-type-post_type menu-item-object-page menu-item-4105\"><a href=\"https:\/\/amsbiopharma.com\/es\/control-microbiologico\/\" class=\"elementor-item\">Control microbiol\u00f3gico<\/a><\/li>\n<li class=\"menu-item menu-item-type-post_type menu-item-object-page menu-item-4106\"><a href=\"https:\/\/amsbiopharma.com\/es\/cannabis-medicinal\/\" class=\"elementor-item\">Cannabis medicinal<\/a><\/li>\n<\/ul>\t\t\t<\/nav>\n\t\t\t\t\t\t<nav class=\"elementor-nav-menu--dropdown elementor-nav-menu__container\" aria-hidden=\"true\">\n\t\t\t\t<ul id=\"menu-2-7c366ba6\" class=\"elementor-nav-menu sm-vertical\"><li class=\"menu-item menu-item-type-post_type menu-item-object-page menu-item-4099\"><a href=\"https:\/\/amsbiopharma.com\/es\/impurezas-de-medicamentos\/\" class=\"elementor-item\" tabindex=\"-1\">Impurezas de medicamentos<\/a><\/li>\n<li class=\"menu-item menu-item-type-post_type menu-item-object-page menu-item-4100\"><a href=\"https:\/\/amsbiopharma.com\/es\/soporte-analitico\/\" class=\"elementor-item\" tabindex=\"-1\">Soporte anal\u00edtico<\/a><\/li>\n<li class=\"menu-item menu-item-type-post_type menu-item-object-page menu-item-4101\"><a href=\"https:\/\/amsbiopharma.com\/es\/analisis-de-biofarmaceuticos-basados-en-proteinas\/\" class=\"elementor-item\" tabindex=\"-1\">An\u00e1lisis de biofarma\u0301ceuticos basados en prote\u00ednas<\/a><\/li>\n<li class=\"menu-item menu-item-type-post_type menu-item-object-page menu-item-4102\"><a href=\"https:\/\/amsbiopharma.com\/es\/analisis-de-biofarmaceuticos-basados-en-acidos-nucleicos\/\" class=\"elementor-item\" tabindex=\"-1\">An\u00e1lisis de biofarma\u0301ceuticos basados en \u00e1cidos nucleicos<\/a><\/li>\n<li class=\"menu-item menu-item-type-post_type menu-item-object-page menu-item-4103\"><a href=\"https:\/\/amsbiopharma.com\/es\/analisis-icp-ms\/\" class=\"elementor-item\" tabindex=\"-1\">An\u00e1lisis ICP-MS<\/a><\/li>\n<li class=\"menu-item menu-item-type-post_type menu-item-object-page menu-item-4104\"><a href=\"https:\/\/amsbiopharma.com\/es\/control-de-calidad-y-estabilidades\/\" class=\"elementor-item\" tabindex=\"-1\">Control de calidad y estabilidades<\/a><\/li>\n<li class=\"menu-item menu-item-type-post_type menu-item-object-page menu-item-4105\"><a href=\"https:\/\/amsbiopharma.com\/es\/control-microbiologico\/\" class=\"elementor-item\" tabindex=\"-1\">Control microbiol\u00f3gico<\/a><\/li>\n<li class=\"menu-item menu-item-type-post_type menu-item-object-page menu-item-4106\"><a href=\"https:\/\/amsbiopharma.com\/es\/cannabis-medicinal\/\" class=\"elementor-item\" tabindex=\"-1\">Cannabis medicinal<\/a><\/li>\n<\/ul>\t\t\t<\/nav>\n\t\t\t\t\t\t<\/div>\n\t\t\t\t<\/div>\n\t\t\t\t<\/div>\n\t\t\t\t<\/div>\n\t\t","protected":false},"excerpt":{"rendered":"<div class=\"entry-summary\">\nControl de calidad En AMSbiopharma, ofrecemos servicios especializados de control de calidad para garantizar la seguridad y eficacia de productos farmac\u00e9uticos. Desde el an\u00e1lisis de impurezas de f\u00e1rmacos hasta pruebas biofarmac\u00e9uticas basadas en prote\u00ednas y \u00e1cidos nucleicos, utilizamos t\u00e9cnicas avanzadas&hellip;\n<\/div>\n<div class=\"link-more\"><a href=\"https:\/\/amsbiopharma.com\/es\/impurezas-de-medicamentos\/\" class=\"more-link\">Continue reading<span class=\"screen-reader-text\"> &ldquo;Impurezas de medicamentos&rdquo;<\/span>&hellip;<\/a><\/div>\n","protected":false},"author":1,"featured_media":4763,"parent":0,"menu_order":0,"comment_status":"closed","ping_status":"closed","template":"elementor_header_footer","meta":{"footnotes":""},"class_list":["post-3825","page","type-page","status-publish","has-post-thumbnail","hentry","entry"],"_links":{"self":[{"href":"https:\/\/amsbiopharma.com\/es\/wp-json\/wp\/v2\/pages\/3825","targetHints":{"allow":["GET"]}}],"collection":[{"href":"https:\/\/amsbiopharma.com\/es\/wp-json\/wp\/v2\/pages"}],"about":[{"href":"https:\/\/amsbiopharma.com\/es\/wp-json\/wp\/v2\/types\/page"}],"author":[{"embeddable":true,"href":"https:\/\/amsbiopharma.com\/es\/wp-json\/wp\/v2\/users\/1"}],"replies":[{"embeddable":true,"href":"https:\/\/amsbiopharma.com\/es\/wp-json\/wp\/v2\/comments?post=3825"}],"version-history":[{"count":22,"href":"https:\/\/amsbiopharma.com\/es\/wp-json\/wp\/v2\/pages\/3825\/revisions"}],"predecessor-version":[{"id":4732,"href":"https:\/\/amsbiopharma.com\/es\/wp-json\/wp\/v2\/pages\/3825\/revisions\/4732"}],"wp:featuredmedia":[{"embeddable":true,"href":"https:\/\/amsbiopharma.com\/es\/wp-json\/wp\/v2\/media\/4763"}],"wp:attachment":[{"href":"https:\/\/amsbiopharma.com\/es\/wp-json\/wp\/v2\/media?parent=3825"}],"curies":[{"name":"wp","href":"https:\/\/api.w.org\/{rel}","templated":true}]}}