{"id":3864,"date":"2024-10-01T17:16:13","date_gmt":"2024-10-01T15:16:13","guid":{"rendered":"https:\/\/amsbiopharma.com\/analysis-of-nucleic-acid-based-biopharmaceuticals\/"},"modified":"2024-10-16T16:46:34","modified_gmt":"2024-10-16T14:46:34","slug":"analisis-de-biofarmaceuticos-basados-en-acidos-nucleicos","status":"publish","type":"page","link":"https:\/\/amsbiopharma.com\/es\/analisis-de-biofarmaceuticos-basados-en-acidos-nucleicos\/","title":{"rendered":"An\u00e1lisis de biofarma\u0301ceuticos basados en \u00e1cidos nucleicos"},"content":{"rendered":"\t\t<div data-elementor-type=\"wp-page\" data-elementor-id=\"3864\" class=\"elementor elementor-3864 elementor-521\" data-elementor-post-type=\"page\">\n\t\t\t\t<div class=\"elementor-element elementor-element-44b47249 e-flex e-con-boxed e-con e-parent\" data-id=\"44b47249\" data-element_type=\"container\" data-e-type=\"container\">\n\t\t\t\t\t<div class=\"e-con-inner\">\n\t\t<div class=\"elementor-element elementor-element-64c26c64 e-con-full e-flex e-con e-child\" data-id=\"64c26c64\" data-element_type=\"container\" data-e-type=\"container\" data-settings=\"{&quot;background_background&quot;:&quot;classic&quot;}\">\n\t\t<div class=\"elementor-element elementor-element-3491e946 e-con-full e-flex e-con e-child\" data-id=\"3491e946\" data-element_type=\"container\" data-e-type=\"container\">\n\t\t\t\t<div class=\"elementor-element elementor-element-3bbfbcd9 elementor-widget elementor-widget-heading\" data-id=\"3bbfbcd9\" data-element_type=\"widget\" data-e-type=\"widget\" data-widget_type=\"heading.default\">\n\t\t\t\t<div class=\"elementor-widget-container\">\n\t\t\t\t\t<h2 class=\"elementor-heading-title elementor-size-default\">Control de Calidad<\/h2>\t\t\t\t<\/div>\n\t\t\t\t<\/div>\n\t\t\t\t<\/div>\n\t\t<div class=\"elementor-element elementor-element-7c62b143 e-con-full e-flex e-con e-child\" data-id=\"7c62b143\" data-element_type=\"container\" data-e-type=\"container\">\n\t\t\t\t<div class=\"elementor-element elementor-element-50936c66 elementor-widget elementor-widget-text-editor\" data-id=\"50936c66\" data-element_type=\"widget\" data-e-type=\"widget\" data-widget_type=\"text-editor.default\">\n\t\t\t\t<div class=\"elementor-widget-container\">\n\t\t\t\t\t\t\t\t\t<p>En AMSbiopharma, ofrecemos servicios de control de calidad especializados para garantizar la seguridad y eficacia de los productos farmac\u00e9uticos. Desde el an\u00e1lisis de impurezas de medicamentos hasta pruebas de biopharma\u0301ceuticos basadas en prote\u00ednas y \u00e1cidos nucleicos, utilizamos t\u00e9cnicas avanzadas como UPLC-MS\/MS e ICP-MS para cumplir con los m\u00e1s altos est\u00e1ndares de la industria y los requisitos regulatorios.<\/p>\t\t\t\t\t\t\t\t<\/div>\n\t\t\t\t<\/div>\n\t\t\t\t<\/div>\n\t\t\t\t<\/div>\n\t\t<div class=\"elementor-element elementor-element-1a75a43d e-con-full e-flex e-con e-child\" data-id=\"1a75a43d\" data-element_type=\"container\" data-e-type=\"container\" data-settings=\"{&quot;background_background&quot;:&quot;video&quot;}\">\n\t\t<div class=\"elementor-element elementor-element-76cd4566 e-con-full e-flex e-con e-child\" data-id=\"76cd4566\" data-element_type=\"container\" data-e-type=\"container\" data-settings=\"{&quot;background_background&quot;:&quot;video&quot;,&quot;background_video_link&quot;:&quot;https:\\\/\\\/amsbiopharma.com\\\/wp-content\\\/uploads\\\/Clip1_Analysis_Nucleic_Aci_Based_Biopharmaceuticals_SM.mp4&quot;,&quot;background_play_on_mobile&quot;:&quot;yes&quot;,&quot;background_video_start&quot;:0,&quot;background_video_end&quot;:7,&quot;background_play_once&quot;:&quot;yes&quot;}\">\n\t\t<div class=\"elementor-background-video-container\">\n\t\t\t\t\t\t\t<video class=\"elementor-background-video-hosted\" role=\"presentation\" autoplay muted playsinline><\/video>\n\t\t\t\t\t<\/div>\t\t<\/div>\n\t\t\t\t<\/div>\n\t\t\t\t\t<\/div>\n\t\t\t\t<\/div>\n\t\t<div class=\"elementor-element elementor-element-4e511c3 e-flex e-con-boxed e-con e-parent\" data-id=\"4e511c3\" data-element_type=\"container\" data-e-type=\"container\" data-settings=\"{&quot;background_background&quot;:&quot;classic&quot;}\">\n\t\t\t\t\t<div class=\"e-con-inner\">\n\t\t<div class=\"elementor-element elementor-element-d496bc6 e-con-full e-flex e-con e-child\" data-id=\"d496bc6\" data-element_type=\"container\" data-e-type=\"container\">\n\t\t\t\t<div class=\"elementor-element elementor-element-b710c63 elementor-widget__width-inherit elementor-widget elementor-widget-heading\" data-id=\"b710c63\" data-element_type=\"widget\" data-e-type=\"widget\" data-widget_type=\"heading.default\">\n\t\t\t\t<div class=\"elementor-widget-container\">\n\t\t\t\t\t<h2 class=\"elementor-heading-title elementor-size-default\">An\u00e1lisis de productos farmac\u00e9uticos basados en \u00e1cidos nucleicos<\/h2>\t\t\t\t<\/div>\n\t\t\t\t<\/div>\n\t\t\t\t<div class=\"elementor-element elementor-element-f4f9f94 elementor-widget elementor-widget-text-editor\" data-id=\"f4f9f94\" data-element_type=\"widget\" data-e-type=\"widget\" data-widget_type=\"text-editor.default\">\n\t\t\t\t<div class=\"elementor-widget-container\">\n\t\t\t\t\t\t\t\t\t<div class=\"flex max-w-full flex-col flex-grow\"><div class=\"min-h-8 text-message flex w-full flex-col items-end gap-2 whitespace-normal break-words [.text-message+&amp;]:mt-5\" dir=\"auto\" data-message-author-role=\"assistant\" data-message-id=\"4471aede-a76e-4506-8fce-26117b83fec8\" data-message-model-slug=\"gpt-4o-mini\"><div class=\"flex w-full flex-col gap-1 empty:hidden first:pt-[3px]\"><div class=\"markdown prose w-full break-words dark:prose-invert light\"><p>AMSbiopharma ofrece un an\u00e1lisis qu\u00edmico avanzado de productos biopharma\u0301ceuticos basados en \u00e1cidos nucleicos, adaptado a las necesidades espec\u00edficas de la industria biopharma\u0301ceutica.<\/p><\/div><\/div><\/div><\/div>\t\t\t\t\t\t\t\t<\/div>\n\t\t\t\t<\/div>\n\t\t\t\t<\/div>\n\t\t<div class=\"elementor-element elementor-element-6ef617f e-con-full e-flex e-con e-child\" data-id=\"6ef617f\" data-element_type=\"container\" data-e-type=\"container\">\n\t\t\t\t<div class=\"elementor-element elementor-element-b6ab89c elementor-widget elementor-widget-image\" data-id=\"b6ab89c\" data-element_type=\"widget\" data-e-type=\"widget\" data-widget_type=\"image.default\">\n\t\t\t\t<div class=\"elementor-widget-container\">\n\t\t\t\t\t\t\t\t\t\t\t\t\t\t\t<img fetchpriority=\"high\" decoding=\"async\" width=\"901\" height=\"365\" src=\"https:\/\/amsbiopharma.com\/wp-content\/uploads\/an.png\" class=\"attachment-large size-large wp-image-3647\" alt=\"\" srcset=\"https:\/\/amsbiopharma.com\/wp-content\/uploads\/an.png 901w, https:\/\/amsbiopharma.com\/wp-content\/uploads\/an-300x122.png 300w, https:\/\/amsbiopharma.com\/wp-content\/uploads\/an-768x311.png 768w\" sizes=\"(max-width: 901px) 100vw, 901px\" \/>\t\t\t\t\t\t\t\t\t\t\t\t\t\t\t<\/div>\n\t\t\t\t<\/div>\n\t\t\t\t<\/div>\n\t\t\t\t\t<\/div>\n\t\t\t\t<\/div>\n\t\t<div class=\"elementor-element elementor-element-9926b79 e-flex e-con-boxed e-con e-parent\" data-id=\"9926b79\" data-element_type=\"container\" data-e-type=\"container\" data-settings=\"{&quot;background_background&quot;:&quot;classic&quot;}\">\n\t\t\t\t\t<div class=\"e-con-inner\">\n\t\t<div class=\"elementor-element elementor-element-26da66d e-con-full e-flex e-con e-child\" data-id=\"26da66d\" data-element_type=\"container\" data-e-type=\"container\" data-settings=\"{&quot;background_background&quot;:&quot;classic&quot;}\">\n\t\t\t\t<div class=\"elementor-element elementor-element-9c1bee4 elementor-widget elementor-widget-heading\" data-id=\"9c1bee4\" data-element_type=\"widget\" data-e-type=\"widget\" data-widget_type=\"heading.default\">\n\t\t\t\t<div class=\"elementor-widget-container\">\n\t\t\t\t\t<h2 class=\"elementor-heading-title elementor-size-default\">Servicios Relacionados<\/h2>\t\t\t\t<\/div>\n\t\t\t\t<\/div>\n\t\t<div class=\"elementor-element elementor-element-bd25a80 e-con-full e-flex e-con e-child\" data-id=\"bd25a80\" data-element_type=\"container\" data-e-type=\"container\">\n\t\t<div class=\"elementor-element elementor-element-ff27387 e-con-full e-flex e-con e-child\" data-id=\"ff27387\" data-element_type=\"container\" data-e-type=\"container\">\n\t\t\t\t<div class=\"elementor-element elementor-element-d653fc4 elementor-widget__width-initial elementor-widget elementor-widget-text-editor\" data-id=\"d653fc4\" data-element_type=\"widget\" data-e-type=\"widget\" data-widget_type=\"text-editor.default\">\n\t\t\t\t<div class=\"elementor-widget-container\">\n\t\t\t\t\t\t\t\t\t<p>An\u00e1lisis de isoformas de pl\u00e1smidos de ADN<\/p>\t\t\t\t\t\t\t\t<\/div>\n\t\t\t\t<\/div>\n\t\t\t\t<div class=\"elementor-element elementor-element-2279a2e elementor-widget__width-initial elementor-widget elementor-widget-text-editor\" data-id=\"2279a2e\" data-element_type=\"widget\" data-e-type=\"widget\" data-widget_type=\"text-editor.default\">\n\t\t\t\t<div class=\"elementor-widget-container\">\n\t\t\t\t\t\t\t\t\t<p>AEX-LC-UV<\/p>\t\t\t\t\t\t\t\t<\/div>\n\t\t\t\t<\/div>\n\t\t\t\t<\/div>\n\t\t<div class=\"elementor-element elementor-element-6a7a7de e-con-full e-flex e-con e-child\" data-id=\"6a7a7de\" data-element_type=\"container\" data-e-type=\"container\">\n\t\t\t\t<div class=\"elementor-element elementor-element-7e9f375 elementor-widget__width-initial elementor-widget elementor-widget-text-editor\" data-id=\"7e9f375\" data-element_type=\"widget\" data-e-type=\"widget\" data-widget_type=\"text-editor.default\">\n\t\t\t\t<div class=\"elementor-widget-container\">\n\t\t\t\t\t\t\t\t\t<p>Medici\u00f3n de masa exacta de oligonucle\u00f3tidos<\/p>\t\t\t\t\t\t\t\t<\/div>\n\t\t\t\t<\/div>\n\t\t\t\t<div class=\"elementor-element elementor-element-3f54c6d elementor-widget__width-initial elementor-widget elementor-widget-text-editor\" data-id=\"3f54c6d\" data-element_type=\"widget\" data-e-type=\"widget\" data-widget_type=\"text-editor.default\">\n\t\t\t\t<div class=\"elementor-widget-container\">\n\t\t\t\t\t\t\t\t\t<p>UPLC-HRMS<\/p>\t\t\t\t\t\t\t\t<\/div>\n\t\t\t\t<\/div>\n\t\t\t\t<\/div>\n\t\t<div class=\"elementor-element elementor-element-3f30639 e-con-full e-flex e-con e-child\" data-id=\"3f30639\" data-element_type=\"container\" data-e-type=\"container\">\n\t\t\t\t<div class=\"elementor-element elementor-element-8052484 elementor-widget__width-initial elementor-widget elementor-widget-text-editor\" data-id=\"8052484\" data-element_type=\"widget\" data-e-type=\"widget\" data-widget_type=\"text-editor.default\">\n\t\t\t\t<div class=\"elementor-widget-container\">\n\t\t\t\t\t\t\t\t\t<p>Determinaci\u00f3n de pureza de oligonucle\u00f3tidos e identificaci\u00f3n de impurezas<\/p>\t\t\t\t\t\t\t\t<\/div>\n\t\t\t\t<\/div>\n\t\t\t\t<div class=\"elementor-element elementor-element-0348efd elementor-widget__width-initial elementor-widget elementor-widget-text-editor\" data-id=\"0348efd\" data-element_type=\"widget\" data-e-type=\"widget\" data-widget_type=\"text-editor.default\">\n\t\t\t\t<div class=\"elementor-widget-container\">\n\t\t\t\t\t\t\t\t\t<p>UPLC-DAD-HRMS<\/p>\t\t\t\t\t\t\t\t<\/div>\n\t\t\t\t<\/div>\n\t\t\t\t<\/div>\n\t\t<div class=\"elementor-element elementor-element-8f8ac16 e-con-full e-flex e-con e-child\" data-id=\"8f8ac16\" data-element_type=\"container\" data-e-type=\"container\">\n\t\t\t\t<div class=\"elementor-element elementor-element-1292799 elementor-widget__width-initial elementor-widget elementor-widget-text-editor\" data-id=\"1292799\" data-element_type=\"widget\" data-e-type=\"widget\" data-widget_type=\"text-editor.default\">\n\t\t\t\t<div class=\"elementor-widget-container\">\n\t\t\t\t\t\t\t\t\t<p>Confirmaci\u00f3n de secuencia de oligonucle\u00f3tidos<\/p>\t\t\t\t\t\t\t\t<\/div>\n\t\t\t\t<\/div>\n\t\t\t\t<div class=\"elementor-element elementor-element-a80b71e elementor-widget__width-initial elementor-widget elementor-widget-text-editor\" data-id=\"a80b71e\" data-element_type=\"widget\" data-e-type=\"widget\" data-widget_type=\"text-editor.default\">\n\t\t\t\t<div class=\"elementor-widget-container\">\n\t\t\t\t\t\t\t\t\t<p>UPLC-DAD-HRMS<\/p>\t\t\t\t\t\t\t\t<\/div>\n\t\t\t\t<\/div>\n\t\t\t\t<\/div>\n\t\t<div class=\"elementor-element elementor-element-24cd17f e-con-full e-flex e-con e-child\" data-id=\"24cd17f\" data-element_type=\"container\" data-e-type=\"container\">\n\t\t\t\t<div class=\"elementor-element elementor-element-6a5bbe1 elementor-widget__width-initial elementor-widget elementor-widget-text-editor\" data-id=\"6a5bbe1\" data-element_type=\"widget\" data-e-type=\"widget\" data-widget_type=\"text-editor.default\">\n\t\t\t\t<div class=\"elementor-widget-container\">\n\t\t\t\t\t\t\t\t\t<p>Estabilidad y degradaci\u00f3n de oligonucle\u00f3tidos<\/p>\t\t\t\t\t\t\t\t<\/div>\n\t\t\t\t<\/div>\n\t\t\t\t<div class=\"elementor-element elementor-element-602ae1a elementor-widget__width-initial elementor-widget elementor-widget-text-editor\" data-id=\"602ae1a\" data-element_type=\"widget\" data-e-type=\"widget\" data-widget_type=\"text-editor.default\">\n\t\t\t\t<div class=\"elementor-widget-container\">\n\t\t\t\t\t\t\t\t\t<p>UPLC-DAD-HRMS<\/p>\t\t\t\t\t\t\t\t<\/div>\n\t\t\t\t<\/div>\n\t\t\t\t<\/div>\n\t\t\t\t<\/div>\n\t\t\t\t<\/div>\n\t\t\t\t\t<\/div>\n\t\t\t\t<\/div>\n\t\t<div class=\"elementor-element elementor-element-1b7238cc e-con-full e-flex e-con e-parent\" data-id=\"1b7238cc\" data-element_type=\"container\" data-e-type=\"container\" id=\"discover-menu-container\">\n\t\t<div class=\"elementor-element elementor-element-247a6548 e-con-full title-container e-flex e-con e-child\" data-id=\"247a6548\" data-element_type=\"container\" data-e-type=\"container\">\n\t\t\t\t<div class=\"elementor-element elementor-element-9d1ea12 elementor-widget elementor-widget-heading\" data-id=\"9d1ea12\" data-element_type=\"widget\" data-e-type=\"widget\" data-widget_type=\"heading.default\">\n\t\t\t\t<div class=\"elementor-widget-container\">\n\t\t\t\t\t<h2 class=\"elementor-heading-title elementor-size-default\">Descubre<\/h2>\t\t\t\t<\/div>\n\t\t\t\t<\/div>\n\t\t\t\t<div class=\"elementor-element elementor-element-1db51c05 elementor-widget elementor-widget-html\" data-id=\"1db51c05\" data-element_type=\"widget\" data-e-type=\"widget\" data-widget_type=\"html.default\">\n\t\t\t\t<div class=\"elementor-widget-container\">\n\t\t\t\t\t<svg aria-hidden=\"true\" class=\"e-font-icon-svg e-fas-plus-circle\" viewBox=\"0 0 512 512\" xmlns=\"http:\/\/www.w3.org\/2000\/svg\"><path d=\"M256 8C119 8 8 119 8 256s111 248 248 248 248-111 248-248S393 8 256 8zm144 276c0 6.6-5.4 12-12 12h-92v92c0 6.6-5.4 12-12 12h-56c-6.6 0-12-5.4-12-12v-92h-92c-6.6 0-12-5.4-12-12v-56c0-6.6 5.4-12 12-12h92v-92c0-6.6 5.4-12 12-12h56c6.6 0 12 5.4 12 12v92h92c6.6 0 12 5.4 12 12v56z\"><\/path><\/svg>\t\t\t\t<\/div>\n\t\t\t\t<\/div>\n\t\t\t\t<\/div>\n\t\t\t\t<div class=\"elementor-element elementor-element-6c4b9389 elementor-nav-menu--dropdown-none discover-menu elementor-widget elementor-widget-nav-menu\" data-id=\"6c4b9389\" data-element_type=\"widget\" data-e-type=\"widget\" data-settings=\"{&quot;layout&quot;:&quot;vertical&quot;,&quot;submenu_icon&quot;:{&quot;value&quot;:&quot;&lt;svg aria-hidden=\\&quot;true\\&quot; class=\\&quot;e-font-icon-svg e-fas-caret-down\\&quot; viewBox=\\&quot;0 0 320 512\\&quot; xmlns=\\&quot;http:\\\/\\\/www.w3.org\\\/2000\\\/svg\\&quot;&gt;&lt;path d=\\&quot;M31.3 192h257.3c17.8 0 26.7 21.5 14.1 34.1L174.1 354.8c-7.8 7.8-20.5 7.8-28.3 0L17.2 226.1C4.6 213.5 13.5 192 31.3 192z\\&quot;&gt;&lt;\\\/path&gt;&lt;\\\/svg&gt;&quot;,&quot;library&quot;:&quot;fa-solid&quot;}}\" data-widget_type=\"nav-menu.default\">\n\t\t\t\t<div class=\"elementor-widget-container\">\n\t\t\t\t\t\t\t\t<nav aria-label=\"Men\u00fa\" class=\"elementor-nav-menu--main elementor-nav-menu__container elementor-nav-menu--layout-vertical e--pointer-underline e--animation-fade\">\n\t\t\t\t<ul id=\"menu-1-6c4b9389\" class=\"elementor-nav-menu sm-vertical\"><li class=\"menu-item menu-item-type-post_type menu-item-object-page menu-item-4099\"><a href=\"https:\/\/amsbiopharma.com\/es\/impurezas-de-medicamentos\/\" class=\"elementor-item\">Impurezas de medicamentos<\/a><\/li>\n<li class=\"menu-item menu-item-type-post_type menu-item-object-page menu-item-4100\"><a href=\"https:\/\/amsbiopharma.com\/es\/soporte-analitico\/\" class=\"elementor-item\">Soporte anal\u00edtico<\/a><\/li>\n<li class=\"menu-item menu-item-type-post_type menu-item-object-page menu-item-4101\"><a href=\"https:\/\/amsbiopharma.com\/es\/analisis-de-biofarmaceuticos-basados-en-proteinas\/\" class=\"elementor-item\">An\u00e1lisis de biofarma\u0301ceuticos basados en prote\u00ednas<\/a><\/li>\n<li class=\"menu-item menu-item-type-post_type menu-item-object-page menu-item-4102\"><a href=\"https:\/\/amsbiopharma.com\/es\/analisis-de-biofarmaceuticos-basados-en-acidos-nucleicos\/\" class=\"elementor-item\">An\u00e1lisis de biofarma\u0301ceuticos basados en \u00e1cidos nucleicos<\/a><\/li>\n<li class=\"menu-item menu-item-type-post_type menu-item-object-page menu-item-4103\"><a href=\"https:\/\/amsbiopharma.com\/es\/analisis-icp-ms\/\" class=\"elementor-item\">An\u00e1lisis ICP-MS<\/a><\/li>\n<li class=\"menu-item menu-item-type-post_type menu-item-object-page menu-item-4104\"><a href=\"https:\/\/amsbiopharma.com\/es\/control-de-calidad-y-estabilidades\/\" class=\"elementor-item\">Control de calidad y estabilidades<\/a><\/li>\n<li class=\"menu-item menu-item-type-post_type menu-item-object-page menu-item-4105\"><a href=\"https:\/\/amsbiopharma.com\/es\/control-microbiologico\/\" class=\"elementor-item\">Control microbiol\u00f3gico<\/a><\/li>\n<li class=\"menu-item menu-item-type-post_type menu-item-object-page menu-item-4106\"><a href=\"https:\/\/amsbiopharma.com\/es\/cannabis-medicinal\/\" class=\"elementor-item\">Cannabis medicinal<\/a><\/li>\n<\/ul>\t\t\t<\/nav>\n\t\t\t\t\t\t<nav class=\"elementor-nav-menu--dropdown elementor-nav-menu__container\" aria-hidden=\"true\">\n\t\t\t\t<ul id=\"menu-2-6c4b9389\" class=\"elementor-nav-menu sm-vertical\"><li class=\"menu-item menu-item-type-post_type menu-item-object-page menu-item-4099\"><a href=\"https:\/\/amsbiopharma.com\/es\/impurezas-de-medicamentos\/\" class=\"elementor-item\" tabindex=\"-1\">Impurezas de medicamentos<\/a><\/li>\n<li class=\"menu-item menu-item-type-post_type menu-item-object-page menu-item-4100\"><a href=\"https:\/\/amsbiopharma.com\/es\/soporte-analitico\/\" class=\"elementor-item\" tabindex=\"-1\">Soporte anal\u00edtico<\/a><\/li>\n<li class=\"menu-item menu-item-type-post_type menu-item-object-page menu-item-4101\"><a href=\"https:\/\/amsbiopharma.com\/es\/analisis-de-biofarmaceuticos-basados-en-proteinas\/\" class=\"elementor-item\" tabindex=\"-1\">An\u00e1lisis de biofarma\u0301ceuticos basados en prote\u00ednas<\/a><\/li>\n<li class=\"menu-item menu-item-type-post_type menu-item-object-page menu-item-4102\"><a href=\"https:\/\/amsbiopharma.com\/es\/analisis-de-biofarmaceuticos-basados-en-acidos-nucleicos\/\" class=\"elementor-item\" tabindex=\"-1\">An\u00e1lisis de biofarma\u0301ceuticos basados en \u00e1cidos nucleicos<\/a><\/li>\n<li class=\"menu-item menu-item-type-post_type menu-item-object-page menu-item-4103\"><a href=\"https:\/\/amsbiopharma.com\/es\/analisis-icp-ms\/\" class=\"elementor-item\" tabindex=\"-1\">An\u00e1lisis ICP-MS<\/a><\/li>\n<li class=\"menu-item menu-item-type-post_type menu-item-object-page menu-item-4104\"><a href=\"https:\/\/amsbiopharma.com\/es\/control-de-calidad-y-estabilidades\/\" class=\"elementor-item\" tabindex=\"-1\">Control de calidad y estabilidades<\/a><\/li>\n<li class=\"menu-item menu-item-type-post_type menu-item-object-page menu-item-4105\"><a href=\"https:\/\/amsbiopharma.com\/es\/control-microbiologico\/\" class=\"elementor-item\" tabindex=\"-1\">Control microbiol\u00f3gico<\/a><\/li>\n<li class=\"menu-item menu-item-type-post_type menu-item-object-page menu-item-4106\"><a href=\"https:\/\/amsbiopharma.com\/es\/cannabis-medicinal\/\" class=\"elementor-item\" tabindex=\"-1\">Cannabis medicinal<\/a><\/li>\n<\/ul>\t\t\t<\/nav>\n\t\t\t\t\t\t<\/div>\n\t\t\t\t<\/div>\n\t\t\t\t<\/div>\n\t\t\t\t<\/div>\n\t\t","protected":false},"excerpt":{"rendered":"<div class=\"entry-summary\">\nControl de Calidad En AMSbiopharma, ofrecemos servicios de control de calidad especializados para garantizar la seguridad y eficacia de los productos farmac\u00e9uticos. Desde el an\u00e1lisis de impurezas de medicamentos hasta pruebas de biopharma\u0301ceuticos basadas en prote\u00ednas y \u00e1cidos nucleicos, utilizamos&hellip;\n<\/div>\n<div class=\"link-more\"><a href=\"https:\/\/amsbiopharma.com\/es\/analisis-de-biofarmaceuticos-basados-en-acidos-nucleicos\/\" class=\"more-link\">Continue reading<span class=\"screen-reader-text\"> &ldquo;An\u00e1lisis de biofarma\u0301ceuticos basados en \u00e1cidos nucleicos&rdquo;<\/span>&hellip;<\/a><\/div>\n","protected":false},"author":1,"featured_media":4763,"parent":0,"menu_order":0,"comment_status":"closed","ping_status":"closed","template":"elementor_header_footer","meta":{"footnotes":""},"class_list":["post-3864","page","type-page","status-publish","has-post-thumbnail","hentry","entry"],"_links":{"self":[{"href":"https:\/\/amsbiopharma.com\/es\/wp-json\/wp\/v2\/pages\/3864","targetHints":{"allow":["GET"]}}],"collection":[{"href":"https:\/\/amsbiopharma.com\/es\/wp-json\/wp\/v2\/pages"}],"about":[{"href":"https:\/\/amsbiopharma.com\/es\/wp-json\/wp\/v2\/types\/page"}],"author":[{"embeddable":true,"href":"https:\/\/amsbiopharma.com\/es\/wp-json\/wp\/v2\/users\/1"}],"replies":[{"embeddable":true,"href":"https:\/\/amsbiopharma.com\/es\/wp-json\/wp\/v2\/comments?post=3864"}],"version-history":[{"count":27,"href":"https:\/\/amsbiopharma.com\/es\/wp-json\/wp\/v2\/pages\/3864\/revisions"}],"predecessor-version":[{"id":4687,"href":"https:\/\/amsbiopharma.com\/es\/wp-json\/wp\/v2\/pages\/3864\/revisions\/4687"}],"wp:featuredmedia":[{"embeddable":true,"href":"https:\/\/amsbiopharma.com\/es\/wp-json\/wp\/v2\/media\/4763"}],"wp:attachment":[{"href":"https:\/\/amsbiopharma.com\/es\/wp-json\/wp\/v2\/media?parent=3864"}],"curies":[{"name":"wp","href":"https:\/\/api.w.org\/{rel}","templated":true}]}}