{"id":3870,"date":"2024-10-01T17:16:54","date_gmt":"2024-10-01T15:16:54","guid":{"rendered":"https:\/\/amsbiopharma.com\/icp-ms-analysis\/"},"modified":"2024-10-17T11:17:19","modified_gmt":"2024-10-17T09:17:19","slug":"analisis-icp-ms","status":"publish","type":"page","link":"https:\/\/amsbiopharma.com\/es\/analisis-icp-ms\/","title":{"rendered":"An\u00e1lisis ICP-MS"},"content":{"rendered":"\t\t<div data-elementor-type=\"wp-page\" data-elementor-id=\"3870\" class=\"elementor elementor-3870 elementor-524\" data-elementor-post-type=\"page\">\n\t\t\t\t<div class=\"elementor-element elementor-element-799b4018 e-flex e-con-boxed e-con e-parent\" data-id=\"799b4018\" data-element_type=\"container\" data-e-type=\"container\">\n\t\t\t\t\t<div class=\"e-con-inner\">\n\t\t<div class=\"elementor-element elementor-element-4867490b e-con-full e-flex e-con e-child\" data-id=\"4867490b\" data-element_type=\"container\" data-e-type=\"container\" data-settings=\"{&quot;background_background&quot;:&quot;classic&quot;}\">\n\t\t<div class=\"elementor-element elementor-element-4c4323aa e-con-full e-flex e-con e-child\" data-id=\"4c4323aa\" data-element_type=\"container\" data-e-type=\"container\">\n\t\t\t\t<div class=\"elementor-element elementor-element-4b4e61cc elementor-widget elementor-widget-heading\" data-id=\"4b4e61cc\" data-element_type=\"widget\" data-e-type=\"widget\" data-widget_type=\"heading.default\">\n\t\t\t\t<div class=\"elementor-widget-container\">\n\t\t\t\t\t<h2 class=\"elementor-heading-title elementor-size-default\">Control de Calidad<\/h2>\t\t\t\t<\/div>\n\t\t\t\t<\/div>\n\t\t\t\t<\/div>\n\t\t<div class=\"elementor-element elementor-element-1f2863a1 e-con-full e-flex e-con e-child\" data-id=\"1f2863a1\" data-element_type=\"container\" data-e-type=\"container\">\n\t\t\t\t<div class=\"elementor-element elementor-element-2e3895c6 elementor-widget elementor-widget-text-editor\" data-id=\"2e3895c6\" data-element_type=\"widget\" data-e-type=\"widget\" data-widget_type=\"text-editor.default\">\n\t\t\t\t<div class=\"elementor-widget-container\">\n\t\t\t\t\t\t\t\t\t<p>En AMSbiopharma, ofrecemos servicios de control de calidad especializados para garantizar la seguridad y eficacia de los productos farmac\u00e9uticos. Desde el an\u00e1lisis de impurezas de medicamentos hasta pruebas de biopharma\u0301ceuticos basadas en prote\u00ednas y \u00e1cidos nucleicos, utilizamos t\u00e9cnicas avanzadas como UPLC-MS\/MS e ICP-MS para cumplir con los m\u00e1s altos est\u00e1ndares de la industria y los requisitos regulatorios<\/p>\t\t\t\t\t\t\t\t<\/div>\n\t\t\t\t<\/div>\n\t\t\t\t<\/div>\n\t\t\t\t<\/div>\n\t\t<div class=\"elementor-element elementor-element-441e1e2 e-con-full e-flex e-con e-child\" data-id=\"441e1e2\" data-element_type=\"container\" data-e-type=\"container\" data-settings=\"{&quot;background_background&quot;:&quot;video&quot;}\">\n\t\t<div class=\"elementor-element elementor-element-6035a4 e-con-full e-flex e-con e-child\" data-id=\"6035a4\" data-element_type=\"container\" data-e-type=\"container\" data-settings=\"{&quot;background_background&quot;:&quot;video&quot;,&quot;background_video_link&quot;:&quot;https:\\\/\\\/amsbiopharma.com\\\/wp-content\\\/uploads\\\/Clip11_Metabolomics_Lipidomics.mp4&quot;,&quot;background_play_on_mobile&quot;:&quot;yes&quot;,&quot;background_video_start&quot;:0,&quot;background_video_end&quot;:29,&quot;background_play_once&quot;:&quot;yes&quot;}\">\n\t\t<div class=\"elementor-background-video-container\">\n\t\t\t\t\t\t\t<video class=\"elementor-background-video-hosted\" role=\"presentation\" autoplay muted playsinline><\/video>\n\t\t\t\t\t<\/div>\t\t<\/div>\n\t\t\t\t<\/div>\n\t\t\t\t\t<\/div>\n\t\t\t\t<\/div>\n\t\t<div class=\"elementor-element elementor-element-ba60d6f e-flex e-con-boxed e-con e-parent\" data-id=\"ba60d6f\" data-element_type=\"container\" data-e-type=\"container\" data-settings=\"{&quot;background_background&quot;:&quot;classic&quot;}\">\n\t\t\t\t\t<div class=\"e-con-inner\">\n\t\t<div class=\"elementor-element elementor-element-330b272 e-con-full e-flex e-con e-child\" data-id=\"330b272\" data-element_type=\"container\" data-e-type=\"container\">\n\t\t\t\t<div class=\"elementor-element elementor-element-c663549 elementor-widget elementor-widget-heading\" data-id=\"c663549\" data-element_type=\"widget\" data-e-type=\"widget\" data-widget_type=\"heading.default\">\n\t\t\t\t<div class=\"elementor-widget-container\">\n\t\t\t\t\t<h2 class=\"elementor-heading-title elementor-size-default\">An\u00e1lisis ICP-MS<\/h2>\t\t\t\t<\/div>\n\t\t\t\t<\/div>\n\t\t\t\t<div class=\"elementor-element elementor-element-ef8c769 elementor-widget elementor-widget-text-editor\" data-id=\"ef8c769\" data-element_type=\"widget\" data-e-type=\"widget\" data-widget_type=\"text-editor.default\">\n\t\t\t\t<div class=\"elementor-widget-container\">\n\t\t\t\t\t\t\t\t\t<p>En AMSbiopharma, ofrecemos a nuestros clientes un servicio de alta calidad en el desarrollo y validaci\u00f3n de m\u00e9todos para el an\u00e1lisis de productos finales, intermedios, API y excipientes. Utilizando an\u00e1lisis ICP-MS (Espectrometr\u00eda de Masas con Plasma Acoplado Inductivamente), proporcionamos estudios de validaci\u00f3n integrales que cubren par\u00e1metros como especificidad, precisi\u00f3n, exactitud, linealidad y robustez, asegurando la fiabilidad de los procedimientos anal\u00edticos.<\/p><p>AMSbiopharma realiza estudios de estabilidad y validaci\u00f3n en cada etapa, desde materias primas hasta productos terminados, para garantizar una calidad constante a lo largo del proceso de fabricaci\u00f3n.<\/p><ul><li>Desarrollo Anal\u00edtico: Nuestro equipo de expertos utiliza las tecnolog\u00edas y metodolog\u00edas m\u00e1s avanzadas, como el an\u00e1lisis ICP-MS, para dise\u00f1ar estudios anal\u00edticos adaptados a las necesidades espec\u00edficas de cada cliente. Desde la caracterizaci\u00f3n de ingredientes activos hasta la cuantificaci\u00f3n de impurezas, nuestro enfoque meticuloso asegura m\u00e9todos robustos y reproducibles.<\/li><li>Validaci\u00f3n Anal\u00edtica: La confianza en los resultados es esencial. Por eso, en AMSbiopharma no solo desarrollamos, sino que tambi\u00e9n validamos nuestros m\u00e9todos anal\u00edticos de acuerdo con los est\u00e1ndares internacionales m\u00e1s estrictos. Nuestros protocolos de validaci\u00f3n est\u00e1n dise\u00f1ados para demostrar la fiabilidad y consistencia de los resultados, asegurando que cada producto cumpla con los est\u00e1ndares de calidad y seguridad requeridos.<\/li><\/ul>\t\t\t\t\t\t\t\t<\/div>\n\t\t\t\t<\/div>\n\t\t\t\t<\/div>\n\t\t<div class=\"elementor-element elementor-element-14fe930 e-con-full e-flex e-con e-child\" data-id=\"14fe930\" data-element_type=\"container\" data-e-type=\"container\">\n\t\t\t\t<div class=\"elementor-element elementor-element-d41ec0f elementor-widget__width-initial elementor-widget elementor-widget-image\" data-id=\"d41ec0f\" data-element_type=\"widget\" data-e-type=\"widget\" data-widget_type=\"image.default\">\n\t\t\t\t<div class=\"elementor-widget-container\">\n\t\t\t\t\t\t\t\t\t\t\t\t\t\t\t<img fetchpriority=\"high\" decoding=\"async\" width=\"901\" height=\"772\" src=\"https:\/\/amsbiopharma.com\/wp-content\/uploads\/ICP.png\" class=\"attachment-large size-large wp-image-3648\" alt=\"\" srcset=\"https:\/\/amsbiopharma.com\/wp-content\/uploads\/ICP.png 901w, https:\/\/amsbiopharma.com\/wp-content\/uploads\/ICP-300x257.png 300w, https:\/\/amsbiopharma.com\/wp-content\/uploads\/ICP-768x658.png 768w\" sizes=\"(max-width: 901px) 100vw, 901px\" \/>\t\t\t\t\t\t\t\t\t\t\t\t\t\t\t<\/div>\n\t\t\t\t<\/div>\n\t\t\t\t<\/div>\n\t\t\t\t\t<\/div>\n\t\t\t\t<\/div>\n\t\t<div class=\"elementor-element elementor-element-36ea9f9 e-flex e-con-boxed e-con e-parent\" data-id=\"36ea9f9\" data-element_type=\"container\" data-e-type=\"container\" data-settings=\"{&quot;background_background&quot;:&quot;classic&quot;}\">\n\t\t\t\t\t<div class=\"e-con-inner\">\n\t\t<div class=\"elementor-element elementor-element-41c5b6f e-con-full e-flex e-con e-child\" data-id=\"41c5b6f\" data-element_type=\"container\" data-e-type=\"container\" data-settings=\"{&quot;background_background&quot;:&quot;classic&quot;}\">\n\t\t\t\t<div class=\"elementor-element elementor-element-be3ed0f elementor-widget elementor-widget-heading\" data-id=\"be3ed0f\" data-element_type=\"widget\" data-e-type=\"widget\" data-widget_type=\"heading.default\">\n\t\t\t\t<div class=\"elementor-widget-container\">\n\t\t\t\t\t<h2 class=\"elementor-heading-title elementor-size-default\">Servicios Relacionados<\/h2>\t\t\t\t<\/div>\n\t\t\t\t<\/div>\n\t\t<div class=\"elementor-element elementor-element-06009a6 e-con-full e-flex e-con e-child\" data-id=\"06009a6\" data-element_type=\"container\" data-e-type=\"container\">\n\t\t\t\t<div class=\"elementor-element elementor-element-0ebb98d elementor-widget elementor-widget-heading\" data-id=\"0ebb98d\" data-element_type=\"widget\" data-e-type=\"widget\" data-widget_type=\"heading.default\">\n\t\t\t\t<div class=\"elementor-widget-container\">\n\t\t\t\t\t<p class=\"elementor-heading-title elementor-size-default\">An\u00e1lisis ICP-MS<\/p>\t\t\t\t<\/div>\n\t\t\t\t<\/div>\n\t\t\t\t<div class=\"elementor-element elementor-element-0690a7d elementor-widget__width-inherit elementor-widget elementor-widget-text-editor\" data-id=\"0690a7d\" data-element_type=\"widget\" data-e-type=\"widget\" data-widget_type=\"text-editor.default\">\n\t\t\t\t<div class=\"elementor-widget-container\">\n\t\t\t\t\t\t\t\t\t<p>Desarrollo y validaci\u00f3n de m\u00e9todos por ICP-MS<\/p>\t\t\t\t\t\t\t\t<\/div>\n\t\t\t\t<\/div>\n\t\t\t\t<div class=\"elementor-element elementor-element-c2bbb3a elementor-widget__width-inherit elementor-widget elementor-widget-text-editor\" data-id=\"c2bbb3a\" data-element_type=\"widget\" data-e-type=\"widget\" data-widget_type=\"text-editor.default\">\n\t\t\t\t<div class=\"elementor-widget-container\">\n\t\t\t\t\t\t\t\t\t<p>Determination of the level of Elemental Impurities (ICH Q3D, USP &lt;232&gt; \u2028 and &lt;233&gt;, EP (5:20) and (2.4.20))<\/p>\t\t\t\t\t\t\t\t<\/div>\n\t\t\t\t<\/div>\n\t\t\t\t<div class=\"elementor-element elementor-element-b1c5c39 elementor-widget__width-inherit elementor-widget elementor-widget-text-editor\" data-id=\"b1c5c39\" data-element_type=\"widget\" data-e-type=\"widget\" data-widget_type=\"text-editor.default\">\n\t\t\t\t<div class=\"elementor-widget-container\">\n\t\t\t\t\t\t\t\t\t<p>Determinaci\u00f3n de la concentraci\u00f3n de Metales Contaminantes (Medicamentos, Suplementos Alimentarios, Productos Alimenticios y materiales de embalaje)<\/p>\t\t\t\t\t\t\t\t<\/div>\n\t\t\t\t<\/div>\n\t\t\t\t<\/div>\n\t\t\t\t<\/div>\n\t\t\t\t\t<\/div>\n\t\t\t\t<\/div>\n\t\t<div class=\"elementor-element elementor-element-4b0f22fe e-con-full e-flex e-con e-parent\" data-id=\"4b0f22fe\" data-element_type=\"container\" data-e-type=\"container\" id=\"discover-menu-container\">\n\t\t<div class=\"elementor-element elementor-element-568ce85 e-con-full title-container e-flex e-con e-child\" data-id=\"568ce85\" data-element_type=\"container\" data-e-type=\"container\">\n\t\t\t\t<div class=\"elementor-element elementor-element-1ea41466 elementor-widget elementor-widget-heading\" data-id=\"1ea41466\" data-element_type=\"widget\" data-e-type=\"widget\" data-widget_type=\"heading.default\">\n\t\t\t\t<div class=\"elementor-widget-container\">\n\t\t\t\t\t<h2 class=\"elementor-heading-title elementor-size-default\">Descubre<\/h2>\t\t\t\t<\/div>\n\t\t\t\t<\/div>\n\t\t\t\t<div class=\"elementor-element elementor-element-61d182c4 elementor-widget elementor-widget-html\" data-id=\"61d182c4\" data-element_type=\"widget\" data-e-type=\"widget\" data-widget_type=\"html.default\">\n\t\t\t\t<div class=\"elementor-widget-container\">\n\t\t\t\t\t<svg aria-hidden=\"true\" class=\"e-font-icon-svg e-fas-plus-circle\" viewBox=\"0 0 512 512\" xmlns=\"http:\/\/www.w3.org\/2000\/svg\"><path d=\"M256 8C119 8 8 119 8 256s111 248 248 248 248-111 248-248S393 8 256 8zm144 276c0 6.6-5.4 12-12 12h-92v92c0 6.6-5.4 12-12 12h-56c-6.6 0-12-5.4-12-12v-92h-92c-6.6 0-12-5.4-12-12v-56c0-6.6 5.4-12 12-12h92v-92c0-6.6 5.4-12 12-12h56c6.6 0 12 5.4 12 12v92h92c6.6 0 12 5.4 12 12v56z\"><\/path><\/svg>\t\t\t\t<\/div>\n\t\t\t\t<\/div>\n\t\t\t\t<\/div>\n\t\t\t\t<div class=\"elementor-element elementor-element-556abbce elementor-nav-menu--dropdown-none discover-menu elementor-widget elementor-widget-nav-menu\" data-id=\"556abbce\" data-element_type=\"widget\" data-e-type=\"widget\" data-settings=\"{&quot;layout&quot;:&quot;vertical&quot;,&quot;submenu_icon&quot;:{&quot;value&quot;:&quot;&lt;svg aria-hidden=\\&quot;true\\&quot; class=\\&quot;e-font-icon-svg e-fas-caret-down\\&quot; viewBox=\\&quot;0 0 320 512\\&quot; xmlns=\\&quot;http:\\\/\\\/www.w3.org\\\/2000\\\/svg\\&quot;&gt;&lt;path d=\\&quot;M31.3 192h257.3c17.8 0 26.7 21.5 14.1 34.1L174.1 354.8c-7.8 7.8-20.5 7.8-28.3 0L17.2 226.1C4.6 213.5 13.5 192 31.3 192z\\&quot;&gt;&lt;\\\/path&gt;&lt;\\\/svg&gt;&quot;,&quot;library&quot;:&quot;fa-solid&quot;}}\" data-widget_type=\"nav-menu.default\">\n\t\t\t\t<div class=\"elementor-widget-container\">\n\t\t\t\t\t\t\t\t<nav aria-label=\"Men\u00fa\" class=\"elementor-nav-menu--main elementor-nav-menu__container elementor-nav-menu--layout-vertical e--pointer-underline e--animation-fade\">\n\t\t\t\t<ul id=\"menu-1-556abbce\" class=\"elementor-nav-menu sm-vertical\"><li class=\"menu-item menu-item-type-post_type menu-item-object-page menu-item-4099\"><a href=\"https:\/\/amsbiopharma.com\/es\/impurezas-de-medicamentos\/\" class=\"elementor-item\">Impurezas de medicamentos<\/a><\/li>\n<li class=\"menu-item menu-item-type-post_type menu-item-object-page menu-item-4100\"><a href=\"https:\/\/amsbiopharma.com\/es\/soporte-analitico\/\" class=\"elementor-item\">Soporte anal\u00edtico<\/a><\/li>\n<li class=\"menu-item menu-item-type-post_type menu-item-object-page menu-item-4101\"><a href=\"https:\/\/amsbiopharma.com\/es\/analisis-de-biofarmaceuticos-basados-en-proteinas\/\" class=\"elementor-item\">An\u00e1lisis de biofarma\u0301ceuticos basados en prote\u00ednas<\/a><\/li>\n<li class=\"menu-item menu-item-type-post_type menu-item-object-page menu-item-4102\"><a href=\"https:\/\/amsbiopharma.com\/es\/analisis-de-biofarmaceuticos-basados-en-acidos-nucleicos\/\" class=\"elementor-item\">An\u00e1lisis de biofarma\u0301ceuticos basados en \u00e1cidos nucleicos<\/a><\/li>\n<li class=\"menu-item menu-item-type-post_type menu-item-object-page menu-item-4103\"><a href=\"https:\/\/amsbiopharma.com\/es\/analisis-icp-ms\/\" class=\"elementor-item\">An\u00e1lisis ICP-MS<\/a><\/li>\n<li class=\"menu-item menu-item-type-post_type menu-item-object-page menu-item-4104\"><a href=\"https:\/\/amsbiopharma.com\/es\/control-de-calidad-y-estabilidades\/\" class=\"elementor-item\">Control de calidad y estabilidades<\/a><\/li>\n<li class=\"menu-item menu-item-type-post_type menu-item-object-page menu-item-4105\"><a href=\"https:\/\/amsbiopharma.com\/es\/control-microbiologico\/\" class=\"elementor-item\">Control microbiol\u00f3gico<\/a><\/li>\n<li class=\"menu-item menu-item-type-post_type menu-item-object-page menu-item-4106\"><a href=\"https:\/\/amsbiopharma.com\/es\/cannabis-medicinal\/\" class=\"elementor-item\">Cannabis medicinal<\/a><\/li>\n<\/ul>\t\t\t<\/nav>\n\t\t\t\t\t\t<nav class=\"elementor-nav-menu--dropdown elementor-nav-menu__container\" aria-hidden=\"true\">\n\t\t\t\t<ul id=\"menu-2-556abbce\" class=\"elementor-nav-menu sm-vertical\"><li class=\"menu-item menu-item-type-post_type menu-item-object-page menu-item-4099\"><a href=\"https:\/\/amsbiopharma.com\/es\/impurezas-de-medicamentos\/\" class=\"elementor-item\" tabindex=\"-1\">Impurezas de medicamentos<\/a><\/li>\n<li class=\"menu-item menu-item-type-post_type menu-item-object-page menu-item-4100\"><a href=\"https:\/\/amsbiopharma.com\/es\/soporte-analitico\/\" class=\"elementor-item\" tabindex=\"-1\">Soporte anal\u00edtico<\/a><\/li>\n<li class=\"menu-item menu-item-type-post_type menu-item-object-page menu-item-4101\"><a href=\"https:\/\/amsbiopharma.com\/es\/analisis-de-biofarmaceuticos-basados-en-proteinas\/\" class=\"elementor-item\" tabindex=\"-1\">An\u00e1lisis de biofarma\u0301ceuticos basados en prote\u00ednas<\/a><\/li>\n<li class=\"menu-item menu-item-type-post_type menu-item-object-page menu-item-4102\"><a href=\"https:\/\/amsbiopharma.com\/es\/analisis-de-biofarmaceuticos-basados-en-acidos-nucleicos\/\" class=\"elementor-item\" tabindex=\"-1\">An\u00e1lisis de biofarma\u0301ceuticos basados en \u00e1cidos nucleicos<\/a><\/li>\n<li class=\"menu-item menu-item-type-post_type menu-item-object-page menu-item-4103\"><a href=\"https:\/\/amsbiopharma.com\/es\/analisis-icp-ms\/\" class=\"elementor-item\" tabindex=\"-1\">An\u00e1lisis ICP-MS<\/a><\/li>\n<li class=\"menu-item menu-item-type-post_type menu-item-object-page menu-item-4104\"><a href=\"https:\/\/amsbiopharma.com\/es\/control-de-calidad-y-estabilidades\/\" class=\"elementor-item\" tabindex=\"-1\">Control de calidad y estabilidades<\/a><\/li>\n<li class=\"menu-item menu-item-type-post_type menu-item-object-page menu-item-4105\"><a href=\"https:\/\/amsbiopharma.com\/es\/control-microbiologico\/\" class=\"elementor-item\" tabindex=\"-1\">Control microbiol\u00f3gico<\/a><\/li>\n<li class=\"menu-item menu-item-type-post_type menu-item-object-page menu-item-4106\"><a href=\"https:\/\/amsbiopharma.com\/es\/cannabis-medicinal\/\" class=\"elementor-item\" tabindex=\"-1\">Cannabis medicinal<\/a><\/li>\n<\/ul>\t\t\t<\/nav>\n\t\t\t\t\t\t<\/div>\n\t\t\t\t<\/div>\n\t\t\t\t<\/div>\n\t\t\t\t<\/div>\n\t\t","protected":false},"excerpt":{"rendered":"<div class=\"entry-summary\">\nControl de Calidad En AMSbiopharma, ofrecemos servicios de control de calidad especializados para garantizar la seguridad y eficacia de los productos farmac\u00e9uticos. Desde el an\u00e1lisis de impurezas de medicamentos hasta pruebas de biopharma\u0301ceuticos basadas en prote\u00ednas y \u00e1cidos nucleicos, utilizamos&hellip;\n<\/div>\n<div class=\"link-more\"><a href=\"https:\/\/amsbiopharma.com\/es\/analisis-icp-ms\/\" class=\"more-link\">Continue reading<span class=\"screen-reader-text\"> &ldquo;An\u00e1lisis ICP-MS&rdquo;<\/span>&hellip;<\/a><\/div>\n","protected":false},"author":1,"featured_media":4763,"parent":0,"menu_order":0,"comment_status":"closed","ping_status":"closed","template":"elementor_header_footer","meta":{"footnotes":""},"class_list":["post-3870","page","type-page","status-publish","has-post-thumbnail","hentry","entry"],"_links":{"self":[{"href":"https:\/\/amsbiopharma.com\/es\/wp-json\/wp\/v2\/pages\/3870","targetHints":{"allow":["GET"]}}],"collection":[{"href":"https:\/\/amsbiopharma.com\/es\/wp-json\/wp\/v2\/pages"}],"about":[{"href":"https:\/\/amsbiopharma.com\/es\/wp-json\/wp\/v2\/types\/page"}],"author":[{"embeddable":true,"href":"https:\/\/amsbiopharma.com\/es\/wp-json\/wp\/v2\/users\/1"}],"replies":[{"embeddable":true,"href":"https:\/\/amsbiopharma.com\/es\/wp-json\/wp\/v2\/comments?post=3870"}],"version-history":[{"count":35,"href":"https:\/\/amsbiopharma.com\/es\/wp-json\/wp\/v2\/pages\/3870\/revisions"}],"predecessor-version":[{"id":4726,"href":"https:\/\/amsbiopharma.com\/es\/wp-json\/wp\/v2\/pages\/3870\/revisions\/4726"}],"wp:featuredmedia":[{"embeddable":true,"href":"https:\/\/amsbiopharma.com\/es\/wp-json\/wp\/v2\/media\/4763"}],"wp:attachment":[{"href":"https:\/\/amsbiopharma.com\/es\/wp-json\/wp\/v2\/media?parent=3870"}],"curies":[{"name":"wp","href":"https:\/\/api.w.org\/{rel}","templated":true}]}}