{"id":3882,"date":"2024-10-01T17:17:44","date_gmt":"2024-10-01T15:17:44","guid":{"rendered":"https:\/\/amsbiopharma.com\/microbiological-control\/"},"modified":"2024-10-16T16:40:01","modified_gmt":"2024-10-16T14:40:01","slug":"control-microbiologico","status":"publish","type":"page","link":"https:\/\/amsbiopharma.com\/es\/control-microbiologico\/","title":{"rendered":"Control microbiol\u00f3gico"},"content":{"rendered":"\t\t<div data-elementor-type=\"wp-page\" data-elementor-id=\"3882\" class=\"elementor elementor-3882 elementor-530\" data-elementor-post-type=\"page\">\n\t\t\t\t<div class=\"elementor-element elementor-element-4fa3706d e-flex e-con-boxed e-con e-parent\" data-id=\"4fa3706d\" data-element_type=\"container\" data-e-type=\"container\">\n\t\t\t\t\t<div class=\"e-con-inner\">\n\t\t<div class=\"elementor-element elementor-element-27ddc574 e-con-full e-flex e-con e-child\" data-id=\"27ddc574\" data-element_type=\"container\" data-e-type=\"container\" data-settings=\"{&quot;background_background&quot;:&quot;classic&quot;}\">\n\t\t<div class=\"elementor-element elementor-element-286566f9 e-con-full e-flex e-con e-child\" data-id=\"286566f9\" data-element_type=\"container\" data-e-type=\"container\">\n\t\t\t\t<div class=\"elementor-element elementor-element-68eb73a9 elementor-widget elementor-widget-heading\" data-id=\"68eb73a9\" data-element_type=\"widget\" data-e-type=\"widget\" data-widget_type=\"heading.default\">\n\t\t\t\t<div class=\"elementor-widget-container\">\n\t\t\t\t\t<h2 class=\"elementor-heading-title elementor-size-default\">Control de Calidad<\/h2>\t\t\t\t<\/div>\n\t\t\t\t<\/div>\n\t\t\t\t<\/div>\n\t\t<div class=\"elementor-element elementor-element-6cbffae6 e-con-full e-flex e-con e-child\" data-id=\"6cbffae6\" data-element_type=\"container\" data-e-type=\"container\">\n\t\t\t\t<div class=\"elementor-element elementor-element-457926eb elementor-widget elementor-widget-text-editor\" data-id=\"457926eb\" data-element_type=\"widget\" data-e-type=\"widget\" data-widget_type=\"text-editor.default\">\n\t\t\t\t<div class=\"elementor-widget-container\">\n\t\t\t\t\t\t\t\t\t<p>En AMSbiopharma, ofrecemos servicios de control de calidad especializados para garantizar la seguridad y eficacia de los productos farmac\u00e9uticos. Desde el an\u00e1lisis de impurezas de medicamentos hasta pruebas de biopharma\u0301ceuticos basadas en prote\u00ednas y \u00e1cidos nucleicos, utilizamos t\u00e9cnicas avanzadas como UPLC-MS\/MS e ICP-MS para cumplir con los m\u00e1s altos est\u00e1ndares de la industria y los requisitos regulatorios.<\/p>\t\t\t\t\t\t\t\t<\/div>\n\t\t\t\t<\/div>\n\t\t\t\t<\/div>\n\t\t\t\t<\/div>\n\t\t<div class=\"elementor-element elementor-element-6406b6b4 e-con-full e-flex e-con e-child\" data-id=\"6406b6b4\" data-element_type=\"container\" data-e-type=\"container\" data-settings=\"{&quot;background_background&quot;:&quot;video&quot;}\">\n\t\t<div class=\"elementor-element elementor-element-5db68516 e-con-full e-flex e-con e-child\" data-id=\"5db68516\" data-element_type=\"container\" data-e-type=\"container\" data-settings=\"{&quot;background_background&quot;:&quot;video&quot;,&quot;background_video_link&quot;:&quot;https:\\\/\\\/amsbiopharma.com\\\/wp-content\\\/uploads\\\/Clip9_MicrobiologicalControl_SM.mp4&quot;,&quot;background_play_on_mobile&quot;:&quot;yes&quot;,&quot;background_video_start&quot;:0,&quot;background_video_end&quot;:6,&quot;background_play_once&quot;:&quot;yes&quot;}\">\n\t\t<div class=\"elementor-background-video-container\">\n\t\t\t\t\t\t\t<video class=\"elementor-background-video-hosted\" role=\"presentation\" autoplay muted playsinline><\/video>\n\t\t\t\t\t<\/div>\t\t<\/div>\n\t\t\t\t<\/div>\n\t\t\t\t\t<\/div>\n\t\t\t\t<\/div>\n\t\t<div class=\"elementor-element elementor-element-b8b24ec e-flex e-con-boxed e-con e-parent\" data-id=\"b8b24ec\" data-element_type=\"container\" data-e-type=\"container\" data-settings=\"{&quot;background_background&quot;:&quot;classic&quot;}\">\n\t\t\t\t\t<div class=\"e-con-inner\">\n\t\t<div class=\"elementor-element elementor-element-c190c0b e-con-full e-flex e-con e-child\" data-id=\"c190c0b\" data-element_type=\"container\" data-e-type=\"container\">\n\t\t\t\t<div class=\"elementor-element elementor-element-e7130de elementor-widget elementor-widget-heading\" data-id=\"e7130de\" data-element_type=\"widget\" data-e-type=\"widget\" data-widget_type=\"heading.default\">\n\t\t\t\t<div class=\"elementor-widget-container\">\n\t\t\t\t\t<h2 class=\"elementor-heading-title elementor-size-default\">Control microbiol\u00f3gico<\/h2>\t\t\t\t<\/div>\n\t\t\t\t<\/div>\n\t\t\t\t<div class=\"elementor-element elementor-element-8e05326 elementor-widget elementor-widget-text-editor\" data-id=\"8e05326\" data-element_type=\"widget\" data-e-type=\"widget\" data-widget_type=\"text-editor.default\">\n\t\t\t\t<div class=\"elementor-widget-container\">\n\t\t\t\t\t\t\t\t\t<p>El laboratorio de microbiolog\u00eda realiza las pruebas requeridas para materias primas, materiales de embalaje y productos terminados. La unidad de microbiolog\u00eda atiende a diversos sectores, como farmac\u00e9uticos, dispositivos m\u00e9dicos, cosm\u00e9ticos y productos de salud, as\u00ed como cannabis medicinal.<\/p>\n<p>AMSbiopharma es la mejor opci\u00f3n porque anticipamos las necesidades futuras del mercado, adapt\u00e1ndonos r\u00e1pidamente a las nuevas exigencias de seguridad. Nuestro compromiso con la excelencia y la mejora continua nos posiciona como l\u00edderes en el campo de la microbiolog\u00eda farmac\u00e9utica.<\/p>\t\t\t\t\t\t\t\t<\/div>\n\t\t\t\t<\/div>\n\t\t\t\t<\/div>\n\t\t<div class=\"elementor-element elementor-element-1360fba e-con-full e-flex e-con e-child\" data-id=\"1360fba\" data-element_type=\"container\" data-e-type=\"container\">\n\t\t\t\t<div class=\"elementor-element elementor-element-96531fb elementor-widget elementor-widget-image\" data-id=\"96531fb\" data-element_type=\"widget\" data-e-type=\"widget\" data-widget_type=\"image.default\">\n\t\t\t\t<div class=\"elementor-widget-container\">\n\t\t\t\t\t\t\t\t\t\t\t\t\t\t\t<img fetchpriority=\"high\" decoding=\"async\" width=\"901\" height=\"545\" src=\"https:\/\/amsbiopharma.com\/wp-content\/uploads\/microbiology.png\" class=\"attachment-large size-large wp-image-3650\" alt=\"\" srcset=\"https:\/\/amsbiopharma.com\/wp-content\/uploads\/microbiology.png 901w, https:\/\/amsbiopharma.com\/wp-content\/uploads\/microbiology-300x181.png 300w, https:\/\/amsbiopharma.com\/wp-content\/uploads\/microbiology-768x465.png 768w\" sizes=\"(max-width: 901px) 100vw, 901px\" \/>\t\t\t\t\t\t\t\t\t\t\t\t\t\t\t<\/div>\n\t\t\t\t<\/div>\n\t\t\t\t<\/div>\n\t\t\t\t\t<\/div>\n\t\t\t\t<\/div>\n\t\t<div class=\"elementor-element elementor-element-70bcb10 e-flex e-con-boxed e-con e-parent\" data-id=\"70bcb10\" data-element_type=\"container\" data-e-type=\"container\" data-settings=\"{&quot;background_background&quot;:&quot;classic&quot;}\">\n\t\t\t\t\t<div class=\"e-con-inner\">\n\t\t<div class=\"elementor-element elementor-element-442e29b e-con-full e-flex e-con e-child\" data-id=\"442e29b\" data-element_type=\"container\" data-e-type=\"container\" data-settings=\"{&quot;background_background&quot;:&quot;classic&quot;}\">\n\t\t\t\t<div class=\"elementor-element elementor-element-1a6d7cf elementor-widget elementor-widget-heading\" data-id=\"1a6d7cf\" data-element_type=\"widget\" data-e-type=\"widget\" data-widget_type=\"heading.default\">\n\t\t\t\t<div class=\"elementor-widget-container\">\n\t\t\t\t\t<h2 class=\"elementor-heading-title elementor-size-default\">Servicios Relacionados<\/h2>\t\t\t\t<\/div>\n\t\t\t\t<\/div>\n\t\t<div class=\"elementor-element elementor-element-d88e699 e-con-full e-flex e-con e-child\" data-id=\"d88e699\" data-element_type=\"container\" data-e-type=\"container\">\n\t\t<div class=\"elementor-element elementor-element-e6febe4 e-grid e-con-full e-con e-child\" data-id=\"e6febe4\" data-element_type=\"container\" data-e-type=\"container\">\n\t\t\t\t<div class=\"elementor-element elementor-element-d30ab70 elementor-widget elementor-widget-text-editor\" data-id=\"d30ab70\" data-element_type=\"widget\" data-e-type=\"widget\" data-widget_type=\"text-editor.default\">\n\t\t\t\t<div class=\"elementor-widget-container\">\n\t\t\t\t\t\t\t\t\t<p>Desarrollo y validaci\u00f3n de m\u00e9todos microbiol\u00f3gicos<\/p>\t\t\t\t\t\t\t\t<\/div>\n\t\t\t\t<\/div>\n\t\t\t\t<div class=\"elementor-element elementor-element-233394b elementor-widget elementor-widget-text-editor\" data-id=\"233394b\" data-element_type=\"widget\" data-e-type=\"widget\" data-widget_type=\"text-editor.default\">\n\t\t\t\t<div class=\"elementor-widget-container\">\n\t\t\t\t\t\t\t\t\t<p>Control microbiol\u00f3gico de productos que no son necesariamente est\u00e9riles<\/p>\t\t\t\t\t\t\t\t<\/div>\n\t\t\t\t<\/div>\n\t\t\t\t<div class=\"elementor-element elementor-element-dd186f2 elementor-widget elementor-widget-text-editor\" data-id=\"dd186f2\" data-element_type=\"widget\" data-e-type=\"widget\" data-widget_type=\"text-editor.default\">\n\t\t\t\t<div class=\"elementor-widget-container\">\n\t\t\t\t\t\t\t\t\t<p>An\u00e1lisis de agua y control ambiental<\/p>\t\t\t\t\t\t\t\t<\/div>\n\t\t\t\t<\/div>\n\t\t\t\t<div class=\"elementor-element elementor-element-bf5fd2f elementor-widget elementor-widget-text-editor\" data-id=\"bf5fd2f\" data-element_type=\"widget\" data-e-type=\"widget\" data-widget_type=\"text-editor.default\">\n\t\t\t\t<div class=\"elementor-widget-container\">\n\t\t\t\t\t\t\t\t\t<p>Evaluaci\u00f3n de la efectividad de conservantes antimicrobianos<\/p>\t\t\t\t\t\t\t\t<\/div>\n\t\t\t\t<\/div>\n\t\t\t\t<div class=\"elementor-element elementor-element-80aa35e elementor-widget elementor-widget-text-editor\" data-id=\"80aa35e\" data-element_type=\"widget\" data-e-type=\"widget\" data-widget_type=\"text-editor.default\">\n\t\t\t\t<div class=\"elementor-widget-container\">\n\t\t\t\t\t\t\t\t\t<p>Identificaci\u00f3n de microorganismos<\/p>\t\t\t\t\t\t\t\t<\/div>\n\t\t\t\t<\/div>\n\t\t\t\t<div class=\"elementor-element elementor-element-070106f elementor-widget elementor-widget-text-editor\" data-id=\"070106f\" data-element_type=\"widget\" data-e-type=\"widget\" data-widget_type=\"text-editor.default\">\n\t\t\t\t<div class=\"elementor-widget-container\">\n\t\t\t\t\t\t\t\t\t<p>Cuantificaci\u00f3n de bioindicadores<\/p>\t\t\t\t\t\t\t\t<\/div>\n\t\t\t\t<\/div>\n\t\t\t\t<div class=\"elementor-element elementor-element-e671106 elementor-widget elementor-widget-text-editor\" data-id=\"e671106\" data-element_type=\"widget\" data-e-type=\"widget\" data-widget_type=\"text-editor.default\">\n\t\t\t\t<div class=\"elementor-widget-container\">\n\t\t\t\t\t\t\t\t\t<p>Calificaci\u00f3n de desinfectantes<\/p>\t\t\t\t\t\t\t\t<\/div>\n\t\t\t\t<\/div>\n\t\t\t\t<div class=\"elementor-element elementor-element-23e70d2 elementor-widget elementor-widget-text-editor\" data-id=\"23e70d2\" data-element_type=\"widget\" data-e-type=\"widget\" data-widget_type=\"text-editor.default\">\n\t\t\t\t<div class=\"elementor-widget-container\">\n\t\t\t\t\t\t\t\t\t<p>Determinaci\u00f3n de la contaminaci\u00f3n microbiol\u00f3gica en el \u00e1mbito de la validaci\u00f3n de limpieza<\/p>\t\t\t\t\t\t\t\t<\/div>\n\t\t\t\t<\/div>\n\t\t\t\t<div class=\"elementor-element elementor-element-09bc200 elementor-widget elementor-widget-text-editor\" data-id=\"09bc200\" data-element_type=\"widget\" data-e-type=\"widget\" data-widget_type=\"text-editor.default\">\n\t\t\t\t<div class=\"elementor-widget-container\">\n\t\t\t\t\t\t\t\t\t<p>Est\u00e9ril<\/p>\t\t\t\t\t\t\t\t<\/div>\n\t\t\t\t<\/div>\n\t\t\t\t<div class=\"elementor-element elementor-element-2f0de44 elementor-widget elementor-widget-text-editor\" data-id=\"2f0de44\" data-element_type=\"widget\" data-e-type=\"widget\" data-widget_type=\"text-editor.default\">\n\t\t\t\t<div class=\"elementor-widget-container\">\n\t\t\t\t\t\t\t\t\t<p>Endotoxinas bacterianas<\/p>\t\t\t\t\t\t\t\t<\/div>\n\t\t\t\t<\/div>\n\t\t\t\t<\/div>\n\t\t\t\t<\/div>\n\t\t\t\t<\/div>\n\t\t\t\t\t<\/div>\n\t\t\t\t<\/div>\n\t\t<div class=\"elementor-element elementor-element-4d84de04 e-con-full e-flex e-con e-parent\" data-id=\"4d84de04\" data-element_type=\"container\" data-e-type=\"container\" id=\"discover-menu-container\">\n\t\t<div class=\"elementor-element elementor-element-14f0a2a3 e-con-full title-container e-flex e-con e-child\" data-id=\"14f0a2a3\" data-element_type=\"container\" data-e-type=\"container\">\n\t\t\t\t<div class=\"elementor-element elementor-element-389147ef elementor-widget elementor-widget-heading\" data-id=\"389147ef\" data-element_type=\"widget\" data-e-type=\"widget\" data-widget_type=\"heading.default\">\n\t\t\t\t<div class=\"elementor-widget-container\">\n\t\t\t\t\t<h2 class=\"elementor-heading-title elementor-size-default\">Descubre<\/h2>\t\t\t\t<\/div>\n\t\t\t\t<\/div>\n\t\t\t\t<div class=\"elementor-element elementor-element-10bb03f8 elementor-widget elementor-widget-html\" data-id=\"10bb03f8\" data-element_type=\"widget\" data-e-type=\"widget\" data-widget_type=\"html.default\">\n\t\t\t\t<div class=\"elementor-widget-container\">\n\t\t\t\t\t<svg aria-hidden=\"true\" class=\"e-font-icon-svg e-fas-plus-circle\" viewBox=\"0 0 512 512\" xmlns=\"http:\/\/www.w3.org\/2000\/svg\"><path d=\"M256 8C119 8 8 119 8 256s111 248 248 248 248-111 248-248S393 8 256 8zm144 276c0 6.6-5.4 12-12 12h-92v92c0 6.6-5.4 12-12 12h-56c-6.6 0-12-5.4-12-12v-92h-92c-6.6 0-12-5.4-12-12v-56c0-6.6 5.4-12 12-12h92v-92c0-6.6 5.4-12 12-12h56c6.6 0 12 5.4 12 12v92h92c6.6 0 12 5.4 12 12v56z\"><\/path><\/svg>\t\t\t\t<\/div>\n\t\t\t\t<\/div>\n\t\t\t\t<\/div>\n\t\t\t\t<div class=\"elementor-element elementor-element-519c63c8 elementor-nav-menu--dropdown-none discover-menu elementor-widget elementor-widget-nav-menu\" data-id=\"519c63c8\" data-element_type=\"widget\" data-e-type=\"widget\" data-settings=\"{&quot;layout&quot;:&quot;vertical&quot;,&quot;submenu_icon&quot;:{&quot;value&quot;:&quot;&lt;svg aria-hidden=\\&quot;true\\&quot; class=\\&quot;e-font-icon-svg e-fas-caret-down\\&quot; viewBox=\\&quot;0 0 320 512\\&quot; xmlns=\\&quot;http:\\\/\\\/www.w3.org\\\/2000\\\/svg\\&quot;&gt;&lt;path d=\\&quot;M31.3 192h257.3c17.8 0 26.7 21.5 14.1 34.1L174.1 354.8c-7.8 7.8-20.5 7.8-28.3 0L17.2 226.1C4.6 213.5 13.5 192 31.3 192z\\&quot;&gt;&lt;\\\/path&gt;&lt;\\\/svg&gt;&quot;,&quot;library&quot;:&quot;fa-solid&quot;}}\" data-widget_type=\"nav-menu.default\">\n\t\t\t\t<div class=\"elementor-widget-container\">\n\t\t\t\t\t\t\t\t<nav aria-label=\"Men\u00fa\" class=\"elementor-nav-menu--main elementor-nav-menu__container elementor-nav-menu--layout-vertical e--pointer-underline e--animation-fade\">\n\t\t\t\t<ul id=\"menu-1-519c63c8\" class=\"elementor-nav-menu sm-vertical\"><li class=\"menu-item menu-item-type-post_type menu-item-object-page menu-item-4099\"><a href=\"https:\/\/amsbiopharma.com\/es\/impurezas-de-medicamentos\/\" class=\"elementor-item\">Impurezas de medicamentos<\/a><\/li>\n<li class=\"menu-item menu-item-type-post_type menu-item-object-page menu-item-4100\"><a href=\"https:\/\/amsbiopharma.com\/es\/soporte-analitico\/\" class=\"elementor-item\">Soporte anal\u00edtico<\/a><\/li>\n<li class=\"menu-item menu-item-type-post_type menu-item-object-page menu-item-4101\"><a href=\"https:\/\/amsbiopharma.com\/es\/analisis-de-biofarmaceuticos-basados-en-proteinas\/\" class=\"elementor-item\">An\u00e1lisis de biofarma\u0301ceuticos basados en prote\u00ednas<\/a><\/li>\n<li class=\"menu-item menu-item-type-post_type menu-item-object-page menu-item-4102\"><a href=\"https:\/\/amsbiopharma.com\/es\/analisis-de-biofarmaceuticos-basados-en-acidos-nucleicos\/\" class=\"elementor-item\">An\u00e1lisis de biofarma\u0301ceuticos basados en \u00e1cidos nucleicos<\/a><\/li>\n<li class=\"menu-item menu-item-type-post_type menu-item-object-page menu-item-4103\"><a href=\"https:\/\/amsbiopharma.com\/es\/analisis-icp-ms\/\" class=\"elementor-item\">An\u00e1lisis ICP-MS<\/a><\/li>\n<li class=\"menu-item menu-item-type-post_type menu-item-object-page menu-item-4104\"><a href=\"https:\/\/amsbiopharma.com\/es\/control-de-calidad-y-estabilidades\/\" class=\"elementor-item\">Control de calidad y estabilidades<\/a><\/li>\n<li class=\"menu-item menu-item-type-post_type menu-item-object-page menu-item-4105\"><a href=\"https:\/\/amsbiopharma.com\/es\/control-microbiologico\/\" class=\"elementor-item\">Control microbiol\u00f3gico<\/a><\/li>\n<li class=\"menu-item menu-item-type-post_type menu-item-object-page menu-item-4106\"><a href=\"https:\/\/amsbiopharma.com\/es\/cannabis-medicinal\/\" class=\"elementor-item\">Cannabis medicinal<\/a><\/li>\n<\/ul>\t\t\t<\/nav>\n\t\t\t\t\t\t<nav class=\"elementor-nav-menu--dropdown elementor-nav-menu__container\" aria-hidden=\"true\">\n\t\t\t\t<ul id=\"menu-2-519c63c8\" class=\"elementor-nav-menu sm-vertical\"><li class=\"menu-item menu-item-type-post_type menu-item-object-page menu-item-4099\"><a href=\"https:\/\/amsbiopharma.com\/es\/impurezas-de-medicamentos\/\" class=\"elementor-item\" tabindex=\"-1\">Impurezas de medicamentos<\/a><\/li>\n<li class=\"menu-item menu-item-type-post_type menu-item-object-page menu-item-4100\"><a href=\"https:\/\/amsbiopharma.com\/es\/soporte-analitico\/\" class=\"elementor-item\" tabindex=\"-1\">Soporte anal\u00edtico<\/a><\/li>\n<li class=\"menu-item menu-item-type-post_type menu-item-object-page menu-item-4101\"><a href=\"https:\/\/amsbiopharma.com\/es\/analisis-de-biofarmaceuticos-basados-en-proteinas\/\" class=\"elementor-item\" tabindex=\"-1\">An\u00e1lisis de biofarma\u0301ceuticos basados en prote\u00ednas<\/a><\/li>\n<li class=\"menu-item menu-item-type-post_type menu-item-object-page menu-item-4102\"><a href=\"https:\/\/amsbiopharma.com\/es\/analisis-de-biofarmaceuticos-basados-en-acidos-nucleicos\/\" class=\"elementor-item\" tabindex=\"-1\">An\u00e1lisis de biofarma\u0301ceuticos basados en \u00e1cidos nucleicos<\/a><\/li>\n<li class=\"menu-item menu-item-type-post_type menu-item-object-page menu-item-4103\"><a href=\"https:\/\/amsbiopharma.com\/es\/analisis-icp-ms\/\" class=\"elementor-item\" tabindex=\"-1\">An\u00e1lisis ICP-MS<\/a><\/li>\n<li class=\"menu-item menu-item-type-post_type menu-item-object-page menu-item-4104\"><a href=\"https:\/\/amsbiopharma.com\/es\/control-de-calidad-y-estabilidades\/\" class=\"elementor-item\" tabindex=\"-1\">Control de calidad y estabilidades<\/a><\/li>\n<li class=\"menu-item menu-item-type-post_type menu-item-object-page menu-item-4105\"><a href=\"https:\/\/amsbiopharma.com\/es\/control-microbiologico\/\" class=\"elementor-item\" tabindex=\"-1\">Control microbiol\u00f3gico<\/a><\/li>\n<li class=\"menu-item menu-item-type-post_type menu-item-object-page menu-item-4106\"><a href=\"https:\/\/amsbiopharma.com\/es\/cannabis-medicinal\/\" class=\"elementor-item\" tabindex=\"-1\">Cannabis medicinal<\/a><\/li>\n<\/ul>\t\t\t<\/nav>\n\t\t\t\t\t\t<\/div>\n\t\t\t\t<\/div>\n\t\t\t\t<\/div>\n\t\t\t\t<\/div>\n\t\t","protected":false},"excerpt":{"rendered":"<div class=\"entry-summary\">\nControl de Calidad En AMSbiopharma, ofrecemos servicios de control de calidad especializados para garantizar la seguridad y eficacia de los productos farmac\u00e9uticos. Desde el an\u00e1lisis de impurezas de medicamentos hasta pruebas de biopharma\u0301ceuticos basadas en prote\u00ednas y \u00e1cidos nucleicos, utilizamos&hellip;\n<\/div>\n<div class=\"link-more\"><a href=\"https:\/\/amsbiopharma.com\/es\/control-microbiologico\/\" class=\"more-link\">Continue reading<span class=\"screen-reader-text\"> &ldquo;Control microbiol\u00f3gico&rdquo;<\/span>&hellip;<\/a><\/div>\n","protected":false},"author":1,"featured_media":4763,"parent":0,"menu_order":0,"comment_status":"closed","ping_status":"closed","template":"elementor_header_footer","meta":{"footnotes":""},"class_list":["post-3882","page","type-page","status-publish","has-post-thumbnail","hentry","entry"],"_links":{"self":[{"href":"https:\/\/amsbiopharma.com\/es\/wp-json\/wp\/v2\/pages\/3882","targetHints":{"allow":["GET"]}}],"collection":[{"href":"https:\/\/amsbiopharma.com\/es\/wp-json\/wp\/v2\/pages"}],"about":[{"href":"https:\/\/amsbiopharma.com\/es\/wp-json\/wp\/v2\/types\/page"}],"author":[{"embeddable":true,"href":"https:\/\/amsbiopharma.com\/es\/wp-json\/wp\/v2\/users\/1"}],"replies":[{"embeddable":true,"href":"https:\/\/amsbiopharma.com\/es\/wp-json\/wp\/v2\/comments?post=3882"}],"version-history":[{"count":21,"href":"https:\/\/amsbiopharma.com\/es\/wp-json\/wp\/v2\/pages\/3882\/revisions"}],"predecessor-version":[{"id":4593,"href":"https:\/\/amsbiopharma.com\/es\/wp-json\/wp\/v2\/pages\/3882\/revisions\/4593"}],"wp:featuredmedia":[{"embeddable":true,"href":"https:\/\/amsbiopharma.com\/es\/wp-json\/wp\/v2\/media\/4763"}],"wp:attachment":[{"href":"https:\/\/amsbiopharma.com\/es\/wp-json\/wp\/v2\/media?parent=3882"}],"curies":[{"name":"wp","href":"https:\/\/api.w.org\/{rel}","templated":true}]}}