{"id":3896,"date":"2024-10-01T17:18:01","date_gmt":"2024-10-01T15:18:01","guid":{"rendered":"https:\/\/amsbiopharma.com\/medical-cannabis\/"},"modified":"2024-10-16T16:41:08","modified_gmt":"2024-10-16T14:41:08","slug":"cannabis-medicinal","status":"publish","type":"page","link":"https:\/\/amsbiopharma.com\/es\/cannabis-medicinal\/","title":{"rendered":"Cannabis medicinal"},"content":{"rendered":"\t\t<div data-elementor-type=\"wp-page\" data-elementor-id=\"3896\" class=\"elementor elementor-3896 elementor-533\" data-elementor-post-type=\"page\">\n\t\t\t\t<div class=\"elementor-element elementor-element-200c76c0 e-flex e-con-boxed e-con e-parent\" data-id=\"200c76c0\" data-element_type=\"container\" data-e-type=\"container\">\n\t\t\t\t\t<div class=\"e-con-inner\">\n\t\t<div class=\"elementor-element elementor-element-3cd03624 e-con-full e-flex e-con e-child\" data-id=\"3cd03624\" data-element_type=\"container\" data-e-type=\"container\" data-settings=\"{&quot;background_background&quot;:&quot;classic&quot;}\">\n\t\t<div class=\"elementor-element elementor-element-211dcd80 e-con-full e-flex e-con e-child\" data-id=\"211dcd80\" data-element_type=\"container\" data-e-type=\"container\">\n\t\t\t\t<div class=\"elementor-element elementor-element-53a67398 elementor-widget elementor-widget-heading\" data-id=\"53a67398\" data-element_type=\"widget\" data-e-type=\"widget\" data-widget_type=\"heading.default\">\n\t\t\t\t<div class=\"elementor-widget-container\">\n\t\t\t\t\t<h2 class=\"elementor-heading-title elementor-size-default\">Control de Calidad<\/h2>\t\t\t\t<\/div>\n\t\t\t\t<\/div>\n\t\t\t\t<\/div>\n\t\t<div class=\"elementor-element elementor-element-106726ff e-con-full e-flex e-con e-child\" data-id=\"106726ff\" data-element_type=\"container\" data-e-type=\"container\">\n\t\t\t\t<div class=\"elementor-element elementor-element-35ebb18a elementor-widget elementor-widget-text-editor\" data-id=\"35ebb18a\" data-element_type=\"widget\" data-e-type=\"widget\" data-widget_type=\"text-editor.default\">\n\t\t\t\t<div class=\"elementor-widget-container\">\n\t\t\t\t\t\t\t\t\t<p>En AMSbiopharma, ofrecemos servicios de control de calidad especializados para garantizar la seguridad y eficacia de los productos farmac\u00e9uticos. Desde el an\u00e1lisis de impurezas de medicamentos hasta pruebas de biopharma\u0301ceuticos basadas en prote\u00ednas y \u00e1cidos nucleicos, utilizamos t\u00e9cnicas avanzadas como UPLC-MS\/MS e ICP-MS para cumplir con los m\u00e1s altos est\u00e1ndares de la industria y los requisitos regulatorios.<\/p>\t\t\t\t\t\t\t\t<\/div>\n\t\t\t\t<\/div>\n\t\t\t\t<\/div>\n\t\t\t\t<\/div>\n\t\t<div class=\"elementor-element elementor-element-2b25bd0f e-con-full e-flex e-con e-child\" data-id=\"2b25bd0f\" data-element_type=\"container\" data-e-type=\"container\" data-settings=\"{&quot;background_background&quot;:&quot;video&quot;}\">\n\t\t<div class=\"elementor-element elementor-element-80d5fec e-con-full e-flex e-con e-child\" data-id=\"80d5fec\" data-element_type=\"container\" data-e-type=\"container\" data-settings=\"{&quot;background_background&quot;:&quot;video&quot;,&quot;background_video_link&quot;:&quot;https:\\\/\\\/amsbiopharma.com\\\/wp-content\\\/uploads\\\/Clip6_SM.mp4&quot;,&quot;background_play_on_mobile&quot;:&quot;yes&quot;,&quot;background_video_start&quot;:0,&quot;background_video_end&quot;:9,&quot;background_play_once&quot;:&quot;yes&quot;}\">\n\t\t<div class=\"elementor-background-video-container\">\n\t\t\t\t\t\t\t<video class=\"elementor-background-video-hosted\" role=\"presentation\" autoplay muted playsinline><\/video>\n\t\t\t\t\t<\/div>\t\t<\/div>\n\t\t\t\t<\/div>\n\t\t\t\t\t<\/div>\n\t\t\t\t<\/div>\n\t\t<div class=\"elementor-element elementor-element-aaee7a4 e-flex e-con-boxed e-con e-parent\" data-id=\"aaee7a4\" data-element_type=\"container\" data-e-type=\"container\" data-settings=\"{&quot;background_background&quot;:&quot;classic&quot;}\">\n\t\t\t\t\t<div class=\"e-con-inner\">\n\t\t<div class=\"elementor-element elementor-element-97feea0 e-con-full e-flex e-con e-child\" data-id=\"97feea0\" data-element_type=\"container\" data-e-type=\"container\">\n\t\t\t\t<div class=\"elementor-element elementor-element-cc70d23 elementor-widget elementor-widget-heading\" data-id=\"cc70d23\" data-element_type=\"widget\" data-e-type=\"widget\" data-widget_type=\"heading.default\">\n\t\t\t\t<div class=\"elementor-widget-container\">\n\t\t\t\t\t<h2 class=\"elementor-heading-title elementor-size-default\">Cannabis medicinal<\/h2>\t\t\t\t<\/div>\n\t\t\t\t<\/div>\n\t\t\t\t<div class=\"elementor-element elementor-element-4b6ca10 elementor-widget elementor-widget-text-editor\" data-id=\"4b6ca10\" data-element_type=\"widget\" data-e-type=\"widget\" data-widget_type=\"text-editor.default\">\n\t\t\t\t<div class=\"elementor-widget-container\">\n\t\t\t\t\t\t\t\t\t<div class=\"flex max-w-full flex-col flex-grow\">\n<div class=\"min-h-8 text-message flex w-full flex-col items-end gap-2 whitespace-normal break-words [.text-message+&amp;]:mt-5\" dir=\"auto\" data-message-author-role=\"assistant\" data-message-id=\"76e3344a-764e-4e06-aca6-3de5d59bc6e9\" data-message-model-slug=\"gpt-4o-mini\">\n<div class=\"flex w-full flex-col gap-1 empty:hidden first:pt-[3px]\">\n<div class=\"markdown prose w-full break-words dark:prose-invert light\">\n<p>Podemos ofrecer soluciones integrales para las pruebas y validaci\u00f3n de productos de cannabis, asegurando que cumplan con los m\u00e1s altos est\u00e1ndares de seguridad y eficacia.&nbsp;<\/p>\n<\/div>\n<\/div>\n<\/div>\n<\/div>\t\t\t\t\t\t\t\t<\/div>\n\t\t\t\t<\/div>\n\t\t\t\t<\/div>\n\t\t<div class=\"elementor-element elementor-element-5fa3704 e-con-full e-flex e-con e-child\" data-id=\"5fa3704\" data-element_type=\"container\" data-e-type=\"container\">\n\t\t\t\t<div class=\"elementor-element elementor-element-11d0319 elementor-widget elementor-widget-image\" data-id=\"11d0319\" data-element_type=\"widget\" data-e-type=\"widget\" data-widget_type=\"image.default\">\n\t\t\t\t<div class=\"elementor-widget-container\">\n\t\t\t\t\t\t\t\t\t\t\t\t\t\t\t<img fetchpriority=\"high\" decoding=\"async\" width=\"901\" height=\"365\" src=\"https:\/\/amsbiopharma.com\/wp-content\/uploads\/cannabis.png\" class=\"attachment-large size-large wp-image-3651\" alt=\"\" srcset=\"https:\/\/amsbiopharma.com\/wp-content\/uploads\/cannabis.png 901w, https:\/\/amsbiopharma.com\/wp-content\/uploads\/cannabis-300x122.png 300w, https:\/\/amsbiopharma.com\/wp-content\/uploads\/cannabis-768x311.png 768w\" sizes=\"(max-width: 901px) 100vw, 901px\" \/>\t\t\t\t\t\t\t\t\t\t\t\t\t\t\t<\/div>\n\t\t\t\t<\/div>\n\t\t\t\t<\/div>\n\t\t\t\t\t<\/div>\n\t\t\t\t<\/div>\n\t\t<div class=\"elementor-element elementor-element-5352dcb e-flex e-con-boxed e-con e-parent\" data-id=\"5352dcb\" data-element_type=\"container\" data-e-type=\"container\" data-settings=\"{&quot;background_background&quot;:&quot;classic&quot;}\">\n\t\t\t\t\t<div class=\"e-con-inner\">\n\t\t<div class=\"elementor-element elementor-element-73b3c3c e-con-full e-flex e-con e-child\" data-id=\"73b3c3c\" data-element_type=\"container\" data-e-type=\"container\" data-settings=\"{&quot;background_background&quot;:&quot;classic&quot;}\">\n\t\t\t\t<div class=\"elementor-element elementor-element-9c36b40 elementor-widget elementor-widget-heading\" data-id=\"9c36b40\" data-element_type=\"widget\" data-e-type=\"widget\" data-widget_type=\"heading.default\">\n\t\t\t\t<div class=\"elementor-widget-container\">\n\t\t\t\t\t<h2 class=\"elementor-heading-title elementor-size-default\">Servicios Relacionados<\/h2>\t\t\t\t<\/div>\n\t\t\t\t<\/div>\n\t\t<div class=\"elementor-element elementor-element-10db5bb e-con-full e-flex e-con e-child\" data-id=\"10db5bb\" data-element_type=\"container\" data-e-type=\"container\">\n\t\t\t\t<div class=\"elementor-element elementor-element-87a9639 elementor-widget__width-initial elementor-widget-mobile__width-initial elementor-widget elementor-widget-heading\" data-id=\"87a9639\" data-element_type=\"widget\" data-e-type=\"widget\" data-widget_type=\"heading.default\">\n\t\t\t\t<div class=\"elementor-widget-container\">\n\t\t\t\t\t<p class=\"elementor-heading-title elementor-size-default\">Servicios anal\u00edticos<\/p>\t\t\t\t<\/div>\n\t\t\t\t<\/div>\n\t\t<div class=\"elementor-element elementor-element-5c1eccb e-grid e-con-full e-con e-child\" data-id=\"5c1eccb\" data-element_type=\"container\" data-e-type=\"container\">\n\t\t\t\t<div class=\"elementor-element elementor-element-0158754 elementor-widget elementor-widget-text-editor\" data-id=\"0158754\" data-element_type=\"widget\" data-e-type=\"widget\" data-widget_type=\"text-editor.default\">\n\t\t\t\t<div class=\"elementor-widget-container\">\n\t\t\t\t\t\t\t\t\t<p>Desarrollo y validaci\u00f3n de m\u00e9todos anal\u00edticos<\/p>\t\t\t\t\t\t\t\t<\/div>\n\t\t\t\t<\/div>\n\t\t\t\t<div class=\"elementor-element elementor-element-0eadb51 elementor-widget elementor-widget-text-editor\" data-id=\"0eadb51\" data-element_type=\"widget\" data-e-type=\"widget\" data-widget_type=\"text-editor.default\">\n\t\t\t\t<div class=\"elementor-widget-container\">\n\t\t\t\t\t\t\t\t\t<p>Control de calidad para la liberaci\u00f3n de lotes de cannabis medicinal (flores secas y extractos)<\/p>\t\t\t\t\t\t\t\t<\/div>\n\t\t\t\t<\/div>\n\t\t\t\t<div class=\"elementor-element elementor-element-d66aae4 elementor-widget elementor-widget-text-editor\" data-id=\"d66aae4\" data-element_type=\"widget\" data-e-type=\"widget\" data-widget_type=\"text-editor.default\">\n\t\t\t\t<div class=\"elementor-widget-container\">\n\t\t\t\t\t\t\t\t\t<p>Dosificaci\u00f3n de ingredientes activos (cannabinoides principales THC y CBD, cannabinoides secundarios y terpenos)<\/p>\t\t\t\t\t\t\t\t<\/div>\n\t\t\t\t<\/div>\n\t\t\t\t<div class=\"elementor-element elementor-element-95adb2a elementor-widget elementor-widget-text-editor\" data-id=\"95adb2a\" data-element_type=\"widget\" data-e-type=\"widget\" data-widget_type=\"text-editor.default\">\n\t\t\t\t<div class=\"elementor-widget-container\">\n\t\t\t\t\t\t\t\t\t<p>Identificaci\u00f3n (macrosc\u00f3pica, microsc\u00f3pica y TLC)<\/p>\t\t\t\t\t\t\t\t<\/div>\n\t\t\t\t<\/div>\n\t\t\t\t<div class=\"elementor-element elementor-element-2545e8f elementor-widget elementor-widget-text-editor\" data-id=\"2545e8f\" data-element_type=\"widget\" data-e-type=\"widget\" data-widget_type=\"text-editor.default\">\n\t\t\t\t<div class=\"elementor-widget-container\">\n\t\t\t\t\t\t\t\t\t<div class=\"flex max-w-full flex-col flex-grow\">\n<div class=\"min-h-8 text-message flex w-full flex-col items-end gap-2 whitespace-normal break-words [.text-message+&amp;]:mt-5\" dir=\"auto\" data-message-author-role=\"assistant\" data-message-id=\"a22b48ac-7aca-480e-8d46-8d80faca40db\" data-message-model-slug=\"gpt-4o-mini\">\n<div class=\"flex w-full flex-col gap-1 empty:hidden first:pt-[3px]\">\n<div class=\"markdown prose w-full break-words dark:prose-invert light\">\n<p>Pureza y seguridad (productos de degradaci\u00f3n, micotoxinas, materia extra\u00f1a, control microbiol\u00f3gico, p\u00e9rdida por secado, contenido de agua, metales pesados, solventes residuales y pesticidas)<\/p><\/div><\/div><\/div><\/div>\t\t\t\t\t\t\t\t<\/div>\n\t\t\t\t<\/div>\n\t\t\t\t<\/div>\n\t\t\t\t<\/div>\n\t\t\t\t<\/div>\n\t\t\t\t\t<\/div>\n\t\t\t\t<\/div>\n\t\t<div class=\"elementor-element elementor-element-39080fea e-con-full e-flex e-con e-parent\" data-id=\"39080fea\" data-element_type=\"container\" data-e-type=\"container\" id=\"discover-menu-container\">\n\t\t<div class=\"elementor-element elementor-element-5d20cd05 e-con-full title-container e-flex e-con e-child\" data-id=\"5d20cd05\" data-element_type=\"container\" data-e-type=\"container\">\n\t\t\t\t<div class=\"elementor-element elementor-element-1572ce70 elementor-widget elementor-widget-heading\" data-id=\"1572ce70\" data-element_type=\"widget\" data-e-type=\"widget\" data-widget_type=\"heading.default\">\n\t\t\t\t<div class=\"elementor-widget-container\">\n\t\t\t\t\t<h2 class=\"elementor-heading-title elementor-size-default\">Descubre<\/h2>\t\t\t\t<\/div>\n\t\t\t\t<\/div>\n\t\t\t\t<div class=\"elementor-element elementor-element-4a947f6a elementor-widget elementor-widget-html\" data-id=\"4a947f6a\" data-element_type=\"widget\" data-e-type=\"widget\" data-widget_type=\"html.default\">\n\t\t\t\t<div class=\"elementor-widget-container\">\n\t\t\t\t\t<svg aria-hidden=\"true\" class=\"e-font-icon-svg e-fas-plus-circle\" viewBox=\"0 0 512 512\" xmlns=\"http:\/\/www.w3.org\/2000\/svg\"><path d=\"M256 8C119 8 8 119 8 256s111 248 248 248 248-111 248-248S393 8 256 8zm144 276c0 6.6-5.4 12-12 12h-92v92c0 6.6-5.4 12-12 12h-56c-6.6 0-12-5.4-12-12v-92h-92c-6.6 0-12-5.4-12-12v-56c0-6.6 5.4-12 12-12h92v-92c0-6.6 5.4-12 12-12h56c6.6 0 12 5.4 12 12v92h92c6.6 0 12 5.4 12 12v56z\"><\/path><\/svg>\t\t\t\t<\/div>\n\t\t\t\t<\/div>\n\t\t\t\t<\/div>\n\t\t\t\t<div class=\"elementor-element elementor-element-595858f8 elementor-nav-menu--dropdown-none discover-menu elementor-widget elementor-widget-nav-menu\" data-id=\"595858f8\" data-element_type=\"widget\" data-e-type=\"widget\" data-settings=\"{&quot;layout&quot;:&quot;vertical&quot;,&quot;submenu_icon&quot;:{&quot;value&quot;:&quot;&lt;svg aria-hidden=\\&quot;true\\&quot; class=\\&quot;e-font-icon-svg e-fas-caret-down\\&quot; viewBox=\\&quot;0 0 320 512\\&quot; xmlns=\\&quot;http:\\\/\\\/www.w3.org\\\/2000\\\/svg\\&quot;&gt;&lt;path d=\\&quot;M31.3 192h257.3c17.8 0 26.7 21.5 14.1 34.1L174.1 354.8c-7.8 7.8-20.5 7.8-28.3 0L17.2 226.1C4.6 213.5 13.5 192 31.3 192z\\&quot;&gt;&lt;\\\/path&gt;&lt;\\\/svg&gt;&quot;,&quot;library&quot;:&quot;fa-solid&quot;}}\" data-widget_type=\"nav-menu.default\">\n\t\t\t\t<div class=\"elementor-widget-container\">\n\t\t\t\t\t\t\t\t<nav aria-label=\"Men\u00fa\" class=\"elementor-nav-menu--main elementor-nav-menu__container elementor-nav-menu--layout-vertical e--pointer-underline e--animation-fade\">\n\t\t\t\t<ul id=\"menu-1-595858f8\" class=\"elementor-nav-menu sm-vertical\"><li class=\"menu-item menu-item-type-post_type menu-item-object-page menu-item-4099\"><a href=\"https:\/\/amsbiopharma.com\/es\/impurezas-de-medicamentos\/\" class=\"elementor-item\">Impurezas de medicamentos<\/a><\/li>\n<li class=\"menu-item menu-item-type-post_type menu-item-object-page menu-item-4100\"><a href=\"https:\/\/amsbiopharma.com\/es\/soporte-analitico\/\" class=\"elementor-item\">Soporte anal\u00edtico<\/a><\/li>\n<li class=\"menu-item menu-item-type-post_type menu-item-object-page menu-item-4101\"><a href=\"https:\/\/amsbiopharma.com\/es\/analisis-de-biofarmaceuticos-basados-en-proteinas\/\" class=\"elementor-item\">An\u00e1lisis de biofarma\u0301ceuticos basados en prote\u00ednas<\/a><\/li>\n<li class=\"menu-item menu-item-type-post_type menu-item-object-page menu-item-4102\"><a href=\"https:\/\/amsbiopharma.com\/es\/analisis-de-biofarmaceuticos-basados-en-acidos-nucleicos\/\" class=\"elementor-item\">An\u00e1lisis de biofarma\u0301ceuticos basados en \u00e1cidos nucleicos<\/a><\/li>\n<li class=\"menu-item menu-item-type-post_type menu-item-object-page menu-item-4103\"><a href=\"https:\/\/amsbiopharma.com\/es\/analisis-icp-ms\/\" class=\"elementor-item\">An\u00e1lisis ICP-MS<\/a><\/li>\n<li class=\"menu-item menu-item-type-post_type menu-item-object-page menu-item-4104\"><a href=\"https:\/\/amsbiopharma.com\/es\/control-de-calidad-y-estabilidades\/\" class=\"elementor-item\">Control de calidad y estabilidades<\/a><\/li>\n<li class=\"menu-item menu-item-type-post_type menu-item-object-page menu-item-4105\"><a href=\"https:\/\/amsbiopharma.com\/es\/control-microbiologico\/\" class=\"elementor-item\">Control microbiol\u00f3gico<\/a><\/li>\n<li class=\"menu-item menu-item-type-post_type menu-item-object-page menu-item-4106\"><a href=\"https:\/\/amsbiopharma.com\/es\/cannabis-medicinal\/\" class=\"elementor-item\">Cannabis medicinal<\/a><\/li>\n<\/ul>\t\t\t<\/nav>\n\t\t\t\t\t\t<nav class=\"elementor-nav-menu--dropdown elementor-nav-menu__container\" aria-hidden=\"true\">\n\t\t\t\t<ul id=\"menu-2-595858f8\" class=\"elementor-nav-menu sm-vertical\"><li class=\"menu-item menu-item-type-post_type menu-item-object-page menu-item-4099\"><a href=\"https:\/\/amsbiopharma.com\/es\/impurezas-de-medicamentos\/\" class=\"elementor-item\" tabindex=\"-1\">Impurezas de medicamentos<\/a><\/li>\n<li class=\"menu-item menu-item-type-post_type menu-item-object-page menu-item-4100\"><a href=\"https:\/\/amsbiopharma.com\/es\/soporte-analitico\/\" class=\"elementor-item\" tabindex=\"-1\">Soporte anal\u00edtico<\/a><\/li>\n<li class=\"menu-item menu-item-type-post_type menu-item-object-page menu-item-4101\"><a href=\"https:\/\/amsbiopharma.com\/es\/analisis-de-biofarmaceuticos-basados-en-proteinas\/\" class=\"elementor-item\" tabindex=\"-1\">An\u00e1lisis de biofarma\u0301ceuticos basados en prote\u00ednas<\/a><\/li>\n<li class=\"menu-item menu-item-type-post_type menu-item-object-page menu-item-4102\"><a href=\"https:\/\/amsbiopharma.com\/es\/analisis-de-biofarmaceuticos-basados-en-acidos-nucleicos\/\" class=\"elementor-item\" tabindex=\"-1\">An\u00e1lisis de biofarma\u0301ceuticos basados en \u00e1cidos nucleicos<\/a><\/li>\n<li class=\"menu-item menu-item-type-post_type menu-item-object-page menu-item-4103\"><a href=\"https:\/\/amsbiopharma.com\/es\/analisis-icp-ms\/\" class=\"elementor-item\" tabindex=\"-1\">An\u00e1lisis ICP-MS<\/a><\/li>\n<li class=\"menu-item menu-item-type-post_type menu-item-object-page menu-item-4104\"><a href=\"https:\/\/amsbiopharma.com\/es\/control-de-calidad-y-estabilidades\/\" class=\"elementor-item\" tabindex=\"-1\">Control de calidad y estabilidades<\/a><\/li>\n<li class=\"menu-item menu-item-type-post_type menu-item-object-page menu-item-4105\"><a href=\"https:\/\/amsbiopharma.com\/es\/control-microbiologico\/\" class=\"elementor-item\" tabindex=\"-1\">Control microbiol\u00f3gico<\/a><\/li>\n<li class=\"menu-item menu-item-type-post_type menu-item-object-page menu-item-4106\"><a href=\"https:\/\/amsbiopharma.com\/es\/cannabis-medicinal\/\" class=\"elementor-item\" tabindex=\"-1\">Cannabis medicinal<\/a><\/li>\n<\/ul>\t\t\t<\/nav>\n\t\t\t\t\t\t<\/div>\n\t\t\t\t<\/div>\n\t\t\t\t<\/div>\n\t\t\t\t<\/div>\n\t\t","protected":false},"excerpt":{"rendered":"<div class=\"entry-summary\">\nControl de Calidad En AMSbiopharma, ofrecemos servicios de control de calidad especializados para garantizar la seguridad y eficacia de los productos farmac\u00e9uticos. Desde el an\u00e1lisis de impurezas de medicamentos hasta pruebas de biopharma\u0301ceuticos basadas en prote\u00ednas y \u00e1cidos nucleicos, utilizamos&hellip;\n<\/div>\n<div class=\"link-more\"><a href=\"https:\/\/amsbiopharma.com\/es\/cannabis-medicinal\/\" class=\"more-link\">Continue reading<span class=\"screen-reader-text\"> &ldquo;Cannabis medicinal&rdquo;<\/span>&hellip;<\/a><\/div>\n","protected":false},"author":1,"featured_media":4763,"parent":0,"menu_order":0,"comment_status":"closed","ping_status":"closed","template":"elementor_header_footer","meta":{"footnotes":""},"class_list":["post-3896","page","type-page","status-publish","has-post-thumbnail","hentry","entry"],"_links":{"self":[{"href":"https:\/\/amsbiopharma.com\/es\/wp-json\/wp\/v2\/pages\/3896","targetHints":{"allow":["GET"]}}],"collection":[{"href":"https:\/\/amsbiopharma.com\/es\/wp-json\/wp\/v2\/pages"}],"about":[{"href":"https:\/\/amsbiopharma.com\/es\/wp-json\/wp\/v2\/types\/page"}],"author":[{"embeddable":true,"href":"https:\/\/amsbiopharma.com\/es\/wp-json\/wp\/v2\/users\/1"}],"replies":[{"embeddable":true,"href":"https:\/\/amsbiopharma.com\/es\/wp-json\/wp\/v2\/comments?post=3896"}],"version-history":[{"count":23,"href":"https:\/\/amsbiopharma.com\/es\/wp-json\/wp\/v2\/pages\/3896\/revisions"}],"predecessor-version":[{"id":4651,"href":"https:\/\/amsbiopharma.com\/es\/wp-json\/wp\/v2\/pages\/3896\/revisions\/4651"}],"wp:featuredmedia":[{"embeddable":true,"href":"https:\/\/amsbiopharma.com\/es\/wp-json\/wp\/v2\/media\/4763"}],"wp:attachment":[{"href":"https:\/\/amsbiopharma.com\/es\/wp-json\/wp\/v2\/media?parent=3896"}],"curies":[{"name":"wp","href":"https:\/\/api.w.org\/{rel}","templated":true}]}}