{"id":3999,"date":"2024-10-04T14:58:03","date_gmt":"2024-10-04T12:58:03","guid":{"rendered":"https:\/\/amsbiopharma.com\/cookies-policy\/"},"modified":"2024-10-16T16:39:18","modified_gmt":"2024-10-16T14:39:18","slug":"politica-de-cookies","status":"publish","type":"page","link":"https:\/\/amsbiopharma.com\/es\/politica-de-cookies\/","title":{"rendered":"Pol\u00edtica de cookies"},"content":{"rendered":"\t\t<div data-elementor-type=\"wp-page\" data-elementor-id=\"3999\" class=\"elementor elementor-3999 elementor-1331\" data-elementor-post-type=\"page\">\n\t\t\t\t<div class=\"elementor-element elementor-element-ca62690 e-flex e-con-boxed e-con e-parent\" data-id=\"ca62690\" data-element_type=\"container\" data-e-type=\"container\" data-settings=\"{&quot;background_background&quot;:&quot;classic&quot;}\">\n\t\t\t\t\t<div class=\"e-con-inner\">\n\t\t<div class=\"elementor-element elementor-element-01efcdb e-con-full e-flex e-con e-child\" data-id=\"01efcdb\" data-element_type=\"container\" data-e-type=\"container\">\n\t\t\t\t<div class=\"elementor-element elementor-element-a420930 elementor-widget elementor-widget-heading\" data-id=\"a420930\" data-element_type=\"widget\" data-e-type=\"widget\" data-widget_type=\"heading.default\">\n\t\t\t\t<div class=\"elementor-widget-container\">\n\t\t\t\t\t<h1 class=\"elementor-heading-title elementor-size-default\">Pol\u00edtica de Cookies<\/h1>\t\t\t\t<\/div>\n\t\t\t\t<\/div>\n\t\t\t\t<div class=\"elementor-element elementor-element-8674b65 elementor-widget elementor-widget-heading\" data-id=\"8674b65\" data-element_type=\"widget\" data-e-type=\"widget\" data-widget_type=\"heading.default\">\n\t\t\t\t<div class=\"elementor-widget-container\">\n\t\t\t\t\t<h2 class=\"elementor-heading-title elementor-size-default\">\u00bfQu\u00e9 son las cookies?\n<\/h2>\t\t\t\t<\/div>\n\t\t\t\t<\/div>\n\t\t\t\t<div class=\"elementor-element elementor-element-b9099de elementor-widget elementor-widget-text-editor\" data-id=\"b9099de\" data-element_type=\"widget\" data-e-type=\"widget\" data-widget_type=\"text-editor.default\">\n\t\t\t\t<div class=\"elementor-widget-container\">\n\t\t\t\t\t\t\t\t\t<div class=\"flex max-w-full flex-col flex-grow\"><div class=\"min-h-8 text-message flex w-full flex-col items-end gap-2 whitespace-normal break-words [.text-message+&amp;]:mt-5\" dir=\"auto\" data-message-author-role=\"assistant\" data-message-id=\"982b19fe-d08e-4561-8047-f8b1526eebe5\" data-message-model-slug=\"gpt-4o-mini\"><div class=\"flex w-full flex-col gap-1 empty:hidden first:pt-[3px]\"><div class=\"markdown prose w-full break-words dark:prose-invert light\"><p>Las cookies son archivos almacenados por las p\u00e1ginas web en los navegadores de los usuarios, que contienen datos de sesi\u00f3n que pueden ser \u00fatiles posteriormente en la misma p\u00e1gina web. Estos datos, que se almacenan en las cookies, permiten mantener la informaci\u00f3n de navegaci\u00f3n entre las diferentes p\u00e1ginas del sitio web, al mismo tiempo que se analiza la forma de interactuar con \u00e9l, para que se puedan identificar las preferencias del usuario.<\/p><\/div><\/div><\/div><\/div>\t\t\t\t\t\t\t\t<\/div>\n\t\t\t\t<\/div>\n\t\t\t\t<div class=\"elementor-element elementor-element-fe352c6 elementor-widget elementor-widget-heading\" data-id=\"fe352c6\" data-element_type=\"widget\" data-e-type=\"widget\" data-widget_type=\"heading.default\">\n\t\t\t\t<div class=\"elementor-widget-container\">\n\t\t\t\t\t<h2 class=\"elementor-heading-title elementor-size-default\">Descripci\u00f3n de cookies\n<\/h2>\t\t\t\t<\/div>\n\t\t\t\t<\/div>\n\t\t\t\t<div class=\"elementor-element elementor-element-58e6fac elementor-widget elementor-widget-text-editor\" data-id=\"58e6fac\" data-element_type=\"widget\" data-e-type=\"widget\" data-widget_type=\"text-editor.default\">\n\t\t\t\t<div class=\"elementor-widget-container\">\n\t\t\t\t\t\t\t\t\t<dl><dt><p><strong>Cookies T\u00e9cnicas:<\/strong><\/p><\/dt><dd>Son aquellas que permiten al usuario navegar a trav\u00e9s de una p\u00e1gina web, plataforma o aplicaci\u00f3n y utilizar las diferentes opciones o servicios que existen en ella, como, por ejemplo, controlar el tr\u00e1fico y la comunicaci\u00f3n de datos, identificar la sesi\u00f3n, acceder a partes de acceso restringido, recordar los elementos que componen un pedido, llevar a cabo el proceso de compra de un pedido, utilizar elementos de seguridad mientras navega o compartir contenido a trav\u00e9s de redes sociales.<\/dd><dt><p><strong>Cookies de Personalizaci\u00f3n:<\/strong><\/p><\/dt><dd><p>Son aquellas que permiten al usuario acceder al servicio con algunas caracter\u00edsticas generales predefinidas, basadas en una serie de criterios en el terminal del usuario, como el idioma, el tipo de navegador a trav\u00e9s del cual se accede al servicio, la configuraci\u00f3n regional desde donde se accede al servicio, etc.<\/p><\/dd><dt><p><strong>Cookies de Sesi\u00f3n:<\/strong><\/p><\/dt><dd><p>Son cookies temporales que permanecen en el archivo de cookies del navegador hasta que abandona la p\u00e1gina web. Se utilizan com\u00fanmente para analizar patrones de tr\u00e1fico web. A largo plazo, esto permite proporcionar una mejor experiencia para mejorar el contenido y facilitar su uso.<\/p><\/dd><dt><p><strong>Cookies de An\u00e1lisis:<\/strong><\/p><\/dt><dd><div class=\"flex max-w-full flex-col flex-grow\"><div class=\"min-h-8 text-message flex w-full flex-col items-end gap-2 whitespace-normal break-words [.text-message+&amp;]:mt-5\" dir=\"auto\" data-message-author-role=\"assistant\" data-message-id=\"bbfa8510-5300-4a2f-b266-d97373f5a39c\" data-message-model-slug=\"gpt-4o-mini\"><div class=\"flex w-full flex-col gap-1 empty:hidden first:pt-[3px]\"><div class=\"markdown prose w-full break-words dark:prose-invert light\"><p>Son aquellas que, bien tratadas por nosotros o por terceros, no permiten cuantificar el n\u00famero de usuarios y, as\u00ed, llevar a cabo la medici\u00f3n y an\u00e1lisis estad\u00edstico del uso que los usuarios hacen del servicio ofrecido. Para ello, se analiza su navegaci\u00f3n en nuestro sitio web con el fin de mejorar la oferta de productos o servicios que le ofrecemos.<\/p><\/div><\/div><\/div><\/div><\/dd><\/dl>\t\t\t\t\t\t\t\t<\/div>\n\t\t\t\t<\/div>\n\t\t\t\t<div class=\"elementor-element elementor-element-e874aff elementor-widget elementor-widget-heading\" data-id=\"e874aff\" data-element_type=\"widget\" data-e-type=\"widget\" data-widget_type=\"heading.default\">\n\t\t\t\t<div class=\"elementor-widget-container\">\n\t\t\t\t\t<h2 class=\"elementor-heading-title elementor-size-default\"><p><strong>\u00bfQu\u00e9 cookies utilizamos en este sitio web?<\/strong><span style=\"color: var( --e-global-color-primary );text-align: var(--text-align);background-color: var( --e-global-color-accent )\"><\/span><\/p><\/h2>\t\t\t\t<\/div>\n\t\t\t\t<\/div>\n\t\t\t\t<div class=\"elementor-element elementor-element-2f5d06a elementor-widget elementor-widget-heading\" data-id=\"2f5d06a\" data-element_type=\"widget\" data-e-type=\"widget\" data-widget_type=\"heading.default\">\n\t\t\t\t<div class=\"elementor-widget-container\">\n\t\t\t\t\t<h2 class=\"elementor-heading-title elementor-size-default\"><p><strong>\u00bfC\u00f3mo deshabilitar cookies?<\/strong><span style=\"color: var( --e-global-color-primary );text-align: var(--text-align);background-color: var( --e-global-color-accent )\"><\/span><\/p><\/h2>\t\t\t\t<\/div>\n\t\t\t\t<\/div>\n\t\t\t\t<div class=\"elementor-element elementor-element-db734df elementor-widget elementor-widget-text-editor\" data-id=\"db734df\" data-element_type=\"widget\" data-e-type=\"widget\" data-widget_type=\"text-editor.default\">\n\t\t\t\t<div class=\"elementor-widget-container\">\n\t\t\t\t\t\t\t\t\t<p>Configuraci\u00f3n de cookies<\/p><p>Puedes cambiar tus preferencias de cookies en cualquier momento haciendo clic en el bot\u00f3n anterior. Esto te permitir\u00e1 volver a visitar el banner de consentimiento de cookies y cambiar tus preferencias o retirar tu consentimiento de inmediato.<\/p><p>Adem\u00e1s de esto, diferentes navegadores ofrecen distintos m\u00e9todos para bloquear y eliminar cookies utilizadas por los sitios web. Puedes cambiar la configuraci\u00f3n de tu navegador para bloquear\/eliminar cookies. A continuaci\u00f3n, se incluyen enlaces a documentos de soporte sobre c\u00f3mo gestionar y eliminar cookies en los principales navegadores web:<\/p><ul><li><strong>Internet Explorer<\/strong><\/li><li><strong>Mozilla Firefox<\/strong><\/li><li><strong>Google Chrome<\/strong><\/li><li><strong>Safari<\/strong><\/li><li><strong>Opera<\/strong><\/li><\/ul><p>Si est\u00e1s utilizando alg\u00fan otro navegador web, visita los documentos de soporte oficiales de tu navegador.<\/p>\t\t\t\t\t\t\t\t<\/div>\n\t\t\t\t<\/div>\n\t\t\t\t<\/div>\n\t\t\t\t\t<\/div>\n\t\t\t\t<\/div>\n\t\t\t\t<\/div>\n\t\t","protected":false},"excerpt":{"rendered":"<div class=\"entry-summary\">\nPol\u00edtica de Cookies \u00bfQu\u00e9 son las cookies? Las cookies son archivos almacenados por las p\u00e1ginas web en los navegadores de los usuarios, que contienen datos de sesi\u00f3n que pueden ser \u00fatiles posteriormente en la misma p\u00e1gina web. Estos datos, que&hellip;\n<\/div>\n<div class=\"link-more\"><a href=\"https:\/\/amsbiopharma.com\/es\/politica-de-cookies\/\" class=\"more-link\">Continue reading<span class=\"screen-reader-text\"> &ldquo;Pol\u00edtica de cookies&rdquo;<\/span>&hellip;<\/a><\/div>\n","protected":false},"author":1,"featured_media":0,"parent":0,"menu_order":0,"comment_status":"closed","ping_status":"closed","template":"elementor_header_footer","meta":{"footnotes":""},"class_list":["post-3999","page","type-page","status-publish","hentry","entry"],"_links":{"self":[{"href":"https:\/\/amsbiopharma.com\/es\/wp-json\/wp\/v2\/pages\/3999","targetHints":{"allow":["GET"]}}],"collection":[{"href":"https:\/\/amsbiopharma.com\/es\/wp-json\/wp\/v2\/pages"}],"about":[{"href":"https:\/\/amsbiopharma.com\/es\/wp-json\/wp\/v2\/types\/page"}],"author":[{"embeddable":true,"href":"https:\/\/amsbiopharma.com\/es\/wp-json\/wp\/v2\/users\/1"}],"replies":[{"embeddable":true,"href":"https:\/\/amsbiopharma.com\/es\/wp-json\/wp\/v2\/comments?post=3999"}],"version-history":[{"count":4,"href":"https:\/\/amsbiopharma.com\/es\/wp-json\/wp\/v2\/pages\/3999\/revisions"}],"predecessor-version":[{"id":4013,"href":"https:\/\/amsbiopharma.com\/es\/wp-json\/wp\/v2\/pages\/3999\/revisions\/4013"}],"wp:attachment":[{"href":"https:\/\/amsbiopharma.com\/es\/wp-json\/wp\/v2\/media?parent=3999"}],"curies":[{"name":"wp","href":"https:\/\/api.w.org\/{rel}","templated":true}]}}