{"id":4012,"date":"2024-10-04T14:58:48","date_gmt":"2024-10-04T12:58:48","guid":{"rendered":"https:\/\/amsbiopharma.com\/legal-notice\/"},"modified":"2024-10-15T11:10:31","modified_gmt":"2024-10-15T09:10:31","slug":"aviso-legal","status":"publish","type":"page","link":"https:\/\/amsbiopharma.com\/es\/aviso-legal\/","title":{"rendered":"Aviso Legal"},"content":{"rendered":"\t\t<div data-elementor-type=\"wp-page\" data-elementor-id=\"4012\" class=\"elementor elementor-4012 elementor-1337\" data-elementor-post-type=\"page\">\n\t\t\t\t<div class=\"elementor-element elementor-element-e43bdf4 e-flex e-con-boxed e-con e-parent\" data-id=\"e43bdf4\" data-element_type=\"container\" data-e-type=\"container\" data-settings=\"{&quot;background_background&quot;:&quot;classic&quot;}\">\n\t\t\t\t\t<div class=\"e-con-inner\">\n\t\t<div class=\"elementor-element elementor-element-ab1fba5 e-con-full e-flex e-con e-child\" data-id=\"ab1fba5\" data-element_type=\"container\" data-e-type=\"container\">\n\t\t\t\t<div class=\"elementor-element elementor-element-265e21f elementor-widget elementor-widget-heading\" data-id=\"265e21f\" data-element_type=\"widget\" data-e-type=\"widget\" data-widget_type=\"heading.default\">\n\t\t\t\t<div class=\"elementor-widget-container\">\n\t\t\t\t\t<h1 class=\"elementor-heading-title elementor-size-default\">Aviso Legal<\/h1>\t\t\t\t<\/div>\n\t\t\t\t<\/div>\n\t\t\t\t<div class=\"elementor-element elementor-element-1bb51aa elementor-widget elementor-widget-heading\" data-id=\"1bb51aa\" data-element_type=\"widget\" data-e-type=\"widget\" data-widget_type=\"heading.default\">\n\t\t\t\t<div class=\"elementor-widget-container\">\n\t\t\t\t\t<h2 class=\"elementor-heading-title elementor-size-default\">Aviso Legal<\/h2>\t\t\t\t<\/div>\n\t\t\t\t<\/div>\n\t\t\t\t<div class=\"elementor-element elementor-element-cf39a34 elementor-widget elementor-widget-text-editor\" data-id=\"cf39a34\" data-element_type=\"widget\" data-e-type=\"widget\" data-widget_type=\"text-editor.default\">\n\t\t\t\t<div class=\"elementor-widget-container\">\n\t\t\t\t\t\t\t\t\t<p>En cumplimiento de lo dispuesto en el art\u00edculo 10 de la Ley 34\/2002, de 11 de julio, de Servicios de la Sociedad de la Informaci\u00f3n y de Comercio Electr\u00f3nico (LSSI-CE), se informa que este sitio web, con el dominio <a href=\"http:\/\/www.amsbiopharma.com\" target=\"_new\" rel=\"noopener\">www.amsbiopharma.com<\/a>, es propiedad de AMSbiopharma Laboratory S.L.U. (en adelante, AMSbiopharma).<\/p><p>La entidad responsable del servicio proporcionado a trav\u00e9s de la web es:<\/p><p><strong>AMSbiopharma Laboratory S.L.U.<\/strong> (en adelante, AMSbiopharma).<\/p><p>R\u00faa do Vidro, 117D, parcelas 3-6, CP 27003, Lugo<\/p><p>Tel\u00e9fono: 982 80 47 50<\/p><p>Direcci\u00f3n de correo electr\u00f3nico: <a rel=\"noopener\">contact@amsbiopharma.com<\/a><\/p><p>CIF: ES B-27498146<\/p><p>Inscrita en el Registro Mercantil de Lugo, Volumen 508, libro 0, folio 76, hoja LU-19217, 1\u00aa Inscripci\u00f3n.<\/p>\t\t\t\t\t\t\t\t<\/div>\n\t\t\t\t<\/div>\n\t\t\t\t<div class=\"elementor-element elementor-element-a7b6bfe elementor-widget elementor-widget-heading\" data-id=\"a7b6bfe\" data-element_type=\"widget\" data-e-type=\"widget\" data-widget_type=\"heading.default\">\n\t\t\t\t<div class=\"elementor-widget-container\">\n\t\t\t\t\t<h2 class=\"elementor-heading-title elementor-size-default\">T\u00c9RMINOS Y CONDICIONES<\/h2>\t\t\t\t<\/div>\n\t\t\t\t<\/div>\n\t\t\t\t<div class=\"elementor-element elementor-element-9bdb74f elementor-widget elementor-widget-text-editor\" data-id=\"9bdb74f\" data-element_type=\"widget\" data-e-type=\"widget\" data-widget_type=\"text-editor.default\">\n\t\t\t\t<div class=\"elementor-widget-container\">\n\t\t\t\t\t\t\t\t\t<p><strong>1. USUARIOS:<\/strong> El acceso y\/o uso de este portal de AMSbiopharma atribuye la condici\u00f3n de USUARIO, quien acepta, desde dicho acceso y\/o uso, las Condiciones Generales de Uso reflejadas aqu\u00ed.<\/p><p><strong>2. USO DEL PORTAL: <\/strong>El sitio web www.amsbiopharma.com proporciona acceso a una multitud de informaci\u00f3n, datos y fotograf\u00edas (en adelante, \u201clos contenidos\u201d) en Internet pertenecientes a AMSbiopharma. El USUARIO asume la responsabilidad del uso del portal. El USUARIO se compromete a hacer un uso adecuado de los contenidos y servicios (como los servicios de chat, foros de discusi\u00f3n o grupos de noticias que puedan ser creados dentro del portal) que AMSbiopharma ofrece a trav\u00e9s de su portal, comprometi\u00e9ndose, enunciativa pero no limitativamente, a no utilizarlos para: (i) realizar actividades il\u00edcitas, ilegales o contrarias a la buena fe y al orden p\u00fablico; (ii) difundir contenido o propaganda de car\u00e1cter racista, xen\u00f3fobo, pornogr\u00e1fico ilegal, en apoyo al terrorismo o que atente contra los derechos humanos; (iii) causar da\u00f1os a los sistemas f\u00edsicos y l\u00f3gicos de AMSbiopharma, sus proveedores o terceros, introducir o propagar virus inform\u00e1ticos o cualquier otro sistema f\u00edsico o l\u00f3gico capaz de causar los da\u00f1os mencionados; (iv) intentar acceder y, en su caso, utilizar las cuentas de correo electr\u00f3nico de otros usuarios y modificar o manipular sus mensajes. AMSbiopharma se reserva el derecho de retirar todos los comentarios y aportaciones que violen el respeto a la dignidad de la persona, que sean discriminatorios, xen\u00f3fobos, racistas, pornogr\u00e1ficos, que amenacen a la juventud o infancia, el orden o la seguridad p\u00fablica y que no sean aptos para su publicaci\u00f3n. En ning\u00fan caso, AMSbiopharma ser\u00e1 responsable de las opiniones expresadas por los usuarios a trav\u00e9s de foros, chats u otras herramientas de participaci\u00f3n que puedan ser creadas dentro del portal web corporativo, as\u00ed como en los perfiles oficiales de redes sociales de AMSbiopharma.<\/p><p><strong>3. PROTECCI\u00d3N DE DATOS: <\/strong>AMSpbiopharma cumple con las directrices y obligaciones reguladas en el REGLAMENTO (UE) 2016\/679 DEL PARLAMENTO EUROPEO Y DEL CONSEJO de 27 de abril de 2016, sobre la protecci\u00f3n de las personas f\u00edsicas en lo que respecta al tratamiento de datos personales y a la libre circulaci\u00f3n de estos datos y otras normativas vigentes sobre protecci\u00f3n de datos en todo momento, y asegura garantizar el correcto uso y tratamiento de los datos personales manejados en los sistemas de informaci\u00f3n de la entidad, as\u00ed como su confidencialidad, integridad y disponibilidad en todo momento.<\/p><p><strong>4. PROPIEDAD INTELECTUAL E INDUSTRIAL: <\/strong>AMSpbiopharma, por s\u00ed misma o como cesionaria, es titular de todos los derechos de propiedad intelectual e industrial de su sitio web, as\u00ed como de los elementos contenidos en el mismo (por ejemplo, im\u00e1genes, sonido, audio, video, software o textos; marcas o logotipos, combinaciones de colores, estructura y dise\u00f1o, selecci\u00f3n de materiales utilizados, programas inform\u00e1ticos necesarios para su funcionamiento, acceso y uso, etc.), que son de propiedad de AMSbiopharma o de sus licenciantes. Todos los derechos reservados. En virtud de lo dispuesto en los art\u00edculos 8 y 32.1, segundo p\u00e1rrafo, de la Ley de Propiedad Intelectual, queda prohibida la reproducci\u00f3n, distribuci\u00f3n y comunicaci\u00f3n p\u00fablica, incluyendo la forma de ponerlos a disposici\u00f3n, de todo o parte de los contenidos de este sitio web, con fines comerciales, en cualquier medio y por cualquier medio t\u00e9cnico, sin la autorizaci\u00f3n de AMSbiopharma. El USUARIO se compromete a respetar los derechos de Propiedad Intelectual e Industrial de AMSbiopharma. Puede visualizar los elementos del portal e incluso imprimir, copiar y almacenar en el disco duro de su computadora o en cualquier otro soporte f\u00edsico siempre que sea \u00fanicamente para su uso personal y privado. El USUARIO deber\u00e1 abstenerse de eliminar, alterar, eludir o manipular cualquier dispositivo de protecci\u00f3n o sistema de seguridad que estuviese instalado en las p\u00e1ginas de AMSbiopharma.<\/p><p><strong>5. EXCLUSI\u00d3N DE GARANT\u00cdAS Y RESPONSABILIDAD: <\/strong>AMSpbiopharma no ser\u00e1 responsable, en ning\u00fan caso, de los da\u00f1os de cualquier naturaleza que puedan causar, a t\u00edtulo enunciativo: errores u omisiones en los contenidos, falta de disponibilidad del portal o la transmisi\u00f3n de virus o programas maliciosos o perjudiciales en los contenidos, a pesar de haber adoptado todas las medidas tecnol\u00f3gicas necesarias para evitarlo.<\/p><p><strong>6. MODIFICACIONES: <\/strong>AMSpbiopharma se reserva el derecho a realizar las modificaciones que considere oportunas en su portal sin previo aviso, pudiendo cambiar, eliminar o a\u00f1adir tanto los contenidos como los servicios ofrecidos a trav\u00e9s de este, as\u00ed como la forma en que se presenten o localicen en su portal.<\/p><p><strong>7. ENLACES: <\/strong>En el caso de que www.amsbiopharma.com proporcionase enlaces o hiperenlaces a otros sitios de Internet, AMSbiopharma no ejercer\u00e1 ning\u00fan tipo de control sobre dichos sitios y contenidos. En ning\u00fan caso AMSbiopharma asumir\u00e1 responsabilidad alguna por los contenidos de cualquier enlace perteneciente a un sitio web de terceros, ni garantizar\u00e1 la disponibilidad t\u00e9cnica, calidad, fiabilidad, exactitud, amplitud, veracidad, validez y constitucionalidad de ning\u00fan material o informaci\u00f3n contenida en ninguno de dichos hiperenlaces u otros sitios de Internet. Asimismo, la inclusi\u00f3n de estas conexiones externas no implicar\u00e1 ning\u00fan tipo de asociaci\u00f3n, fusi\u00f3n o participaci\u00f3n con las entidades conectadas.<\/p><p><strong>8. DERECHO DE EXCLUSI\u00d3N: <\/strong>AMSpbiopharma se reserva el derecho a denegar o retirar el acceso al portal y\/o los servicios ofrecidos sin previo aviso, a su solicitud o a la de un tercero, a aquellos usuarios que incumplan estas Condiciones Generales de Uso.<\/p><p><strong>9. GENERAL:<\/strong> AMSpbiopharma perseguir\u00e1 el incumplimiento de estas condiciones, as\u00ed como cualquier uso indebido de su portal, ejerciendo todas las acciones civiles y penales que le correspondan en derecho.<\/p><p><strong>10. MODIFICACI\u00d3N DE LAS PRESENTES CONDICIONES Y DURACI\u00d3N: <\/strong>AMSpbiopharma podr\u00e1 modificar en cualquier momento las condiciones aqu\u00ed determinadas, estando debidamente publicadas tal como aparecen aqu\u00ed. La validez de las mencionadas condiciones estar\u00e1 basada en su exposici\u00f3n y estar\u00e1n vigentes hasta que sean modificadas por otras debidamente publicadas.<\/p><p><strong>11. LEGISLACI\u00d3N APLICABLE Y JURISDICCI\u00d3N: <\/strong>La relaci\u00f3n entre AMSbiopharma y el USUARIO se regir\u00e1 por la normativa espa\u00f1ola vigente y cualquier controversia se someter\u00e1 a los Juzgados y Tribunales de Lugo.<\/p>\t\t\t\t\t\t\t\t<\/div>\n\t\t\t\t<\/div>\n\t\t\t\t<\/div>\n\t\t\t\t\t<\/div>\n\t\t\t\t<\/div>\n\t\t\t\t<\/div>\n\t\t","protected":false},"excerpt":{"rendered":"<div class=\"entry-summary\">\nAviso Legal Aviso Legal En cumplimiento de lo dispuesto en el art\u00edculo 10 de la Ley 34\/2002, de 11 de julio, de Servicios de la Sociedad de la Informaci\u00f3n y de Comercio Electr\u00f3nico (LSSI-CE), se informa que este sitio web,&hellip;\n<\/div>\n<div class=\"link-more\"><a href=\"https:\/\/amsbiopharma.com\/es\/aviso-legal\/\" class=\"more-link\">Continue reading<span class=\"screen-reader-text\"> &ldquo;Aviso Legal&rdquo;<\/span>&hellip;<\/a><\/div>\n","protected":false},"author":1,"featured_media":0,"parent":0,"menu_order":0,"comment_status":"closed","ping_status":"closed","template":"elementor_header_footer","meta":{"footnotes":""},"class_list":["post-4012","page","type-page","status-publish","hentry","entry"],"_links":{"self":[{"href":"https:\/\/amsbiopharma.com\/es\/wp-json\/wp\/v2\/pages\/4012","targetHints":{"allow":["GET"]}}],"collection":[{"href":"https:\/\/amsbiopharma.com\/es\/wp-json\/wp\/v2\/pages"}],"about":[{"href":"https:\/\/amsbiopharma.com\/es\/wp-json\/wp\/v2\/types\/page"}],"author":[{"embeddable":true,"href":"https:\/\/amsbiopharma.com\/es\/wp-json\/wp\/v2\/users\/1"}],"replies":[{"embeddable":true,"href":"https:\/\/amsbiopharma.com\/es\/wp-json\/wp\/v2\/comments?post=4012"}],"version-history":[{"count":4,"href":"https:\/\/amsbiopharma.com\/es\/wp-json\/wp\/v2\/pages\/4012\/revisions"}],"predecessor-version":[{"id":4021,"href":"https:\/\/amsbiopharma.com\/es\/wp-json\/wp\/v2\/pages\/4012\/revisions\/4021"}],"wp:attachment":[{"href":"https:\/\/amsbiopharma.com\/es\/wp-json\/wp\/v2\/media?parent=4012"}],"curies":[{"name":"wp","href":"https:\/\/api.w.org\/{rel}","templated":true}]}}