{"id":4023,"date":"2024-10-04T14:58:30","date_gmt":"2024-10-04T12:58:30","guid":{"rendered":"https:\/\/amsbiopharma.com\/privacy-policy\/"},"modified":"2024-10-16T16:39:09","modified_gmt":"2024-10-16T14:39:09","slug":"politica-de-privacidad","status":"publish","type":"page","link":"https:\/\/amsbiopharma.com\/es\/politica-de-privacidad\/","title":{"rendered":"Pol\u00edtica de privacidad"},"content":{"rendered":"\t\t<div data-elementor-type=\"wp-page\" data-elementor-id=\"4023\" class=\"elementor elementor-4023 elementor-1334\" data-elementor-post-type=\"page\">\n\t\t\t\t<div class=\"elementor-element elementor-element-a388a27 e-flex e-con-boxed e-con e-parent\" data-id=\"a388a27\" data-element_type=\"container\" data-e-type=\"container\" data-settings=\"{&quot;background_background&quot;:&quot;classic&quot;}\">\n\t\t\t\t\t<div class=\"e-con-inner\">\n\t\t<div class=\"elementor-element elementor-element-ee493f6 e-con-full e-flex e-con e-child\" data-id=\"ee493f6\" data-element_type=\"container\" data-e-type=\"container\">\n\t\t\t\t<div class=\"elementor-element elementor-element-4468791 elementor-widget elementor-widget-heading\" data-id=\"4468791\" data-element_type=\"widget\" data-e-type=\"widget\" data-widget_type=\"heading.default\">\n\t\t\t\t<div class=\"elementor-widget-container\">\n\t\t\t\t\t<h1 class=\"elementor-heading-title elementor-size-default\">Pol\u00edtica de Privacidad<\/h1>\t\t\t\t<\/div>\n\t\t\t\t<\/div>\n\t\t\t\t<div class=\"elementor-element elementor-element-d4afdc8 elementor-widget elementor-widget-text-editor\" data-id=\"d4afdc8\" data-element_type=\"widget\" data-e-type=\"widget\" data-widget_type=\"text-editor.default\">\n\t\t\t\t<div class=\"elementor-widget-container\">\n\t\t\t\t\t\t\t\t\t<p><strong>\u00bfQui\u00e9n es responsable del tratamiento de sus datos?<\/strong><\/p><p>Identidad: AMS BIOPHARMA LABORATORY, S.L.U.<br \/>CIF: B-27.498.146<br \/>Direcci\u00f3n postal: R\u00faa do Vidro, 117D, Parcelas 3-6, CP 27003, Lugo.<br \/>Tel\u00e9fono: 982 80 47 50<br \/>E-mail: <a rel=\"noopener\">contact@amsbiopharma.com<\/a><\/p><p><strong>\u00bfCon qu\u00e9 finalidad tratamos sus datos personales?<\/strong><\/p><p>En AMS BIOPHARMA LABORATORY, S.L.U. tratamos los datos de nuestros clientes con el fin de: gestionar el servicio contratado, proceder a la facturaci\u00f3n y gesti\u00f3n del cobro del servicio y\/o producto solicitado, realizar la gesti\u00f3n fiscal y contable de la entidad y gestionar el env\u00edo de la informaci\u00f3n que nos soliciten.<\/p><p><strong>\u00bfCu\u00e1nto tiempo mantendremos sus datos?<\/strong><\/p><p>Los datos personales proporcionados se mantendr\u00e1n mientras se mantenga la relaci\u00f3n comercial y, subsidiariamente, durante un per\u00edodo de 5 a\u00f1os a partir de la firma del contrato o la emisi\u00f3n de la factura del servicio.<\/p><p><strong>\u00bfCu\u00e1l es la legitimidad para el tratamiento de sus datos?<\/strong><\/p><p>La base legal para el tratamiento de sus datos es la ejecuci\u00f3n del contrato de prestaci\u00f3n de servicios y (de acuerdo con los t\u00e9rminos y condiciones que aparecen en el respectivo contrato de prestaci\u00f3n de servicios), as\u00ed como el inter\u00e9s leg\u00edtimo del responsable para cumplir con obligaciones y deberes que le son propios.<\/p><p><strong>\u00bfA qu\u00e9 destinatarios se comunicar\u00e1n sus datos?<\/strong><\/p><p>AMS BIOPHARMA LABORATORY, S.L.U. puede compartir informaci\u00f3n personal con aquellas empresas o colaboradores que sean esenciales para realizar el servicio que el usuario les ha confiado y que tienen la condici\u00f3n de encargados del tratamiento; estos colaboradores han firmado un contrato que garantiza la confidencialidad y seguridad de sus datos. Asimismo, en caso de cualquier tipo de obligaci\u00f3n legal, AMS BIOPHARMA LABORATORY, S.L.U. proceder\u00e1 a realizar las transferencias legales de sus datos a las que est\u00e9 legalmente obligado.<\/p><p><strong>\u00bfCu\u00e1les son sus derechos cuando nos proporciona sus datos?<\/strong><\/p><p>Cualquiera tiene derecho a obtener confirmaci\u00f3n sobre si AMS BIOPHARMA LABORATORY, S.L.U. est\u00e1 tratando datos personales que le conciernen o no.<\/p><p>Los interesados tienen derecho a acceder a sus datos personales, as\u00ed como a solicitar la rectificaci\u00f3n de datos inexactos o, en su caso, solicitar su eliminaci\u00f3n cuando, entre otras razones, los datos ya no sean necesarios para los fines para los que fueron recogidos.<\/p><p>En ciertas circunstancias, los interesados podr\u00e1n solicitar la limitaci\u00f3n del tratamiento de sus datos, en cuyo caso solo los conservaremos para el ejercicio o la defensa de reclamaciones.<\/p><p>En ciertas circunstancias y por motivos relacionados con su situaci\u00f3n particular, los interesados podr\u00e1n oponerse al tratamiento de sus datos. AMS BIOPHARMA LABORATORY, S.L.U. dejar\u00e1 de tratar los datos, salvo por motivos leg\u00edtimos imperiosos, o para el ejercicio o defensa de posibles reclamaciones.<\/p><p>Si considera que alguno de los derechos mencionados anteriormente no ha sido respetado, tendr\u00e1 derecho a presentar una reclamaci\u00f3n ante la Agencia Espa\u00f1ola de Protecci\u00f3n de Datos. (<a href=\"https:\/\/www.agpd.es\/portalwebAGPD\/index-ides-idphP.php\" target=\"_new\" rel=\"noopener\">https:\/\/www.agpd.es\/portalwebAGPD\/index-ides-idphP.php<\/a>)<\/p>\t\t\t\t\t\t\t\t<\/div>\n\t\t\t\t<\/div>\n\t\t\t\t<\/div>\n\t\t\t\t\t<\/div>\n\t\t\t\t<\/div>\n\t\t\t\t<\/div>\n\t\t","protected":false},"excerpt":{"rendered":"<div class=\"entry-summary\">\nPol\u00edtica de Privacidad \u00bfQui\u00e9n es responsable del tratamiento de sus datos? Identidad: AMS BIOPHARMA LABORATORY, S.L.U.CIF: B-27.498.146Direcci\u00f3n postal: R\u00faa do Vidro, 117D, Parcelas 3-6, CP 27003, Lugo.Tel\u00e9fono: 982 80 47 50E-mail: contact@amsbiopharma.com \u00bfCon qu\u00e9 finalidad tratamos sus datos personales? En&hellip;\n<\/div>\n<div class=\"link-more\"><a href=\"https:\/\/amsbiopharma.com\/es\/politica-de-privacidad\/\" class=\"more-link\">Continue reading<span class=\"screen-reader-text\"> &ldquo;Pol\u00edtica de privacidad&rdquo;<\/span>&hellip;<\/a><\/div>\n","protected":false},"author":1,"featured_media":0,"parent":0,"menu_order":0,"comment_status":"closed","ping_status":"closed","template":"elementor_header_footer","meta":{"footnotes":""},"class_list":["post-4023","page","type-page","status-publish","hentry","entry"],"_links":{"self":[{"href":"https:\/\/amsbiopharma.com\/es\/wp-json\/wp\/v2\/pages\/4023","targetHints":{"allow":["GET"]}}],"collection":[{"href":"https:\/\/amsbiopharma.com\/es\/wp-json\/wp\/v2\/pages"}],"about":[{"href":"https:\/\/amsbiopharma.com\/es\/wp-json\/wp\/v2\/types\/page"}],"author":[{"embeddable":true,"href":"https:\/\/amsbiopharma.com\/es\/wp-json\/wp\/v2\/users\/1"}],"replies":[{"embeddable":true,"href":"https:\/\/amsbiopharma.com\/es\/wp-json\/wp\/v2\/comments?post=4023"}],"version-history":[{"count":7,"href":"https:\/\/amsbiopharma.com\/es\/wp-json\/wp\/v2\/pages\/4023\/revisions"}],"predecessor-version":[{"id":4031,"href":"https:\/\/amsbiopharma.com\/es\/wp-json\/wp\/v2\/pages\/4023\/revisions\/4031"}],"wp:attachment":[{"href":"https:\/\/amsbiopharma.com\/es\/wp-json\/wp\/v2\/media?parent=4023"}],"curies":[{"name":"wp","href":"https:\/\/api.w.org\/{rel}","templated":true}]}}