{"id":5055,"date":"2024-12-20T08:46:53","date_gmt":"2024-12-20T07:46:53","guid":{"rendered":"https:\/\/amsbiopharma.com\/contract-purification-services\/"},"modified":"2024-12-20T09:32:16","modified_gmt":"2024-12-20T08:32:16","slug":"servicios-purificacion-personalizados","status":"publish","type":"page","link":"https:\/\/amsbiopharma.com\/es\/servicios-purificacion-personalizados\/","title":{"rendered":"Servicios de purificaci\u00f3n personalizados"},"content":{"rendered":"\t\t<div data-elementor-type=\"wp-page\" data-elementor-id=\"5055\" class=\"elementor elementor-5055 elementor-5038\" data-elementor-post-type=\"page\">\n\t\t\t\t<div class=\"elementor-element elementor-element-1a2acea8 e-flex e-con-boxed e-con e-parent\" data-id=\"1a2acea8\" data-element_type=\"container\" data-e-type=\"container\">\n\t\t\t\t\t<div class=\"e-con-inner\">\n\t\t<div class=\"elementor-element elementor-element-292da77a e-con-full e-flex e-con e-child\" data-id=\"292da77a\" data-element_type=\"container\" data-e-type=\"container\" data-settings=\"{&quot;background_background&quot;:&quot;classic&quot;}\">\n\t\t<div class=\"elementor-element elementor-element-1c9a1f9d e-con-full e-flex e-con e-child\" data-id=\"1c9a1f9d\" data-element_type=\"container\" data-e-type=\"container\">\n\t\t\t\t<div class=\"elementor-element elementor-element-7e4bbd36 elementor-widget elementor-widget-heading\" data-id=\"7e4bbd36\" data-element_type=\"widget\" data-e-type=\"widget\" data-widget_type=\"heading.default\">\n\t\t\t\t<div class=\"elementor-widget-container\">\n\t\t\t\t\t<h2 class=\"elementor-heading-title elementor-size-default\">Servicios de I+D y Precl\u00ednicos<\/h2>\t\t\t\t<\/div>\n\t\t\t\t<\/div>\n\t\t\t\t<\/div>\n\t\t<div class=\"elementor-element elementor-element-4497962 e-con-full e-flex e-con e-child\" data-id=\"4497962\" data-element_type=\"container\" data-e-type=\"container\">\n\t\t\t\t<div class=\"elementor-element elementor-element-5550a908 elementor-widget elementor-widget-text-editor\" data-id=\"5550a908\" data-element_type=\"widget\" data-e-type=\"widget\" data-widget_type=\"text-editor.default\">\n\t\t\t\t<div class=\"elementor-widget-container\">\n\t\t\t\t\t\t\t\t\t<p>En AMSbiopharma, ofrecemos servicios avanzados de bioan\u00e1lisis y metabol\u00f3mica para apoyar el desarrollo de medicamentos. Utilizando UPLC-MS\/MS, proporcionamos an\u00e1lisis precisos para DMPK, identificaci\u00f3n de biomarcadores y lipid\u00f3mica, ofreciendo informaci\u00f3n para acelerar su investigaci\u00f3n.\u00a0<\/p>\t\t\t\t\t\t\t\t<\/div>\n\t\t\t\t<\/div>\n\t\t\t\t<\/div>\n\t\t\t\t<\/div>\n\t\t<div class=\"elementor-element elementor-element-61d112e5 e-con-full e-flex e-con e-child\" data-id=\"61d112e5\" data-element_type=\"container\" data-e-type=\"container\" data-settings=\"{&quot;background_background&quot;:&quot;video&quot;,&quot;background_video_link&quot;:&quot;https:\\\/\\\/amsbiopharma.com\\\/wp-content\\\/uploads\\\/Clip10_Bioanalysis_Biomarkers.mp4&quot;,&quot;background_video_end&quot;:30}\">\n\t\t<div class=\"elementor-background-video-container elementor-hidden-mobile\">\n\t\t\t\t\t\t\t<video class=\"elementor-background-video-hosted\" role=\"presentation\" autoplay muted playsinline loop><\/video>\n\t\t\t\t\t<\/div><div class=\"elementor-element elementor-element-e7e54a3 e-con-full e-flex e-con e-child\" data-id=\"e7e54a3\" data-element_type=\"container\" data-e-type=\"container\" data-settings=\"{&quot;background_background&quot;:&quot;video&quot;,&quot;background_video_link&quot;:&quot;https:\\\/\\\/amsbiopharma.com\\\/wp-content\\\/uploads\\\/Clip10_Bioanalysis_Biomarkers2.mp4&quot;,&quot;background_play_on_mobile&quot;:&quot;yes&quot;,&quot;background_play_once&quot;:&quot;yes&quot;,&quot;background_video_end&quot;:13,&quot;background_video_start&quot;:0}\">\n\t\t<div class=\"elementor-background-video-container\">\n\t\t\t\t\t\t\t<video class=\"elementor-background-video-hosted\" role=\"presentation\" autoplay muted playsinline><\/video>\n\t\t\t\t\t<\/div>\t\t<\/div>\n\t\t\t\t<\/div>\n\t\t\t\t\t<\/div>\n\t\t\t\t<\/div>\n\t\t<div class=\"elementor-element elementor-element-8e2d49b e-flex e-con-boxed e-con e-parent\" data-id=\"8e2d49b\" data-element_type=\"container\" data-e-type=\"container\" data-settings=\"{&quot;background_background&quot;:&quot;classic&quot;}\">\n\t\t\t\t\t<div class=\"e-con-inner\">\n\t\t<div class=\"elementor-element elementor-element-2ce3633 e-con-full e-flex e-con e-child\" data-id=\"2ce3633\" data-element_type=\"container\" data-e-type=\"container\">\n\t\t\t\t<div class=\"elementor-element elementor-element-2562ce6 elementor-widget elementor-widget-heading\" data-id=\"2562ce6\" data-element_type=\"widget\" data-e-type=\"widget\" data-widget_type=\"heading.default\">\n\t\t\t\t<div class=\"elementor-widget-container\">\n\t\t\t\t\t<h2 class=\"elementor-heading-title elementor-size-default\">Servicios de purificaci\u00f3n personalizados<\/h2>\t\t\t\t<\/div>\n\t\t\t\t<\/div>\n\t\t\t\t<div class=\"elementor-element elementor-element-d6afdf6 elementor-widget elementor-widget-text-editor\" data-id=\"d6afdf6\" data-element_type=\"widget\" data-e-type=\"widget\" data-widget_type=\"text-editor.default\">\n\t\t\t\t<div class=\"elementor-widget-container\">\n\t\t\t\t\t\t\t\t\t<p>Soluciones de purificaci\u00f3n personalizadas para una gran variedad de compuestos. Estamos especializados en soluciones de purificaci\u00f3n de precisi\u00f3n mediante servicios de HPLC preparativa y contamos con una amplia experiencia en la purificaci\u00f3n de mezclas complejas. Nuestros servicios personalizados de purificaci\u00f3n por HPLC preparativa cumplen las normas m\u00e1s exigentes.\u00a0<\/p>\t\t\t\t\t\t\t\t<\/div>\n\t\t\t\t<\/div>\n\t\t\t\t<\/div>\n\t\t<div class=\"elementor-element elementor-element-a2cd724 e-con-full e-flex e-con e-child\" data-id=\"a2cd724\" data-element_type=\"container\" data-e-type=\"container\">\n\t\t\t\t<\/div>\n\t\t\t\t\t<\/div>\n\t\t\t\t<\/div>\n\t\t<div class=\"elementor-element elementor-element-87d0c11 e-flex e-con-boxed e-con e-parent\" data-id=\"87d0c11\" data-element_type=\"container\" data-e-type=\"container\" data-settings=\"{&quot;background_background&quot;:&quot;classic&quot;}\">\n\t\t\t\t\t<div class=\"e-con-inner\">\n\t\t\t\t<div class=\"elementor-element elementor-element-7b89756 elementor-widget elementor-widget-text-editor\" data-id=\"7b89756\" data-element_type=\"widget\" data-e-type=\"widget\" data-widget_type=\"text-editor.default\">\n\t\t\t\t<div class=\"elementor-widget-container\">\n\t\t\t\t\t\t\t\t\t<p><strong>\u00c1reas de aplicaci\u00f3n:<\/strong><\/p><p>Nos centramos en mejorar la pureza de los compuestos con precisi\u00f3n y exactitud.<\/p><ul><li>Desarrollo de f\u00e1rmacos. Purificaci\u00f3n de API e impurezas.<\/li><li>Identificaci\u00f3n, asilamiento, caracterizaci\u00f3n e identificaci\u00f3n de impurezas desconocidas.<\/li><li>Purificaci\u00f3n durante la producci\u00f3n.\u00a0<\/li><li>Purificaci\u00f3n de los compuestos org\u00e1nicos objetivo a partir de reacciones qu\u00edmicas.<\/li><\/ul><p>Nuestros equipos nos permiten realizar los an\u00e1lisis necesarios para la determinaci\u00f3n de la estructura de una impureza o de compuestos puros: An\u00e1lisis NME (1H, 13C, DEPT, COSY, HMBC, HSQC&#8230;), UPLC\/MS\/MS, HPLC-UV.<\/p>\t\t\t\t\t\t\t\t<\/div>\n\t\t\t\t<\/div>\n\t\t\t\t\t<\/div>\n\t\t\t\t<\/div>\n\t\t<div class=\"elementor-element elementor-element-569a767 e-con-full e-flex e-con e-parent\" data-id=\"569a767\" data-element_type=\"container\" data-e-type=\"container\" id=\"discover-menu-container\">\n\t\t<div class=\"elementor-element elementor-element-60d507a e-con-full title-container e-flex e-con e-child\" data-id=\"60d507a\" data-element_type=\"container\" data-e-type=\"container\">\n\t\t\t\t<div class=\"elementor-element elementor-element-ad48d71 elementor-widget elementor-widget-heading\" data-id=\"ad48d71\" data-element_type=\"widget\" data-e-type=\"widget\" data-widget_type=\"heading.default\">\n\t\t\t\t<div class=\"elementor-widget-container\">\n\t\t\t\t\t<h2 class=\"elementor-heading-title elementor-size-default\">Discover<\/h2>\t\t\t\t<\/div>\n\t\t\t\t<\/div>\n\t\t\t\t<div class=\"elementor-element elementor-element-461c7f6 elementor-widget elementor-widget-html\" data-id=\"461c7f6\" data-element_type=\"widget\" data-e-type=\"widget\" data-widget_type=\"html.default\">\n\t\t\t\t<div class=\"elementor-widget-container\">\n\t\t\t\t\t<svg aria-hidden=\"true\" class=\"e-font-icon-svg e-fas-plus-circle\" viewBox=\"0 0 512 512\" xmlns=\"http:\/\/www.w3.org\/2000\/svg\"><path d=\"M256 8C119 8 8 119 8 256s111 248 248 248 248-111 248-248S393 8 256 8zm144 276c0 6.6-5.4 12-12 12h-92v92c0 6.6-5.4 12-12 12h-56c-6.6 0-12-5.4-12-12v-92h-92c-6.6 0-12-5.4-12-12v-56c0-6.6 5.4-12 12-12h92v-92c0-6.6 5.4-12 12-12h56c6.6 0 12 5.4 12 12v92h92c6.6 0 12 5.4 12 12v56z\"><\/path><\/svg>\t\t\t\t<\/div>\n\t\t\t\t<\/div>\n\t\t\t\t<\/div>\n\t\t\t\t<div class=\"elementor-element elementor-element-277ed7c elementor-nav-menu--dropdown-none discover-menu elementor-widget elementor-widget-nav-menu\" data-id=\"277ed7c\" data-element_type=\"widget\" data-e-type=\"widget\" data-settings=\"{&quot;layout&quot;:&quot;vertical&quot;,&quot;submenu_icon&quot;:{&quot;value&quot;:&quot;&lt;svg aria-hidden=\\&quot;true\\&quot; class=\\&quot;e-font-icon-svg e-fas-caret-down\\&quot; viewBox=\\&quot;0 0 320 512\\&quot; xmlns=\\&quot;http:\\\/\\\/www.w3.org\\\/2000\\\/svg\\&quot;&gt;&lt;path d=\\&quot;M31.3 192h257.3c17.8 0 26.7 21.5 14.1 34.1L174.1 354.8c-7.8 7.8-20.5 7.8-28.3 0L17.2 226.1C4.6 213.5 13.5 192 31.3 192z\\&quot;&gt;&lt;\\\/path&gt;&lt;\\\/svg&gt;&quot;,&quot;library&quot;:&quot;fa-solid&quot;}}\" data-widget_type=\"nav-menu.default\">\n\t\t\t\t<div class=\"elementor-widget-container\">\n\t\t\t\t\t\t\t\t<nav aria-label=\"Men\u00fa\" class=\"elementor-nav-menu--main elementor-nav-menu__container elementor-nav-menu--layout-vertical e--pointer-underline e--animation-fade\">\n\t\t\t\t<ul id=\"menu-1-277ed7c\" class=\"elementor-nav-menu sm-vertical\"><li class=\"menu-item menu-item-type-post_type menu-item-object-page menu-item-4077\"><a href=\"https:\/\/amsbiopharma.com\/es\/bioanalisis-y-biomarcadores\/\" class=\"elementor-item\">Bioan\u00e1lisis y biomarcadores<\/a><\/li>\n<li class=\"menu-item menu-item-type-post_type menu-item-object-page menu-item-4078\"><a href=\"https:\/\/amsbiopharma.com\/es\/metabolomica-y-lipidomica\/\" class=\"elementor-item\">Metabol\u00f3mica y lipid\u00f3mica<\/a><\/li>\n<\/ul>\t\t\t<\/nav>\n\t\t\t\t\t\t<nav class=\"elementor-nav-menu--dropdown elementor-nav-menu__container\" aria-hidden=\"true\">\n\t\t\t\t<ul id=\"menu-2-277ed7c\" class=\"elementor-nav-menu sm-vertical\"><li class=\"menu-item menu-item-type-post_type menu-item-object-page menu-item-4077\"><a href=\"https:\/\/amsbiopharma.com\/es\/bioanalisis-y-biomarcadores\/\" class=\"elementor-item\" tabindex=\"-1\">Bioan\u00e1lisis y biomarcadores<\/a><\/li>\n<li class=\"menu-item menu-item-type-post_type menu-item-object-page menu-item-4078\"><a href=\"https:\/\/amsbiopharma.com\/es\/metabolomica-y-lipidomica\/\" class=\"elementor-item\" tabindex=\"-1\">Metabol\u00f3mica y lipid\u00f3mica<\/a><\/li>\n<\/ul>\t\t\t<\/nav>\n\t\t\t\t\t\t<\/div>\n\t\t\t\t<\/div>\n\t\t\t\t<\/div>\n\t\t<div class=\"elementor-element elementor-element-80d5f00 e-flex e-con-boxed e-con e-parent\" data-id=\"80d5f00\" data-element_type=\"container\" data-e-type=\"container\">\n\t\t\t\t\t<div class=\"e-con-inner\">\n\t\t\t\t<div class=\"elementor-element elementor-element-ab43bdd elementor-widget elementor-widget-image\" data-id=\"ab43bdd\" data-element_type=\"widget\" data-e-type=\"widget\" data-widget_type=\"image.default\">\n\t\t\t\t<div class=\"elementor-widget-container\">\n\t\t\t\t\t\t\t\t\t\t\t\t\t\t\t<img fetchpriority=\"high\" decoding=\"async\" width=\"1024\" height=\"420\" src=\"https:\/\/amsbiopharma.com\/wp-content\/uploads\/Contract_Purification_Services-1024x420.jpg\" class=\"attachment-large size-large wp-image-5040\" alt=\"\" srcset=\"https:\/\/amsbiopharma.com\/wp-content\/uploads\/Contract_Purification_Services-1024x420.jpg 1024w, https:\/\/amsbiopharma.com\/wp-content\/uploads\/Contract_Purification_Services-300x123.jpg 300w, https:\/\/amsbiopharma.com\/wp-content\/uploads\/Contract_Purification_Services-768x315.jpg 768w, https:\/\/amsbiopharma.com\/wp-content\/uploads\/Contract_Purification_Services-1536x631.jpg 1536w, https:\/\/amsbiopharma.com\/wp-content\/uploads\/Contract_Purification_Services-2048x841.jpg 2048w\" sizes=\"(max-width: 1024px) 100vw, 1024px\" \/>\t\t\t\t\t\t\t\t\t\t\t\t\t\t\t<\/div>\n\t\t\t\t<\/div>\n\t\t\t\t\t<\/div>\n\t\t\t\t<\/div>\n\t\t<div class=\"elementor-element elementor-element-2113393 e-flex e-con-boxed e-con e-parent\" data-id=\"2113393\" data-element_type=\"container\" data-e-type=\"container\">\n\t\t\t\t\t<div class=\"e-con-inner\">\n\t\t\t\t<div class=\"elementor-element elementor-element-1ce1022 elementor-widget elementor-widget-text-editor\" data-id=\"1ce1022\" data-element_type=\"widget\" data-e-type=\"widget\" data-widget_type=\"text-editor.default\">\n\t\t\t\t<div class=\"elementor-widget-container\">\n\t\t\t\t\t\t\t\t\t<p><strong>Flujo del servicio<\/strong><\/p><ol><li><p><strong>Servicio personalizado<\/strong><br \/>Cu\u00e9ntanos qu\u00e9 necesitas y nos encargaremos de hacerlo realidad. Ponte en contacto con nosotros para contarnos tu caso y nuestro equipo de ventas te confirmar\u00e1 el pedido y gestionar\u00e1 la firma de los acuerdos de confidencialidad necesarios.<\/p><\/li><li><p><strong>Evaluaci\u00f3n t\u00e9cnica<\/strong><br \/>Te explicaremos las opciones t\u00e9cnicas m\u00e1s adecuadas para el desarrollo de tu proyecto. Nuestro servicio de purificaci\u00f3n ofrece una alta resoluci\u00f3n, logrando productos con una pureza superior al 90%. En algunos casos, tambi\u00e9n podemos realizar pruebas de concepto para valorar la viabilidad t\u00e9cnica y proponer un calendario. Te enviaremos un presupuesto detallado para tu aprobaci\u00f3n.<\/p><\/li><li><p><strong>Desarrollo del proyecto<\/strong><br \/>Contamos con un equipo especializado en servicios anal\u00edticos que se adaptan a cada etapa del desarrollo. Durante el proceso de purificaci\u00f3n, estaremos en contacto contigo para mantenerte informado.<\/p><\/li><li><p><strong>Soporte continuo<\/strong><br \/>Estamos a tu disposici\u00f3n en cualquier momento del proceso para resolver dudas o atender tus consultas.<\/p><\/li><li><p><strong>Entrega final<\/strong><br \/>Al finalizar la purificaci\u00f3n, recibir\u00e1s los productos purificados junto con un informe detallado de an\u00e1lisis o el certificado de an\u00e1lisis (CoA).<\/p><\/li><\/ol>\t\t\t\t\t\t\t\t<\/div>\n\t\t\t\t<\/div>\n\t\t\t\t\t<\/div>\n\t\t\t\t<\/div>\n\t\t\t\t<\/div>\n\t\t","protected":false},"excerpt":{"rendered":"<div class=\"entry-summary\">\nServicios de I+D y Precl\u00ednicos En AMSbiopharma, ofrecemos servicios avanzados de bioan\u00e1lisis y metabol\u00f3mica para apoyar el desarrollo de medicamentos. Utilizando UPLC-MS\/MS, proporcionamos an\u00e1lisis precisos para DMPK, identificaci\u00f3n de biomarcadores y lipid\u00f3mica, ofreciendo informaci\u00f3n para acelerar su investigaci\u00f3n. Servicios de&hellip;\n<\/div>\n<div class=\"link-more\"><a href=\"https:\/\/amsbiopharma.com\/es\/servicios-purificacion-personalizados\/\" class=\"more-link\">Continue reading<span class=\"screen-reader-text\"> &ldquo;Servicios de purificaci\u00f3n personalizados&rdquo;<\/span>&hellip;<\/a><\/div>\n","protected":false},"author":1,"featured_media":4763,"parent":0,"menu_order":0,"comment_status":"closed","ping_status":"closed","template":"elementor_header_footer","meta":{"footnotes":""},"class_list":["post-5055","page","type-page","status-publish","has-post-thumbnail","hentry","entry"],"_links":{"self":[{"href":"https:\/\/amsbiopharma.com\/es\/wp-json\/wp\/v2\/pages\/5055","targetHints":{"allow":["GET"]}}],"collection":[{"href":"https:\/\/amsbiopharma.com\/es\/wp-json\/wp\/v2\/pages"}],"about":[{"href":"https:\/\/amsbiopharma.com\/es\/wp-json\/wp\/v2\/types\/page"}],"author":[{"embeddable":true,"href":"https:\/\/amsbiopharma.com\/es\/wp-json\/wp\/v2\/users\/1"}],"replies":[{"embeddable":true,"href":"https:\/\/amsbiopharma.com\/es\/wp-json\/wp\/v2\/comments?post=5055"}],"version-history":[{"count":15,"href":"https:\/\/amsbiopharma.com\/es\/wp-json\/wp\/v2\/pages\/5055\/revisions"}],"predecessor-version":[{"id":5080,"href":"https:\/\/amsbiopharma.com\/es\/wp-json\/wp\/v2\/pages\/5055\/revisions\/5080"}],"wp:featuredmedia":[{"embeddable":true,"href":"https:\/\/amsbiopharma.com\/es\/wp-json\/wp\/v2\/media\/4763"}],"wp:attachment":[{"href":"https:\/\/amsbiopharma.com\/es\/wp-json\/wp\/v2\/media?parent=5055"}],"curies":[{"name":"wp","href":"https:\/\/api.w.org\/{rel}","templated":true}]}}