{"id":5338,"date":"2025-04-15T12:04:59","date_gmt":"2025-04-15T10:04:59","guid":{"rendered":"https:\/\/amsbiopharma.com\/?page_id=5338"},"modified":"2025-04-15T12:04:59","modified_gmt":"2025-04-15T10:04:59","slug":"politica-privacidad-formulario-contacto","status":"publish","type":"page","link":"https:\/\/amsbiopharma.com\/es\/politica-privacidad-formulario-contacto\/","title":{"rendered":"Pol\u00edtica privacidad formulario contacto"},"content":{"rendered":"\t\t<div data-elementor-type=\"wp-page\" data-elementor-id=\"5338\" class=\"elementor elementor-5338\" data-elementor-post-type=\"page\">\n\t\t\t\t<div class=\"elementor-element elementor-element-a388a27 e-flex e-con-boxed e-con e-parent\" data-id=\"a388a27\" data-element_type=\"container\" data-e-type=\"container\" data-settings=\"{&quot;background_background&quot;:&quot;classic&quot;}\">\n\t\t\t\t\t<div class=\"e-con-inner\">\n\t\t<div class=\"elementor-element elementor-element-ee493f6 e-con-full e-flex e-con e-child\" data-id=\"ee493f6\" data-element_type=\"container\" data-e-type=\"container\">\n\t\t\t\t<div class=\"elementor-element elementor-element-4468791 elementor-widget elementor-widget-heading\" data-id=\"4468791\" data-element_type=\"widget\" data-e-type=\"widget\" data-widget_type=\"heading.default\">\n\t\t\t\t<div class=\"elementor-widget-container\">\n\t\t\t\t\t<h1 class=\"elementor-heading-title elementor-size-default\">Pol\u00edtica de Privacidad<\/h1>\t\t\t\t<\/div>\n\t\t\t\t<\/div>\n\t\t\t\t<div class=\"elementor-element elementor-element-d4afdc8 elementor-widget elementor-widget-text-editor\" data-id=\"d4afdc8\" data-element_type=\"widget\" data-e-type=\"widget\" data-widget_type=\"text-editor.default\">\n\t\t\t\t<div class=\"elementor-widget-container\">\n\t\t\t\t\t\t\t\t\t<p>La siguiente pol\u00edtica de privacidad est\u00e1 destinada a informarte sobre c\u00f3mo usamos tu informaci\u00f3n personal cumpliendo con las disposiciones y requisitos del Reglamento General Europeo de Protecci\u00f3n de Datos.\u00a0<\/p><p><strong>\u00bfQui\u00e9n es responsable del tratamiento de sus datos?<\/strong><\/p><p>Identidad: AMS BIOPHARMA LABORATORY, S.L.U.<br \/>CIF: B-27.498.146<br \/>Direcci\u00f3n postal: R\u00faa do Vidro, 117D, Parcelas 3-6, CP 27003, Lugo.<br \/>Tel\u00e9fono: 982 80 47 50<br \/>E-mail: <a rel=\"noopener\">contact@amsbiopharma.com<\/a><\/p><p><strong>\u00bfCon qu\u00e9 finalidad tratamos tus datos personales?<\/strong>\u00a0<\/p><p>En AMS Biopharma Laboratory, S.L.U. tratamos tus datos personales facilitados a trav\u00e9s del formulario de contacto con la finalidad de responder a tu consulta y\/o remitirte la informaci\u00f3n que nos solicites. As\u00ed mismo, te informamos de que AMS Biopharma Laboratory, S.L.U. no llevar\u00e1 a cabo toma de decisiones automatizas con relaci\u00f3n a los datos personales proporcionados.\u00a0<\/p><p><strong>\u00bfPor cu\u00e1nto tiempo conservaremos tus datos?<\/strong>\u00a0<\/p><p>Conservaremos tus datos personales en tanto y cuanto sean necesarios para responder a tu solicitud de informaci\u00f3n o consulta, procediendo a su supresi\u00f3n una vez dejan de tener utilidad para la entidad o en caso de que solicites la baja a AMS Biopharma Laboratory, S.L.U., oponi\u00e9ndote o revocando tu consentimiento.\u00a0<\/p><p><strong>\u00bfCu\u00e1l es la legitimaci\u00f3n para el tratamiento de tus datos?<\/strong>\u00a0<\/p><p>Para el supuesto de que solicites informaci\u00f3n a trav\u00e9s de nuestra p\u00e1gina web la base legal para el tratamiento de tus datos es el consentimiento expl\u00edcito e inequ\u00edvoco que nos facilitas mediante la aceptaci\u00f3n expl\u00edcita de esta pol\u00edtica de privacidad.\u00a0<\/p><p><strong>\u00bfA qu\u00e9 destinatarios se comunicar\u00e1n tus datos?<\/strong>\u00a0<\/p><p>AMS Biopharma Laboratory, S.L.U. no comunicar\u00e1 los datos personales del interesado salvo en aquellas ocasiones en las que exista una obligaci\u00f3n legal de cesi\u00f3n de los datos a la Administraci\u00f3n con competencia en la materia. \u202fNo obstante, AMS Biopharma Laboratory, S.L.U. puede compartir informaci\u00f3n personal con aquellas empresas o colaboradores que son esenciales para remitirte la informaci\u00f3n que nos solicitas, estos colaboradores han suscrito un contrato que garantiza la confidencialidad y seguridad de tus datos. No est\u00e1 previsto realizar transferencias internacionales de tus datos personales a terceros pa\u00edses.\u00a0<\/p><p><strong>\u00bfCu\u00e1les son tus derechos cuando nos facilitas tus datos?<\/strong>\u00a0<\/p><p>En virtud de lo establecido en el RGPD puedes solicitar:\u202f\u00a0<br \/><u>Derecho de acceso<\/u>:\u202fsolicitar informaci\u00f3n de aquellos datos personales que dispongamos.\u00a0<br \/><u>Derecho de rectificaci\u00f3n:<\/u> comunicar cualquier cambio en tus datos personales.\u202f\u00a0<br \/><u>Derecho de supresi\u00f3n y al olvido<\/u>: solicitar la eliminaci\u00f3n previo bloqueo de los datos personales.\u202f\u00a0<br \/><u>Derecho de limitaci\u00f3n al tratamiento<\/u>: restringir el tratamiento de los datos personales.\u00a0<br \/><u>Derecho de oposici\u00f3n<\/u>: puedes retirar el consentimiento del tratamiento de los datos, oponi\u00e9ndose a que se sigan tratando.\u202f\u00a0<br \/><u>Derecho a la portabilidad:<\/u> solicitar una copia de los datos personales en un formato estructurado, de uso com\u00fan y lectura mec\u00e1nica para su transmisi\u00f3n a otro responsable.\u202f\u00a0<br \/><u>Derecho a no ser objeto de decisiones automatizadas<\/u>: solicitar que no se tomen decisiones que se basen \u00fanicamente en el tratamiento automatizado, incluyendo la elaboraci\u00f3n de perfiles, que produzca efectos jur\u00eddicos o afecte significativamente al interesado.\u202f\u00a0<br \/><u>Derecho a retirar tu consentimiento<\/u>: en cualquier momento sin que ello anule la legitimaci\u00f3n de los tratamientos que se hayan efectuado desde que se otorg\u00f3 el consentimiento hasta que lo hayas retirado.\u202f\u202f\u00a0<\/p><p>Por ello, AMS Biopharma Laboratory, S.L.U. te informa que, en cualquier momento y de forma gratuita, puedes ejercitar los antedichos derechos mediante la solicitud de los modelos pertinentes en el correo electr\u00f3nico o en la direcci\u00f3n indicada en el primer punto de la presente pol\u00edtica de privacidad.\u00a0<\/p><p>Cada solicitud de ejercicio de derechos que nos presentes deber\u00e1 contener en el asunto la referencia \u201cEjercicio derechos RGPD\u201d e incluir los siguientes datos: nombre y apellidos, domicilio a efectos de notificaci\u00f3n, fotocopia del Documento Nacional de Identidad o Pasaporte, y petici\u00f3n concreta que se solicita. En el caso de ejercitarse en nombre de otra persona, se deber\u00e1 adjuntar un documento que acredite fehacientemente la representaci\u00f3n ostentada.\u00a0<\/p><p>Si consideras que alguno de los derechos anteriormente mencionados no ha sido respetado, tendr\u00e1s derecho a presentar una reclamaci\u00f3n ante la Agencia Espa\u00f1ola de Protecci\u00f3n de Datos. <u>(<\/u><a href=\"https:\/\/www.agpd.es\/portalwebAGPD\/index-ides-idphp.php\" target=\"_blank\" rel=\"noopener\">https:\/\/www.agpd.es\/portalwebAGPD\/index-ides-idphp.php<\/a><u>)<\/u>.\u00a0<\/p>\t\t\t\t\t\t\t\t<\/div>\n\t\t\t\t<\/div>\n\t\t\t\t<\/div>\n\t\t\t\t\t<\/div>\n\t\t\t\t<\/div>\n\t\t\t\t<\/div>\n\t\t","protected":false},"excerpt":{"rendered":"<div class=\"entry-summary\">\nPol\u00edtica de Privacidad La siguiente pol\u00edtica de privacidad est\u00e1 destinada a informarte sobre c\u00f3mo usamos tu informaci\u00f3n personal cumpliendo con las disposiciones y requisitos del Reglamento General Europeo de Protecci\u00f3n de Datos.\u00a0 \u00bfQui\u00e9n es responsable del tratamiento de sus datos?&hellip;\n<\/div>\n<div class=\"link-more\"><a href=\"https:\/\/amsbiopharma.com\/es\/politica-privacidad-formulario-contacto\/\" class=\"more-link\">Continue reading<span class=\"screen-reader-text\"> &ldquo;Pol\u00edtica privacidad formulario contacto&rdquo;<\/span>&hellip;<\/a><\/div>\n","protected":false},"author":1,"featured_media":0,"parent":0,"menu_order":0,"comment_status":"closed","ping_status":"closed","template":"elementor_header_footer","meta":{"footnotes":""},"class_list":["post-5338","page","type-page","status-publish","hentry","entry"],"_links":{"self":[{"href":"https:\/\/amsbiopharma.com\/es\/wp-json\/wp\/v2\/pages\/5338","targetHints":{"allow":["GET"]}}],"collection":[{"href":"https:\/\/amsbiopharma.com\/es\/wp-json\/wp\/v2\/pages"}],"about":[{"href":"https:\/\/amsbiopharma.com\/es\/wp-json\/wp\/v2\/types\/page"}],"author":[{"embeddable":true,"href":"https:\/\/amsbiopharma.com\/es\/wp-json\/wp\/v2\/users\/1"}],"replies":[{"embeddable":true,"href":"https:\/\/amsbiopharma.com\/es\/wp-json\/wp\/v2\/comments?post=5338"}],"version-history":[{"count":4,"href":"https:\/\/amsbiopharma.com\/es\/wp-json\/wp\/v2\/pages\/5338\/revisions"}],"predecessor-version":[{"id":5342,"href":"https:\/\/amsbiopharma.com\/es\/wp-json\/wp\/v2\/pages\/5338\/revisions\/5342"}],"wp:attachment":[{"href":"https:\/\/amsbiopharma.com\/es\/wp-json\/wp\/v2\/media?parent=5338"}],"curies":[{"name":"wp","href":"https:\/\/api.w.org\/{rel}","templated":true}]}}