{"id":5361,"date":"2025-04-15T12:56:13","date_gmt":"2025-04-15T10:56:13","guid":{"rendered":"https:\/\/amsbiopharma.com\/?page_id=5361"},"modified":"2025-04-15T12:56:27","modified_gmt":"2025-04-15T10:56:27","slug":"politica-de-privacidad-newsletter","status":"publish","type":"page","link":"https:\/\/amsbiopharma.com\/es\/politica-de-privacidad-newsletter\/","title":{"rendered":"Pol\u00edtica de privacidad Newsletter"},"content":{"rendered":"\t\t<div data-elementor-type=\"wp-page\" data-elementor-id=\"5361\" class=\"elementor elementor-5361\" data-elementor-post-type=\"page\">\n\t\t\t\t<div class=\"elementor-element elementor-element-a388a27 e-flex e-con-boxed e-con e-parent\" data-id=\"a388a27\" data-element_type=\"container\" data-e-type=\"container\" data-settings=\"{&quot;background_background&quot;:&quot;classic&quot;}\">\n\t\t\t\t\t<div class=\"e-con-inner\">\n\t\t<div class=\"elementor-element elementor-element-ee493f6 e-con-full e-flex e-con e-child\" data-id=\"ee493f6\" data-element_type=\"container\" data-e-type=\"container\">\n\t\t\t\t<div class=\"elementor-element elementor-element-4468791 elementor-widget elementor-widget-heading\" data-id=\"4468791\" data-element_type=\"widget\" data-e-type=\"widget\" data-widget_type=\"heading.default\">\n\t\t\t\t<div class=\"elementor-widget-container\">\n\t\t\t\t\t<h1 class=\"elementor-heading-title elementor-size-default\">Pol\u00edtica de Privacidad<\/h1>\t\t\t\t<\/div>\n\t\t\t\t<\/div>\n\t\t\t\t<div class=\"elementor-element elementor-element-d4afdc8 elementor-widget elementor-widget-text-editor\" data-id=\"d4afdc8\" data-element_type=\"widget\" data-e-type=\"widget\" data-widget_type=\"text-editor.default\">\n\t\t\t\t<div class=\"elementor-widget-container\">\n\t\t\t\t\t\t\t\t\t<p><strong>\u00bfQui\u00e9n es responsable del tratamiento de sus datos?<\/strong><\/p><p>Identidad: AMS BIOPHARMA LABORATORY, S.L.U.<br \/>CIF: B-27.498.146<br \/>Direcci\u00f3n postal: R\u00faa do Vidro, 117D, Parcelas 3-6, CP 27003, Lugo.<br \/>Tel\u00e9fono: 982 80 47 50<br \/>E-mail: <a rel=\"noopener\">contact@amsbiopharma.com<\/a><\/p><p><b><span data-contrast=\"auto\">\u00bfCon qu\u00e9 finalidad tratamos tus datos personales?<\/span><\/b><span data-ccp-props=\"{&quot;201341983&quot;:0,&quot;335551550&quot;:6,&quot;335551620&quot;:6,&quot;335559739&quot;:0,&quot;335559740&quot;:240}\">\u00a0<\/span><\/p><p><span data-contrast=\"auto\">Los datos personales recabados ser\u00e1n tratados para gestionar la suscripci\u00f3n al newsletter realizada a trav\u00e9s del canal dispuesto en el sitio web de AMS Biopharma Laboratory, S.L.U.. As\u00ed mismo, te informamos de que AMS Biopharma Laboratory, S.L.U. no llevar\u00e1 a cabo toma de decisiones automatizas con relaci\u00f3n a los datos personales proporcionados.<\/span><span data-ccp-props=\"{&quot;201341983&quot;:0,&quot;335551550&quot;:6,&quot;335551620&quot;:6,&quot;335559739&quot;:0,&quot;335559740&quot;:240}\">\u00a0<\/span><\/p><p><b><span data-contrast=\"auto\">\u00bfPor cu\u00e1nto tiempo conservaremos tus datos?<\/span><\/b><span data-ccp-props=\"{&quot;201341983&quot;:0,&quot;335551550&quot;:6,&quot;335551620&quot;:6,&quot;335559739&quot;:0,&quot;335559740&quot;:240}\">\u00a0<\/span><\/p><p><span data-contrast=\"auto\">Conservaremos los datos facilitados para la suscripci\u00f3n al newsletter hasta que el usuario solicite su baja a AMS Biopharma Laboratory, S.L.U., oponi\u00e9ndose o revocando su consentimiento.<\/span><span data-ccp-props=\"{&quot;201341983&quot;:0,&quot;335551550&quot;:6,&quot;335551620&quot;:6,&quot;335559739&quot;:0,&quot;335559740&quot;:240}\">\u00a0<\/span><\/p><p><b><span data-contrast=\"auto\">\u00bfCu\u00e1l es la legitimaci\u00f3n para el tratamiento de tus datos?<\/span><\/b><span data-ccp-props=\"{&quot;201341983&quot;:0,&quot;335551550&quot;:6,&quot;335551620&quot;:6,&quot;335559739&quot;:0,&quot;335559740&quot;:240}\">\u00a0<\/span><\/p><p><span data-contrast=\"auto\">La legitimaci\u00f3n para el tratamiento de tus datos es el consentimiento expl\u00edcito e inequ\u00edvoco que nos facilitas al aceptar la pol\u00edtica de privacidad.<\/span><span data-ccp-props=\"{&quot;201341983&quot;:0,&quot;335551550&quot;:6,&quot;335551620&quot;:6,&quot;335559739&quot;:0,&quot;335559740&quot;:240}\">\u00a0<\/span><\/p><p><b><span data-contrast=\"auto\">\u00bfA qu\u00e9 destinatarios se comunicar\u00e1n tus datos?<\/span><\/b><span data-ccp-props=\"{&quot;201341983&quot;:0,&quot;335551550&quot;:6,&quot;335551620&quot;:6,&quot;335559739&quot;:0,&quot;335559740&quot;:240}\">\u00a0<\/span><\/p><p><span data-contrast=\"auto\">AMS Biopharma Laboratory, S.L.U. <\/span><span data-contrast=\"none\">no comunicar\u00e1 los datos personales del interesado salvo en aquellas ocasiones en las que exista una obligaci\u00f3n legal de cesi\u00f3n de los datos a la Administraci\u00f3n con competencia en la materia. \u202fNo obstante, <\/span><span data-contrast=\"auto\">AMS Biopharma Laboratory, S.L.U. <\/span><span data-contrast=\"none\">puede compartir informaci\u00f3n personal con aquellas empresas o colaboradores que son esenciales para el env\u00edo del newsletter, estos colaboradores han suscrito un contrato que garantiza la confidencialidad y seguridad de tus datos. No est\u00e1 previsto realizar transferencias internacionales de tus datos personales a terceros pa\u00edses.<\/span><span data-ccp-props=\"{&quot;201341983&quot;:0,&quot;335551550&quot;:6,&quot;335551620&quot;:6,&quot;335559739&quot;:0,&quot;335559740&quot;:240}\">\u00a0<\/span><\/p><p><b><span data-contrast=\"auto\">\u00bfCu\u00e1les son tus derechos cuando nos facilitas tus datos?<\/span><\/b><span data-ccp-props=\"{&quot;201341983&quot;:0,&quot;335551550&quot;:6,&quot;335551620&quot;:6,&quot;335559739&quot;:0,&quot;335559740&quot;:240}\">\u00a0<\/span><\/p><p><span data-contrast=\"auto\">En virtud de lo establecido en el RGPD puedes solicitar:\u202f<\/span><span data-ccp-props=\"{&quot;134233117&quot;:false,&quot;134233118&quot;:false,&quot;201341983&quot;:0,&quot;335551550&quot;:6,&quot;335551620&quot;:6,&quot;335559685&quot;:15,&quot;335559738&quot;:0,&quot;335559739&quot;:0,&quot;335559740&quot;:240}\">\u00a0<br \/><\/span><span style=\"text-decoration: underline;\">Derecho de acceso<\/span><span data-contrast=\"auto\">:\u202fsolicitar informaci\u00f3n de aquellos datos personales que dispongamos.<\/span><span data-ccp-props=\"{&quot;134233117&quot;:false,&quot;134233118&quot;:false,&quot;201341983&quot;:0,&quot;335551550&quot;:6,&quot;335551620&quot;:6,&quot;335559685&quot;:15,&quot;335559738&quot;:0,&quot;335559739&quot;:0,&quot;335559740&quot;:240}\">\u00a0<br \/><\/span><span style=\"text-decoration: underline;\">Derecho de rectificaci\u00f3n<\/span><span data-contrast=\"auto\">: comunicar cualquier cambio en tus datos personales.\u202f<\/span><span data-ccp-props=\"{&quot;134233117&quot;:false,&quot;134233118&quot;:false,&quot;201341983&quot;:0,&quot;335551550&quot;:6,&quot;335551620&quot;:6,&quot;335559685&quot;:15,&quot;335559738&quot;:0,&quot;335559739&quot;:0,&quot;335559740&quot;:240}\">\u00a0<br \/><\/span><span style=\"text-decoration: underline;\">Derecho de supresi\u00f3n y al olvido<\/span><span data-contrast=\"auto\">: solicitar la eliminaci\u00f3n previo bloqueo de los datos personales.\u202f<\/span><span data-ccp-props=\"{&quot;134233117&quot;:false,&quot;134233118&quot;:false,&quot;201341983&quot;:0,&quot;335551550&quot;:6,&quot;335551620&quot;:6,&quot;335559685&quot;:15,&quot;335559738&quot;:0,&quot;335559739&quot;:0,&quot;335559740&quot;:240}\">\u00a0<br \/><\/span><span style=\"text-decoration: underline;\">Derecho de limitaci\u00f3n al tratamiento<\/span><span data-contrast=\"auto\">: restringir el tratamiento de los datos personales.<\/span><span data-ccp-props=\"{&quot;134233117&quot;:false,&quot;134233118&quot;:false,&quot;201341983&quot;:0,&quot;335551550&quot;:6,&quot;335551620&quot;:6,&quot;335559685&quot;:15,&quot;335559738&quot;:0,&quot;335559739&quot;:0,&quot;335559740&quot;:240}\">\u00a0<br \/><\/span><span style=\"text-decoration: underline;\">Derecho de oposici\u00f3n<\/span><span data-contrast=\"auto\">: puedes retirar el consentimiento del tratamiento de los datos, oponi\u00e9ndose a que se sigan tratando.\u202f<\/span><span data-ccp-props=\"{&quot;201341983&quot;:0,&quot;335551550&quot;:6,&quot;335551620&quot;:6,&quot;335559685&quot;:15,&quot;335559739&quot;:0,&quot;335559740&quot;:240}\">\u00a0<br \/><\/span><span style=\"text-decoration: underline;\">Derecho a la portabilidad<\/span><span data-contrast=\"auto\">: solicitar una copia de los datos personales en un formato estructurado, de uso com\u00fan y lectura mec\u00e1nica para su transmisi\u00f3n a otro responsable.\u202f<\/span><span data-ccp-props=\"{&quot;134233117&quot;:false,&quot;134233118&quot;:false,&quot;201341983&quot;:0,&quot;335551550&quot;:6,&quot;335551620&quot;:6,&quot;335559685&quot;:15,&quot;335559738&quot;:0,&quot;335559739&quot;:0,&quot;335559740&quot;:240}\">\u00a0<br \/><\/span><span style=\"text-decoration: underline;\">Derecho a no ser objeto de decisiones automatizadas<\/span><span data-contrast=\"auto\">: solicitar que no se tomen decisiones que se basen \u00fanicamente en el tratamiento automatizado, incluyendo la elaboraci\u00f3n de perfiles, que produzca efectos jur\u00eddicos o afecte significativamente al interesado.\u202f<\/span><span data-ccp-props=\"{&quot;134233117&quot;:false,&quot;134233118&quot;:false,&quot;201341983&quot;:0,&quot;335551550&quot;:6,&quot;335551620&quot;:6,&quot;335559738&quot;:0,&quot;335559739&quot;:0,&quot;335559740&quot;:240}\">\u00a0<br \/><\/span><span style=\"text-decoration: underline;\">Derecho a retirar tu consentimiento<\/span><span data-contrast=\"auto\">: en cualquier momento sin que ello anule la legitimaci\u00f3n de los tratamientos que se hayan efectuado desde que se otorg\u00f3 el consentimiento hasta que lo hayas retirado.<\/span><span data-contrast=\"none\">\u202f<\/span><span data-ccp-props=\"{&quot;201341983&quot;:0,&quot;335551550&quot;:6,&quot;335551620&quot;:6,&quot;335559739&quot;:0,&quot;335559740&quot;:240}\">\u00a0<\/span><\/p><p><span data-contrast=\"auto\">Por ello, AMS Biopharma Laboratory, S.L.U. te informa que, en cualquier momento y de forma gratuita, puedes ejercitar los antedichos derechos mediante la solicitud de los modelos pertinentes en el correo electr\u00f3nico o en la direcci\u00f3n indicada en el primer punto de la presente pol\u00edtica de privacidad<\/span><span data-contrast=\"none\">.<\/span><span data-ccp-props=\"{&quot;201341983&quot;:0,&quot;335551550&quot;:6,&quot;335551620&quot;:6,&quot;335559739&quot;:0,&quot;335559740&quot;:240}\">\u00a0<\/span><\/p><p><span data-ccp-props=\"{&quot;201341983&quot;:0,&quot;335551550&quot;:6,&quot;335551620&quot;:6,&quot;335559739&quot;:0,&quot;335559740&quot;:240}\">\u00a0<\/span><span data-contrast=\"auto\">Cada solicitud de ejercicio de derechos que nos presentes deber\u00e1 contener en el asunto la referencia \u201cEjercicio derechos RGPD\u201d e incluir los siguientes datos: nombre y apellidos, domicilio a efectos de notificaci\u00f3n, fotocopia del Documento Nacional de Identidad o Pasaporte, y petici\u00f3n concreta que se solicita. En el caso de ejercitarse en nombre de otra persona, se deber\u00e1 adjuntar un documento que acredite fehacientemente la representaci\u00f3n ostentada.<\/span><span data-ccp-props=\"{&quot;201341983&quot;:0,&quot;335551550&quot;:6,&quot;335551620&quot;:6,&quot;335559739&quot;:0,&quot;335559740&quot;:240}\">\u00a0<\/span><\/p><p><span data-contrast=\"auto\">Si consideras que alguno de los derechos anteriormente mencionados no ha sido respetado, tendr\u00e1s derecho a presentar una reclamaci\u00f3n ante la Agencia Espa\u00f1ola de Protecci\u00f3n de Datos. <\/span><span data-contrast=\"none\">(<\/span><a href=\"https:\/\/www.agpd.es\/portalwebAGPD\/index-ides-idphp.php\" target=\"_blank\" rel=\"noopener\"><span data-contrast=\"none\">https:\/\/www.agpd.es\/portalwebAGPD\/index-ides-idphp.php<\/span><\/a><span data-contrast=\"none\">)<\/span><span data-contrast=\"auto\">.<\/span><span data-ccp-props=\"{&quot;335551550&quot;:6,&quot;335551620&quot;:6}\">\u00a0<\/span><\/p>\t\t\t\t\t\t\t\t<\/div>\n\t\t\t\t<\/div>\n\t\t\t\t<\/div>\n\t\t\t\t\t<\/div>\n\t\t\t\t<\/div>\n\t\t\t\t<\/div>\n\t\t","protected":false},"excerpt":{"rendered":"<div class=\"entry-summary\">\nPol\u00edtica de Privacidad \u00bfQui\u00e9n es responsable del tratamiento de sus datos? Identidad: AMS BIOPHARMA LABORATORY, S.L.U.CIF: B-27.498.146Direcci\u00f3n postal: R\u00faa do Vidro, 117D, Parcelas 3-6, CP 27003, Lugo.Tel\u00e9fono: 982 80 47 50E-mail: contact@amsbiopharma.com \u00bfCon qu\u00e9 finalidad tratamos tus datos personales?\u00a0 Los&hellip;\n<\/div>\n<div class=\"link-more\"><a href=\"https:\/\/amsbiopharma.com\/es\/politica-de-privacidad-newsletter\/\" class=\"more-link\">Continue reading<span class=\"screen-reader-text\"> &ldquo;Pol\u00edtica de privacidad Newsletter&rdquo;<\/span>&hellip;<\/a><\/div>\n","protected":false},"author":1,"featured_media":0,"parent":0,"menu_order":0,"comment_status":"closed","ping_status":"closed","template":"elementor_header_footer","meta":{"footnotes":""},"class_list":["post-5361","page","type-page","status-publish","hentry","entry"],"_links":{"self":[{"href":"https:\/\/amsbiopharma.com\/es\/wp-json\/wp\/v2\/pages\/5361","targetHints":{"allow":["GET"]}}],"collection":[{"href":"https:\/\/amsbiopharma.com\/es\/wp-json\/wp\/v2\/pages"}],"about":[{"href":"https:\/\/amsbiopharma.com\/es\/wp-json\/wp\/v2\/types\/page"}],"author":[{"embeddable":true,"href":"https:\/\/amsbiopharma.com\/es\/wp-json\/wp\/v2\/users\/1"}],"replies":[{"embeddable":true,"href":"https:\/\/amsbiopharma.com\/es\/wp-json\/wp\/v2\/comments?post=5361"}],"version-history":[{"count":4,"href":"https:\/\/amsbiopharma.com\/es\/wp-json\/wp\/v2\/pages\/5361\/revisions"}],"predecessor-version":[{"id":5367,"href":"https:\/\/amsbiopharma.com\/es\/wp-json\/wp\/v2\/pages\/5361\/revisions\/5367"}],"wp:attachment":[{"href":"https:\/\/amsbiopharma.com\/es\/wp-json\/wp\/v2\/media?parent=5361"}],"curies":[{"name":"wp","href":"https:\/\/api.w.org\/{rel}","templated":true}]}}