{"id":5853,"date":"2025-11-13T10:18:10","date_gmt":"2025-11-13T09:18:10","guid":{"rendered":"https:\/\/amsbiopharma.com\/quality\/"},"modified":"2026-03-30T10:10:57","modified_gmt":"2026-03-30T08:10:57","slug":"quality","status":"publish","type":"page","link":"https:\/\/amsbiopharma.com\/es\/quality\/","title":{"rendered":"Calidad"},"content":{"rendered":"\t\t<div data-elementor-type=\"wp-page\" data-elementor-id=\"5853\" class=\"elementor elementor-5853 elementor-5810\" data-elementor-post-type=\"page\">\n\t\t\t\t<div class=\"elementor-element elementor-element-1cde2115 e-flex e-con-boxed e-con e-parent\" data-id=\"1cde2115\" data-element_type=\"container\" data-e-type=\"container\">\n\t\t\t\t\t<div class=\"e-con-inner\">\n\t\t<div class=\"elementor-element elementor-element-136f73ea e-con-full e-flex e-con e-child\" data-id=\"136f73ea\" data-element_type=\"container\" data-e-type=\"container\" data-settings=\"{&quot;background_background&quot;:&quot;classic&quot;}\">\n\t\t<div class=\"elementor-element elementor-element-705d5421 e-con-full title-container e-flex e-con e-child\" data-id=\"705d5421\" data-element_type=\"container\" data-e-type=\"container\">\n\t\t\t\t<div class=\"elementor-element elementor-element-2435bbef elementor-widget elementor-widget-heading\" data-id=\"2435bbef\" data-element_type=\"widget\" data-e-type=\"widget\" data-widget_type=\"heading.default\">\n\t\t\t\t<div class=\"elementor-widget-container\">\n\t\t\t\t\t<h2 class=\"elementor-heading-title elementor-size-default\">AMSbiopharma<\/h2>\t\t\t\t<\/div>\n\t\t\t\t<\/div>\n\t\t\t\t<\/div>\n\t\t<div class=\"elementor-element elementor-element-4298207a e-con-full e-flex e-con e-child\" data-id=\"4298207a\" data-element_type=\"container\" data-e-type=\"container\">\n\t\t\t\t<div class=\"elementor-element elementor-element-3b2b74b2 elementor-widget elementor-widget-text-editor\" data-id=\"3b2b74b2\" data-element_type=\"widget\" data-e-type=\"widget\" data-widget_type=\"text-editor.default\">\n\t\t\t\t<div class=\"elementor-widget-container\">\n\t\t\t\t\t\t\t\t\t<p data-start=\"0\" data-end=\"66\">La calidad es la base sobre la que se construyen todos nuestros servicios. Nuestro compromiso va m\u00e1s all\u00e1 del cumplimiento normativo: trabajamos cada d\u00eda para garantizar la fiabilidad de nuestros resultados, la satisfacci\u00f3n de nuestros clientes y el respeto por el medio ambiente.<\/p>\n\t\t\t\t\t\t\t\t<\/div>\n\t\t\t\t<\/div>\n\t\t\t\t<\/div>\n\t\t\t\t<\/div>\n\t\t<div class=\"elementor-element elementor-element-7563367a e-con-full e-flex e-con e-child\" data-id=\"7563367a\" data-element_type=\"container\" data-e-type=\"container\" data-settings=\"{&quot;background_background&quot;:&quot;video&quot;}\">\n\t\t<div class=\"elementor-element elementor-element-55f554b0 e-con-full e-flex e-con e-child\" data-id=\"55f554b0\" data-element_type=\"container\" data-e-type=\"container\" data-settings=\"{&quot;background_background&quot;:&quot;video&quot;,&quot;background_video_link&quot;:&quot;https:\\\/\\\/amsbiopharma.com\\\/wp-content\\\/uploads\\\/2024\\\/10\\\/Secuencia-01.mp4&quot;,&quot;background_play_on_mobile&quot;:&quot;yes&quot;}\">\n\t\t<div class=\"elementor-background-video-container\">\n\t\t\t\t\t\t\t<video class=\"elementor-background-video-hosted\" role=\"presentation\" autoplay muted playsinline loop><\/video>\n\t\t\t\t\t<\/div>\t\t<\/div>\n\t\t\t\t<\/div>\n\t\t\t\t\t<\/div>\n\t\t\t\t<\/div>\n\t\t<div class=\"elementor-element elementor-element-95d0795 e-flex e-con-boxed e-con e-parent\" data-id=\"95d0795\" data-element_type=\"container\" data-e-type=\"container\">\n\t\t\t\t\t<div class=\"e-con-inner\">\n\t\t\t\t<div class=\"elementor-element elementor-element-d3dc76a elementor-widget-divider--view-line elementor-widget elementor-widget-divider\" data-id=\"d3dc76a\" data-element_type=\"widget\" data-e-type=\"widget\" data-widget_type=\"divider.default\">\n\t\t\t\t<div class=\"elementor-widget-container\">\n\t\t\t\t\t\t\t<div class=\"elementor-divider\">\n\t\t\t<span class=\"elementor-divider-separator\">\n\t\t\t\t\t\t<\/span>\n\t\t<\/div>\n\t\t\t\t\t\t<\/div>\n\t\t\t\t<\/div>\n\t\t\t\t<div class=\"elementor-element elementor-element-76652f1 elementor-widget elementor-widget-heading\" data-id=\"76652f1\" data-element_type=\"widget\" data-e-type=\"widget\" data-widget_type=\"heading.default\">\n\t\t\t\t<div class=\"elementor-widget-container\">\n\t\t\t\t\t<h2 class=\"elementor-heading-title elementor-size-default\">Nuestros certificados<\/h2>\t\t\t\t<\/div>\n\t\t\t\t<\/div>\n\t\t\t\t\t<\/div>\n\t\t\t\t<\/div>\n\t\t<div class=\"elementor-element elementor-element-2c5275f e-grid e-con-boxed e-con e-parent\" data-id=\"2c5275f\" data-element_type=\"container\" data-e-type=\"container\">\n\t\t\t\t\t<div class=\"e-con-inner\">\n\t\t\t\t<div class=\"elementor-element elementor-element-08a05d6 elementor-widget elementor-widget-image\" data-id=\"08a05d6\" data-element_type=\"widget\" data-e-type=\"widget\" data-widget_type=\"image.default\">\n\t\t\t\t<div class=\"elementor-widget-container\">\n\t\t\t\t\t\t\t\t\t\t\t\t\t\t\t\t<a href=\"https:\/\/amsbiopharma.com\/wp-content\/uploads\/CertificadoER-0549-2025_ES_2025-11-06.pdf\">\n\t\t\t\t\t\t\t<img fetchpriority=\"high\" decoding=\"async\" width=\"300\" height=\"254\" src=\"https:\/\/amsbiopharma.com\/wp-content\/uploads\/Sello-AENOR-ISO-9001_POS-300x254.jpg\" class=\"attachment-medium size-medium wp-image-5813\" alt=\"AENOR 9001\" srcset=\"https:\/\/amsbiopharma.com\/wp-content\/uploads\/Sello-AENOR-ISO-9001_POS-300x254.jpg 300w, https:\/\/amsbiopharma.com\/wp-content\/uploads\/Sello-AENOR-ISO-9001_POS-768x649.jpg 768w, https:\/\/amsbiopharma.com\/wp-content\/uploads\/Sello-AENOR-ISO-9001_POS.jpg 904w\" sizes=\"(max-width: 300px) 100vw, 300px\" \/>\t\t\t\t\t\t\t\t<\/a>\n\t\t\t\t\t\t\t\t\t\t\t\t\t\t\t<\/div>\n\t\t\t\t<\/div>\n\t\t\t\t<div class=\"elementor-element elementor-element-cf0b31d elementor-widget elementor-widget-image\" data-id=\"cf0b31d\" data-element_type=\"widget\" data-e-type=\"widget\" data-widget_type=\"image.default\">\n\t\t\t\t<div class=\"elementor-widget-container\">\n\t\t\t\t\t\t\t\t\t\t\t\t\t\t\t\t<a href=\"https:\/\/amsbiopharma.com\/wp-content\/uploads\/CertificadoGA-2025-0279_ES_2025-11-06.pdf\">\n\t\t\t\t\t\t\t<img decoding=\"async\" width=\"300\" height=\"254\" src=\"https:\/\/amsbiopharma.com\/wp-content\/uploads\/Sello-AENOR-gestion_ambiental_ISO-14001_POS-300x254.jpg\" class=\"attachment-medium size-medium wp-image-5815\" alt=\"AENOR 14001\" srcset=\"https:\/\/amsbiopharma.com\/wp-content\/uploads\/Sello-AENOR-gestion_ambiental_ISO-14001_POS-300x254.jpg 300w, https:\/\/amsbiopharma.com\/wp-content\/uploads\/Sello-AENOR-gestion_ambiental_ISO-14001_POS-768x649.jpg 768w, https:\/\/amsbiopharma.com\/wp-content\/uploads\/Sello-AENOR-gestion_ambiental_ISO-14001_POS.jpg 904w\" sizes=\"(max-width: 300px) 100vw, 300px\" \/>\t\t\t\t\t\t\t\t<\/a>\n\t\t\t\t\t\t\t\t\t\t\t\t\t\t\t<\/div>\n\t\t\t\t<\/div>\n\t\t\t\t\t<\/div>\n\t\t\t\t<\/div>\n\t\t<div class=\"elementor-element elementor-element-d868e95 e-flex e-con-boxed e-con e-parent\" data-id=\"d868e95\" data-element_type=\"container\" data-e-type=\"container\">\n\t\t\t\t\t<div class=\"e-con-inner\">\n\t\t<div class=\"elementor-element elementor-element-c35e635 e-con-full e-flex e-con e-child\" data-id=\"c35e635\" data-element_type=\"container\" data-e-type=\"container\">\n\t\t\t\t<div class=\"elementor-element elementor-element-af2c1c6 elementor-widget elementor-widget-text-editor\" data-id=\"af2c1c6\" data-element_type=\"widget\" data-e-type=\"widget\" data-widget_type=\"text-editor.default\">\n\t\t\t\t<div class=\"elementor-widget-container\">\n\t\t\t\t\t\t\t\t\t<p><b>Sistema de Gesti\u00f3n de la Calidad certificado por AENOR<br \/>\n<\/b>El compromiso con la calidad de los servicios impuls\u00f3 a AMSbiopharma a implementar y mantener un Sistema de Gesti\u00f3n de la Calidad conforme a la norma UNE-EN ISO 9001:2015 para las siguientes actividades:<br \/>Investigaci\u00f3n, dise\u00f1o, desarrollo y\/o validaci\u00f3n de nuevas t\u00e9cnicas de an\u00e1lisis para la industria farmac\u00e9utica y biotecnol\u00f3gica. Realizaci\u00f3n de ensayos qu\u00edmicos en rutina para la industria farmac\u00e9utica y biotecnol\u00f3gica.<br \/><a href=\"https:\/\/amsbiopharma.com\/wp-content\/uploads\/IQNetES-0549-2025_2025-11-06.pdf\"><strong>IQNET certificate<\/strong><\/a><\/p>\n\t\t\t\t\t\t\t\t<\/div>\n\t\t\t\t<\/div>\n\t\t\t\t<\/div>\n\t\t<div class=\"elementor-element elementor-element-b878258 e-con-full e-flex e-con e-child\" data-id=\"b878258\" data-element_type=\"container\" data-e-type=\"container\">\n\t\t\t\t<div class=\"elementor-element elementor-element-244d1c9 elementor-widget elementor-widget-text-editor\" data-id=\"244d1c9\" data-element_type=\"widget\" data-e-type=\"widget\" data-widget_type=\"text-editor.default\">\n\t\t\t\t<div class=\"elementor-widget-container\">\n\t\t\t\t\t\t\t\t\t<p><strong>Sistema de Gesti\u00f3n Ambiental certificado por AENOR<br \/>\n<\/strong>Compromiso con la protecci\u00f3n y conservaci\u00f3n del medio ambiente para implementar y mantener un Sistema de Gesti\u00f3n Ambiental conforme a la norma UNE-EN ISO 14001:2015 para las siguientes actividades:<br \/>Investigaci\u00f3n, dise\u00f1o, desarrollo y\/o validaci\u00f3n de nuevas t\u00e9cnicas de an\u00e1lisis para la industria farmac\u00e9utica y biotecnol\u00f3gica. Realizaci\u00f3n de ensayos qu\u00edmicos en rutina para la industria farmac\u00e9utica y biotecnol\u00f3gica.<br \/><a href=\"https:\/\/amsbiopharma.com\/wp-content\/uploads\/IQNetES-2025-0279_2025-11-06.pdf\"><strong>IQNET certificate<\/strong><\/a><\/p>\n\t\t\t\t\t\t\t\t<\/div>\n\t\t\t\t<\/div>\n\t\t\t\t<\/div>\n\t\t\t\t\t<\/div>\n\t\t\t\t<\/div>\n\t\t<div class=\"elementor-element elementor-element-fdeddbb e-flex e-con-boxed e-con e-parent\" data-id=\"fdeddbb\" data-element_type=\"container\" data-e-type=\"container\">\n\t\t\t\t\t<div class=\"e-con-inner\">\n\t\t\t\t<div class=\"elementor-element elementor-element-14f3003 elementor-widget-divider--view-line elementor-widget elementor-widget-divider\" data-id=\"14f3003\" data-element_type=\"widget\" data-e-type=\"widget\" data-widget_type=\"divider.default\">\n\t\t\t\t<div class=\"elementor-widget-container\">\n\t\t\t\t\t\t\t<div class=\"elementor-divider\">\n\t\t\t<span class=\"elementor-divider-separator\">\n\t\t\t\t\t\t<\/span>\n\t\t<\/div>\n\t\t\t\t\t\t<\/div>\n\t\t\t\t<\/div>\n\t\t\t\t<div class=\"elementor-element elementor-element-bd891f3 elementor-widget elementor-widget-heading\" data-id=\"bd891f3\" data-element_type=\"widget\" data-e-type=\"widget\" data-widget_type=\"heading.default\">\n\t\t\t\t<div class=\"elementor-widget-container\">\n\t\t\t\t\t<h2 class=\"elementor-heading-title elementor-size-default\">Pol\u00edtica de calidad<\/h2>\t\t\t\t<\/div>\n\t\t\t\t<\/div>\n\t\t\t\t\t<\/div>\n\t\t\t\t<\/div>\n\t\t<div class=\"elementor-element elementor-element-76251e7 e-flex e-con-boxed e-con e-parent\" data-id=\"76251e7\" data-element_type=\"container\" data-e-type=\"container\">\n\t\t\t\t\t<div class=\"e-con-inner\">\n\t\t\t\t<div class=\"elementor-element elementor-element-1f5d0d9 elementor-align-left elementor-widget elementor-widget-button\" data-id=\"1f5d0d9\" data-element_type=\"widget\" data-e-type=\"widget\" data-widget_type=\"button.default\">\n\t\t\t\t<div class=\"elementor-widget-container\">\n\t\t\t\t\t\t\t\t\t<div class=\"elementor-button-wrapper\">\n\t\t\t\t\t<a class=\"elementor-button elementor-button-link elementor-size-sm\" href=\"https:\/\/amsbiopharma.com\/es\/condiciones-generales-de-venta\/\">\n\t\t\t\t\t\t<span class=\"elementor-button-content-wrapper\">\n\t\t\t\t\t\t\t\t\t<span class=\"elementor-button-text\">T\u00e9rminos generales de venta<\/span>\n\t\t\t\t\t<\/span>\n\t\t\t\t\t<\/a>\n\t\t\t\t<\/div>\n\t\t\t\t\t\t\t\t<\/div>\n\t\t\t\t<\/div>\n\t\t\t\t<div class=\"elementor-element elementor-element-a728457 elementor-align-left elementor-widget elementor-widget-button\" data-id=\"a728457\" data-element_type=\"widget\" data-e-type=\"widget\" data-widget_type=\"button.default\">\n\t\t\t\t<div class=\"elementor-widget-container\">\n\t\t\t\t\t\t\t\t\t<div class=\"elementor-button-wrapper\">\n\t\t\t\t\t<a class=\"elementor-button elementor-button-link elementor-size-sm\" href=\"https:\/\/amsbiopharma.com\/wp-content\/uploads\/Desempeno_medioambiental_AMSBiopharma_2026.pdf\">\n\t\t\t\t\t\t<span class=\"elementor-button-content-wrapper\">\n\t\t\t\t\t\t\t\t\t<span class=\"elementor-button-text\">Desempe\u00f1o medioambiental<\/span>\n\t\t\t\t\t<\/span>\n\t\t\t\t\t<\/a>\n\t\t\t\t<\/div>\n\t\t\t\t\t\t\t\t<\/div>\n\t\t\t\t<\/div>\n\t\t\t\t<div class=\"elementor-element elementor-element-4942b24 elementor-align-left elementor-widget elementor-widget-button\" data-id=\"4942b24\" data-element_type=\"widget\" data-e-type=\"widget\" data-widget_type=\"button.default\">\n\t\t\t\t<div class=\"elementor-widget-container\">\n\t\t\t\t\t\t\t\t\t<div class=\"elementor-button-wrapper\">\n\t\t\t\t\t<a class=\"elementor-button elementor-button-link elementor-size-sm\" href=\"https:\/\/amsbiopharma.com\/wp-content\/uploads\/QA-MC-A04_001_EN.pdf\">\n\t\t\t\t\t\t<span class=\"elementor-button-content-wrapper\">\n\t\t\t\t\t\t\t\t\t<span class=\"elementor-button-text\">Pol\u00edtica de calidad y medioambiente<\/span>\n\t\t\t\t\t<\/span>\n\t\t\t\t\t<\/a>\n\t\t\t\t<\/div>\n\t\t\t\t\t\t\t\t<\/div>\n\t\t\t\t<\/div>\n\t\t\t\t<div class=\"elementor-element elementor-element-fc23929 elementor-align-left elementor-widget elementor-widget-button\" data-id=\"fc23929\" data-element_type=\"widget\" data-e-type=\"widget\" data-widget_type=\"button.default\">\n\t\t\t\t<div class=\"elementor-widget-container\">\n\t\t\t\t\t\t\t\t\t<div class=\"elementor-button-wrapper\">\n\t\t\t\t\t<a class=\"elementor-button elementor-button-link elementor-size-sm\" href=\"https:\/\/amsbiopharma.com\/wp-content\/uploads\/AMSbiopharma_Requisitos_2.pdf\">\n\t\t\t\t\t\t<span class=\"elementor-button-content-wrapper\">\n\t\t\t\t\t\t\t\t\t<span class=\"elementor-button-text\">Requisitos ambientales para subcontratistas y proveedores<\/span>\n\t\t\t\t\t<\/span>\n\t\t\t\t\t<\/a>\n\t\t\t\t<\/div>\n\t\t\t\t\t\t\t\t<\/div>\n\t\t\t\t<\/div>\n\t\t\t\t\t<\/div>\n\t\t\t\t<\/div>\n\t\t<div class=\"elementor-element elementor-element-d5c6d08 e-con-full e-flex e-con e-parent\" data-id=\"d5c6d08\" data-element_type=\"container\" data-e-type=\"container\" data-settings=\"{&quot;background_background&quot;:&quot;classic&quot;}\">\n\t\t\t\t<div class=\"elementor-element elementor-element-e31a055 elementor-widget-divider--view-line elementor-widget elementor-widget-divider\" data-id=\"e31a055\" data-element_type=\"widget\" data-e-type=\"widget\" data-widget_type=\"divider.default\">\n\t\t\t\t<div class=\"elementor-widget-container\">\n\t\t\t\t\t\t\t<div class=\"elementor-divider\">\n\t\t\t<span class=\"elementor-divider-separator\">\n\t\t\t\t\t\t<\/span>\n\t\t<\/div>\n\t\t\t\t\t\t<\/div>\n\t\t\t\t<\/div>\n\t\t\t\t<div class=\"elementor-element elementor-element-ffc81e2 elementor-widget elementor-widget-heading\" data-id=\"ffc81e2\" data-element_type=\"widget\" data-e-type=\"widget\" data-widget_type=\"heading.default\">\n\t\t\t\t<div class=\"elementor-widget-container\">\n\t\t\t\t\t<h2 class=\"elementor-heading-title elementor-size-default\">Reconocimientos<\/h2>\t\t\t\t<\/div>\n\t\t\t\t<\/div>\n\t\t\t\t<\/div>\n\t\t<div class=\"elementor-element elementor-element-06e35f0 e-flex e-con-boxed e-con e-parent\" data-id=\"06e35f0\" data-element_type=\"container\" data-e-type=\"container\">\n\t\t\t\t\t<div class=\"e-con-inner\">\n\t\t<div class=\"elementor-element elementor-element-832bf4c e-con-full e-flex e-con e-child\" data-id=\"832bf4c\" data-element_type=\"container\" data-e-type=\"container\">\n\t\t\t\t<div class=\"elementor-element elementor-element-bd972e7 elementor-widget elementor-widget-image\" data-id=\"bd972e7\" data-element_type=\"widget\" data-e-type=\"widget\" data-widget_type=\"image.default\">\n\t\t\t\t<div class=\"elementor-widget-container\">\n\t\t\t\t\t\t\t\t\t\t\t\t\t\t\t<img decoding=\"async\" width=\"231\" height=\"300\" src=\"https:\/\/amsbiopharma.com\/wp-content\/uploads\/pyme-231x300.png\" class=\"attachment-medium size-medium wp-image-3615\" alt=\"\" srcset=\"https:\/\/amsbiopharma.com\/wp-content\/uploads\/pyme-231x300.png 231w, https:\/\/amsbiopharma.com\/wp-content\/uploads\/pyme.png 243w\" sizes=\"(max-width: 231px) 100vw, 231px\" \/>\t\t\t\t\t\t\t\t\t\t\t\t\t\t\t<\/div>\n\t\t\t\t<\/div>\n\t\t\t\t<\/div>\n\t\t<div class=\"elementor-element elementor-element-a24f3d3 e-con-full e-flex e-con e-child\" data-id=\"a24f3d3\" data-element_type=\"container\" data-e-type=\"container\">\n\t\t\t\t<div class=\"elementor-element elementor-element-f522e7d elementor-widget elementor-widget-image\" data-id=\"f522e7d\" data-element_type=\"widget\" data-e-type=\"widget\" data-widget_type=\"image.default\">\n\t\t\t\t<div class=\"elementor-widget-container\">\n\t\t\t\t\t\t\t\t\t\t\t\t\t\t\t<img loading=\"lazy\" decoding=\"async\" width=\"300\" height=\"70\" src=\"https:\/\/amsbiopharma.com\/wp-content\/uploads\/Logo-Empresa-Responsabilizate_JPG-300x70.jpg\" class=\"attachment-medium size-medium wp-image-4609\" alt=\"\" srcset=\"https:\/\/amsbiopharma.com\/wp-content\/uploads\/Logo-Empresa-Responsabilizate_JPG-300x70.jpg 300w, https:\/\/amsbiopharma.com\/wp-content\/uploads\/Logo-Empresa-Responsabilizate_JPG-1024x239.jpg 1024w, https:\/\/amsbiopharma.com\/wp-content\/uploads\/Logo-Empresa-Responsabilizate_JPG-768x179.jpg 768w, https:\/\/amsbiopharma.com\/wp-content\/uploads\/Logo-Empresa-Responsabilizate_JPG.jpg 1300w\" sizes=\"(max-width: 300px) 100vw, 300px\" \/>\t\t\t\t\t\t\t\t\t\t\t\t\t\t\t<\/div>\n\t\t\t\t<\/div>\n\t\t\t\t<\/div>\n\t\t\t\t\t<\/div>\n\t\t\t\t<\/div>\n\t\t<div class=\"elementor-element elementor-element-bcae1c1 e-flex e-con-boxed e-con e-parent\" data-id=\"bcae1c1\" data-element_type=\"container\" data-e-type=\"container\">\n\t\t\t\t\t<div class=\"e-con-inner\">\n\t\t\t\t<div class=\"elementor-element elementor-element-387f3c0 elementor-widget-divider--view-line elementor-widget elementor-widget-divider\" data-id=\"387f3c0\" data-element_type=\"widget\" data-e-type=\"widget\" data-widget_type=\"divider.default\">\n\t\t\t\t<div class=\"elementor-widget-container\">\n\t\t\t\t\t\t\t<div class=\"elementor-divider\">\n\t\t\t<span class=\"elementor-divider-separator\">\n\t\t\t\t\t\t<\/span>\n\t\t<\/div>\n\t\t\t\t\t\t<\/div>\n\t\t\t\t<\/div>\n\t\t\t\t\t<\/div>\n\t\t\t\t<\/div>\n\t\t\t\t<\/div>\n\t\t","protected":false},"excerpt":{"rendered":"<div class=\"entry-summary\">\nAMSbiopharma La calidad es la base sobre la que se construyen todos nuestros servicios. Nuestro compromiso va m\u00e1s all\u00e1 del cumplimiento normativo: trabajamos cada d\u00eda para garantizar la fiabilidad de nuestros resultados, la satisfacci\u00f3n de nuestros clientes y el respeto&hellip;\n<\/div>\n<div class=\"link-more\"><a href=\"https:\/\/amsbiopharma.com\/es\/quality\/\" class=\"more-link\">Continue reading<span class=\"screen-reader-text\"> &ldquo;Calidad&rdquo;<\/span>&hellip;<\/a><\/div>\n","protected":false},"author":1,"featured_media":4763,"parent":0,"menu_order":0,"comment_status":"closed","ping_status":"closed","template":"elementor_header_footer","meta":{"footnotes":""},"class_list":["post-5853","page","type-page","status-publish","has-post-thumbnail","hentry","entry"],"_links":{"self":[{"href":"https:\/\/amsbiopharma.com\/es\/wp-json\/wp\/v2\/pages\/5853","targetHints":{"allow":["GET"]}}],"collection":[{"href":"https:\/\/amsbiopharma.com\/es\/wp-json\/wp\/v2\/pages"}],"about":[{"href":"https:\/\/amsbiopharma.com\/es\/wp-json\/wp\/v2\/types\/page"}],"author":[{"embeddable":true,"href":"https:\/\/amsbiopharma.com\/es\/wp-json\/wp\/v2\/users\/1"}],"replies":[{"embeddable":true,"href":"https:\/\/amsbiopharma.com\/es\/wp-json\/wp\/v2\/comments?post=5853"}],"version-history":[{"count":9,"href":"https:\/\/amsbiopharma.com\/es\/wp-json\/wp\/v2\/pages\/5853\/revisions"}],"predecessor-version":[{"id":6127,"href":"https:\/\/amsbiopharma.com\/es\/wp-json\/wp\/v2\/pages\/5853\/revisions\/6127"}],"wp:featuredmedia":[{"embeddable":true,"href":"https:\/\/amsbiopharma.com\/es\/wp-json\/wp\/v2\/media\/4763"}],"wp:attachment":[{"href":"https:\/\/amsbiopharma.com\/es\/wp-json\/wp\/v2\/media?parent=5853"}],"curies":[{"name":"wp","href":"https:\/\/api.w.org\/{rel}","templated":true}]}}