{"id":6031,"date":"2026-02-18T15:59:37","date_gmt":"2026-02-18T14:59:37","guid":{"rendered":"https:\/\/amsbiopharma.com\/?page_id=6031"},"modified":"2026-02-18T15:59:37","modified_gmt":"2026-02-18T14:59:37","slug":"politica-de-privacidad-email","status":"publish","type":"page","link":"https:\/\/amsbiopharma.com\/es\/politica-de-privacidad-email\/","title":{"rendered":"Pol\u00edtica de privacidad email"},"content":{"rendered":"\t\t<div data-elementor-type=\"wp-page\" data-elementor-id=\"6031\" class=\"elementor elementor-6031\" data-elementor-post-type=\"page\">\n\t\t\t\t<div class=\"elementor-element elementor-element-a388a27 e-flex e-con-boxed e-con e-parent\" data-id=\"a388a27\" data-element_type=\"container\" data-e-type=\"container\" data-settings=\"{&quot;background_background&quot;:&quot;classic&quot;}\">\n\t\t\t\t\t<div class=\"e-con-inner\">\n\t\t<div class=\"elementor-element elementor-element-ee493f6 e-con-full e-flex e-con e-child\" data-id=\"ee493f6\" data-element_type=\"container\" data-e-type=\"container\">\n\t\t\t\t<div class=\"elementor-element elementor-element-4468791 elementor-widget elementor-widget-heading\" data-id=\"4468791\" data-element_type=\"widget\" data-e-type=\"widget\" data-widget_type=\"heading.default\">\n\t\t\t\t<div class=\"elementor-widget-container\">\n\t\t\t\t\t<h1 class=\"elementor-heading-title elementor-size-default\">Pol\u00edtica de Privacidad<\/h1>\t\t\t\t<\/div>\n\t\t\t\t<\/div>\n\t\t\t\t<div class=\"elementor-element elementor-element-d4afdc8 elementor-widget elementor-widget-text-editor\" data-id=\"d4afdc8\" data-element_type=\"widget\" data-e-type=\"widget\" data-widget_type=\"text-editor.default\">\n\t\t\t\t<div class=\"elementor-widget-container\">\n\t\t\t\t\t\t\t\t\t<p style=\"font-weight: 400;\">Los datos de car\u00e1cter personal&nbsp;de&nbsp;la presente comunicaci\u00f3n se incluyen en los tratamientos de datos personales realizados por AMS Biopharma Laboratory S.L.U..&nbsp;con la finalidad de llevar a cabo la gesti\u00f3n de servicios prestados, la gesti\u00f3n administrativa,&nbsp;as\u00ed como,&nbsp;la gesti\u00f3n&nbsp;de&nbsp;las&nbsp;comunicaciones&nbsp;de la entidad. AMS Biopharma Laboratory S.L.U. le informa que tiene implantadas las medidas de seguridad de \u00edndole t\u00e9cnica y organizativas necesarias para garantizar la confidencialidad, integridad, disponibilidad y resiliencia de sus datos de car\u00e1cter personal y evitar su alteraci\u00f3n, p\u00e9rdida y tratamiento y\/o acceso no autorizado, habida cuenta del estado de la tecnolog\u00eda, la naturaleza de los datos almacenados y los riesgos a que est\u00e1n expuestos. Todo ello de conforme&nbsp;con lo previsto en el Art. 32&nbsp;RGPD&nbsp;y art\u00edculo 28&nbsp;LOPDGDD.&nbsp;Usted podr\u00e1 ejercer los derechos de acceso, rectificaci\u00f3n&nbsp;y dem\u00e1s derechos reconocidos&nbsp;en la normativa de protecci\u00f3n de datos,&nbsp;dirigi\u00e9ndose a AMS Biopharma Laboratory S.L.U.a&nbsp;la direcci\u00f3n R\u00faa do Vidro, 117D, parcelas 3-6. 27003, Lugo (Spain)&nbsp;o a trav\u00e9s del&nbsp;correo electr\u00f3nico&nbsp;<a href=\"mailto:info@cifga.com\" style=\"background-color: rgb(255, 255, 255);\">c<\/a>ontact@amsbiopharma.com.&nbsp; &nbsp; &nbsp;<\/p>\n<p style=\"font-weight: 400;\">\n<\/p><p><span style=\"font-weight: 400;\">Este mensaje, y en su caso, cualquier fichero anexo al mismo, puede contener informaci\u00f3n confidencial, siendo para uso exclusivo del destinatario, quedando prohibida su divulgaci\u00f3n copia o distribuci\u00f3n a terceros sin la autorizaci\u00f3n expresa del remitente. Si Ud. ha recibido este mensaje err\u00f3neamente, se ruega lo notifique a AMS Biopharma Laboratory S.L.U y proceda a su borrado.<\/span><\/p>\t\t\t\t\t\t\t\t<\/div>\n\t\t\t\t<\/div>\n\t\t\t\t<\/div>\n\t\t\t\t\t<\/div>\n\t\t\t\t<\/div>\n\t\t\t\t<\/div>\n\t\t","protected":false},"excerpt":{"rendered":"<div class=\"entry-summary\">\nPol\u00edtica de Privacidad Los datos de car\u00e1cter personal&nbsp;de&nbsp;la presente comunicaci\u00f3n se incluyen en los tratamientos de datos personales realizados por AMS Biopharma Laboratory S.L.U..&nbsp;con la finalidad de llevar a cabo la gesti\u00f3n de servicios prestados, la gesti\u00f3n administrativa,&nbsp;as\u00ed como,&nbsp;la gesti\u00f3n&nbsp;de&nbsp;las&nbsp;comunicaciones&nbsp;de&hellip;\n<\/div>\n<div class=\"link-more\"><a href=\"https:\/\/amsbiopharma.com\/es\/politica-de-privacidad-email\/\" class=\"more-link\">Continue reading<span class=\"screen-reader-text\"> &ldquo;Pol\u00edtica de privacidad email&rdquo;<\/span>&hellip;<\/a><\/div>\n","protected":false},"author":1,"featured_media":0,"parent":0,"menu_order":0,"comment_status":"closed","ping_status":"closed","template":"elementor_header_footer","meta":{"footnotes":""},"class_list":["post-6031","page","type-page","status-publish","hentry","entry"],"_links":{"self":[{"href":"https:\/\/amsbiopharma.com\/es\/wp-json\/wp\/v2\/pages\/6031","targetHints":{"allow":["GET"]}}],"collection":[{"href":"https:\/\/amsbiopharma.com\/es\/wp-json\/wp\/v2\/pages"}],"about":[{"href":"https:\/\/amsbiopharma.com\/es\/wp-json\/wp\/v2\/types\/page"}],"author":[{"embeddable":true,"href":"https:\/\/amsbiopharma.com\/es\/wp-json\/wp\/v2\/users\/1"}],"replies":[{"embeddable":true,"href":"https:\/\/amsbiopharma.com\/es\/wp-json\/wp\/v2\/comments?post=6031"}],"version-history":[{"count":4,"href":"https:\/\/amsbiopharma.com\/es\/wp-json\/wp\/v2\/pages\/6031\/revisions"}],"predecessor-version":[{"id":6035,"href":"https:\/\/amsbiopharma.com\/es\/wp-json\/wp\/v2\/pages\/6031\/revisions\/6035"}],"wp:attachment":[{"href":"https:\/\/amsbiopharma.com\/es\/wp-json\/wp\/v2\/media?parent=6031"}],"curies":[{"name":"wp","href":"https:\/\/api.w.org\/{rel}","templated":true}]}}